{"id":4605,"date":"2022-08-02T12:46:10","date_gmt":"2022-08-02T10:46:10","guid":{"rendered":"https:\/\/www.cphmc.com\/?post_type=product&#038;p=4605"},"modified":"2022-09-22T13:34:03","modified_gmt":"2022-09-22T11:34:03","slug":"easyup-pit-tent-4x8m","status":"publish","type":"product","link":"https:\/\/www.cphmc.com\/da\/mc-equipment\/transport-storage\/tents\/easyup-pit-tent-4x8m\/","title":{"rendered":"EasyUp pittelt \u2013 4x8m"},"content":{"rendered":"<p>EasyUp-telte er velegnede til begivenheder, l\u00f8b og trackdays og lavet til at t\u00e5le ekstreme forhold. Teltene er nemme at montere og pakke og er produceret for maksimal stabilitet og holdbarhed. Rammen er lavet af enten 40 mm eller 50 mm sekskantformet korrosionsbestandig 6063-t5 aluminium og b\u00f8rstet i henhold til DIN 17611 E2 standard. Teltene kan forsynes med tilpasset grafik p\u00e5 tag og sider. For tilpasset grafik, kontakt os p\u00e5 telefon p\u00e5 <a href=\"tel:+4581817181\">+45 81 81 71 81<\/a>.<\/p>\n<ul>\n<li>Hurtig ops\u00e6tning<\/li>\n<li>40 mm eller 50 mm sekskantramme<\/li>\n<li>6063-T5 aluminium<\/li>\n<li>600D polyester tag og sider (600 g\/m2)<\/li>\n<li>Vandt\u00e6t<\/li>\n<li>Brandsikker<\/li>\n<\/ul>\n<p>Leveres med sider og tag i f\u00f8lgende konfiguration:<\/p>\n<ul>\n<li>2 sider i fuld farve<\/li>\n<li>3 sider med dobbelte vinduer<\/li>\n<li>1 side med dobbelt lynl\u00e5s d\u00f8r\u00e5bning<\/li>\n<\/ul>","protected":false},"excerpt":{"rendered":"<p>EasyUp-telte er velegnede til begivenheder, l\u00f8b og trackdays og lavet til at t\u00e5le ekstreme forhold. Teltene er nemme at montere og pakke og er produceret for maksimal stabilitet og holdbarhed. Rammen er lavet af enten 40 mm eller 50 mm sekskantformet korrosionsbestandig 6063-t5 aluminium og b\u00f8rstet i henhold til DIN 17611 E2 standard. Leveres med sider af h\u00f8j kvalitet.<\/p>\n<ul>\n<li>40 mm eller 50 mm sekskantramme<\/li>\n<li>6063-T5 aluminium<\/li>\n<li>600D polyester tag og sider (600 g\/m2)<\/li>\n<li>Vandt\u00e6t<\/li>\n<li>Brandsikker<\/li>\n<\/ul>","protected":false},"featured_media":4554,"comment_status":"closed","ping_status":"closed","template":"","meta":{"_relevanssi_hide_post":"","_relevanssi_hide_content":"","_relevanssi_pin_for_all":"","_relevanssi_pin_keywords":"","_relevanssi_unpin_keywords":"","_relevanssi_related_keywords":"","_relevanssi_related_include_ids":"","_relevanssi_related_exclude_ids":"","_relevanssi_related_no_append":"","_relevanssi_related_not_related":"","_relevanssi_related_posts":"","_relevanssi_noindex_reason":""},"product_brand":[],"product_cat":[275,57,66],"product_tag":[],"woo-feed-brand":[],"class_list":{"0":"post-4605","1":"product","2":"type-product","3":"status-publish","4":"has-post-thumbnail","6":"product_cat-tents","7":"product_cat-mc-equipment","8":"product_cat-transport-storage","9":"product_shipping_class-heavy","11":"first","12":"instock","13":"taxable","14":"shipping-taxable","15":"purchasable","16":"product-type-variable"},"_links":{"self":[{"href":"https:\/\/www.cphmc.com\/da\/wp-json\/wp\/v2\/product\/4605","targetHints":{"allow":["GET"]}}],"collection":[{"href":"https:\/\/www.cphmc.com\/da\/wp-json\/wp\/v2\/product"}],"about":[{"href":"https:\/\/www.cphmc.com\/da\/wp-json\/wp\/v2\/types\/product"}],"replies":[{"embeddable":true,"href":"https:\/\/www.cphmc.com\/da\/wp-json\/wp\/v2\/comments?post=4605"}],"wp:featuredmedia":[{"embeddable":true,"href":"https:\/\/www.cphmc.com\/da\/wp-json\/wp\/v2\/media\/4554"}],"wp:attachment":[{"href":"https:\/\/www.cphmc.com\/da\/wp-json\/wp\/v2\/media?parent=4605"}],"wp:term":[{"taxonomy":"product_brand","embeddable":true,"href":"https:\/\/www.cphmc.com\/da\/wp-json\/wp\/v2\/product_brand?post=4605"},{"taxonomy":"product_cat","embeddable":true,"href":"https:\/\/www.cphmc.com\/da\/wp-json\/wp\/v2\/product_cat?post=4605"},{"taxonomy":"product_tag","embeddable":true,"href":"https:\/\/www.cphmc.com\/da\/wp-json\/wp\/v2\/product_tag?post=4605"},{"taxonomy":"woo-feed-brand","embeddable":true,"href":"https:\/\/www.cphmc.com\/da\/wp-json\/wp\/v2\/woo-feed-brand?post=4605"}],"curies":[{"name":"wp","href":"https:\/\/api.w.org\/{rel}","templated":true}]}}