{"id":4624,"date":"2022-08-02T13:10:55","date_gmt":"2022-08-02T11:10:55","guid":{"rendered":"https:\/\/www.cphmc.com\/?post_type=product&#038;p=4624"},"modified":"2022-08-02T18:08:53","modified_gmt":"2022-08-02T16:08:53","slug":"prooctane-quick-fill-utility-can-10l","status":"publish","type":"product","link":"https:\/\/www.cphmc.com\/da\/mc-equipment\/transport-storage\/cans-jerrycans\/prooctane-quick-fill-utility-can-10l\/","title":{"rendered":"ProOctane Quick Fill Utility D\u00e5se \u2013 10L"},"content":{"rendered":"","protected":false},"excerpt":{"rendered":"<p>Polisport ProOctane er meget mere end et almindeligt v\u00e6rkt\u00f8j kan.<\/p>\n<ul>\n<li>Meget holdbar og inkluderer en l\u00e6kagesikker h\u00e6tte<\/li>\n<li>Olie\/br\u00e6ndstofblandingsm\u00e5ler l\u00e5g<\/li>\n<li>Olieblander medf\u00f8lger<\/li>\n<li>P\u00e5fyldningsproces let og ubesv\u00e6ret<\/li>\n<li>Autostop-system, s\u00e5 du kan undg\u00e5 spild af br\u00e6ndstof<\/li>\n<\/ul>","protected":false},"featured_media":4625,"comment_status":"closed","ping_status":"closed","template":"","meta":{"_relevanssi_hide_post":"","_relevanssi_hide_content":"","_relevanssi_pin_for_all":"","_relevanssi_pin_keywords":"","_relevanssi_unpin_keywords":"","_relevanssi_related_keywords":"","_relevanssi_related_include_ids":"","_relevanssi_related_exclude_ids":"","_relevanssi_related_no_append":"","_relevanssi_related_not_related":"","_relevanssi_related_posts":"","_relevanssi_noindex_reason":""},"product_brand":[],"product_cat":[282,57],"product_tag":[],"woo-feed-brand":[],"class_list":{"0":"post-4624","1":"product","2":"type-product","3":"status-publish","4":"has-post-thumbnail","6":"product_cat-cans-jerrycans","7":"product_cat-mc-equipment","9":"first","10":"instock","11":"taxable","12":"shipping-taxable","13":"purchasable","14":"product-type-simple"},"_links":{"self":[{"href":"https:\/\/www.cphmc.com\/da\/wp-json\/wp\/v2\/product\/4624","targetHints":{"allow":["GET"]}}],"collection":[{"href":"https:\/\/www.cphmc.com\/da\/wp-json\/wp\/v2\/product"}],"about":[{"href":"https:\/\/www.cphmc.com\/da\/wp-json\/wp\/v2\/types\/product"}],"replies":[{"embeddable":true,"href":"https:\/\/www.cphmc.com\/da\/wp-json\/wp\/v2\/comments?post=4624"}],"wp:featuredmedia":[{"embeddable":true,"href":"https:\/\/www.cphmc.com\/da\/wp-json\/wp\/v2\/media\/4625"}],"wp:attachment":[{"href":"https:\/\/www.cphmc.com\/da\/wp-json\/wp\/v2\/media?parent=4624"}],"wp:term":[{"taxonomy":"product_brand","embeddable":true,"href":"https:\/\/www.cphmc.com\/da\/wp-json\/wp\/v2\/product_brand?post=4624"},{"taxonomy":"product_cat","embeddable":true,"href":"https:\/\/www.cphmc.com\/da\/wp-json\/wp\/v2\/product_cat?post=4624"},{"taxonomy":"product_tag","embeddable":true,"href":"https:\/\/www.cphmc.com\/da\/wp-json\/wp\/v2\/product_tag?post=4624"},{"taxonomy":"woo-feed-brand","embeddable":true,"href":"https:\/\/www.cphmc.com\/da\/wp-json\/wp\/v2\/woo-feed-brand?post=4624"}],"curies":[{"name":"wp","href":"https:\/\/api.w.org\/{rel}","templated":true}]}}