{"id":4629,"date":"2022-08-02T18:09:57","date_gmt":"2022-08-02T16:09:57","guid":{"rendered":"https:\/\/www.cphmc.com\/?post_type=product&#038;p=4629"},"modified":"2022-08-02T18:12:00","modified_gmt":"2022-08-02T16:12:00","slug":"prooctane-quick-fill-utility-can-20l","status":"publish","type":"product","link":"https:\/\/www.cphmc.com\/da\/mc-equipment\/transport-storage\/cans-jerrycans\/prooctane-quick-fill-utility-can-20l\/","title":{"rendered":"ProOctane Quick Fill Utility D\u00e5se \u2013 20L"},"content":{"rendered":"","protected":false},"excerpt":{"rendered":"<p>Polisport 20L ProOctane er meget mere end et almindeligt v\u00e6rkt\u00f8j kan.<\/p>\n<ul>\n<li>Meget holdbar og inkluderer en l\u00e6kagesikker h\u00e6tte<\/li>\n<li>Olie\/br\u00e6ndstofblandingsm\u00e5ler l\u00e5g<\/li>\n<li>Olieblander medf\u00f8lger<\/li>\n<li>P\u00e5fyldningsproces let og ubesv\u00e6ret<\/li>\n<li>Autostop-system, s\u00e5 du kan undg\u00e5 spild af br\u00e6ndstof<\/li>\n<\/ul>","protected":false},"featured_media":4625,"comment_status":"closed","ping_status":"closed","template":"","meta":{"_relevanssi_hide_post":"","_relevanssi_hide_content":"","_relevanssi_pin_for_all":"","_relevanssi_pin_keywords":"","_relevanssi_unpin_keywords":"","_relevanssi_related_keywords":"","_relevanssi_related_include_ids":"","_relevanssi_related_exclude_ids":"","_relevanssi_related_no_append":"","_relevanssi_related_not_related":"","_relevanssi_related_posts":"","_relevanssi_noindex_reason":""},"product_brand":[],"product_cat":[282,57,66],"product_tag":[],"woo-feed-brand":[],"class_list":{"0":"post-4629","1":"product","2":"type-product","3":"status-publish","4":"has-post-thumbnail","6":"product_cat-cans-jerrycans","7":"product_cat-mc-equipment","8":"product_cat-transport-storage","10":"first","11":"instock","12":"taxable","13":"shipping-taxable","14":"purchasable","15":"product-type-simple"},"_links":{"self":[{"href":"https:\/\/www.cphmc.com\/da\/wp-json\/wp\/v2\/product\/4629","targetHints":{"allow":["GET"]}}],"collection":[{"href":"https:\/\/www.cphmc.com\/da\/wp-json\/wp\/v2\/product"}],"about":[{"href":"https:\/\/www.cphmc.com\/da\/wp-json\/wp\/v2\/types\/product"}],"replies":[{"embeddable":true,"href":"https:\/\/www.cphmc.com\/da\/wp-json\/wp\/v2\/comments?post=4629"}],"wp:featuredmedia":[{"embeddable":true,"href":"https:\/\/www.cphmc.com\/da\/wp-json\/wp\/v2\/media\/4625"}],"wp:attachment":[{"href":"https:\/\/www.cphmc.com\/da\/wp-json\/wp\/v2\/media?parent=4629"}],"wp:term":[{"taxonomy":"product_brand","embeddable":true,"href":"https:\/\/www.cphmc.com\/da\/wp-json\/wp\/v2\/product_brand?post=4629"},{"taxonomy":"product_cat","embeddable":true,"href":"https:\/\/www.cphmc.com\/da\/wp-json\/wp\/v2\/product_cat?post=4629"},{"taxonomy":"product_tag","embeddable":true,"href":"https:\/\/www.cphmc.com\/da\/wp-json\/wp\/v2\/product_tag?post=4629"},{"taxonomy":"woo-feed-brand","embeddable":true,"href":"https:\/\/www.cphmc.com\/da\/wp-json\/wp\/v2\/woo-feed-brand?post=4629"}],"curies":[{"name":"wp","href":"https:\/\/api.w.org\/{rel}","templated":true}]}}