{"id":4630,"date":"2022-08-02T18:13:41","date_gmt":"2022-08-02T16:13:41","guid":{"rendered":"https:\/\/www.cphmc.com\/?post_type=product&#038;p=4630"},"modified":"2022-08-02T18:21:30","modified_gmt":"2022-08-02T16:21:30","slug":"racetech-quick-fill-fuel-can-15l-green","status":"publish","type":"product","link":"https:\/\/www.cphmc.com\/da\/mc-equipment\/transport-storage\/cans-jerrycans\/racetech-quick-fill-fuel-can-15l-green\/","title":{"rendered":"Racetech Quick Fill Br\u00e6ndstofdunk 15L \u2013 Gr\u00f8n"},"content":{"rendered":"<p>Br\u00e6ndstofbeholder med hurtig p\u00e5fyldning, kapacitet p\u00e5 15L lavet af HDPE-plast af h\u00f8j kvalitet. Det er ikke en b\u00e6rbar br\u00e6ndstofbeholder og er kun beregnet til racerbr\u00e6ndstof. M\u00e5 ikke bruges til Street Legal br\u00e6ndstof. Rtech-gasd\u00e5sen er kun beregnet til brug som en hurtig optankningsenhed til racerk\u00f8ret\u00f8jer, der bruges i off-road og lukkede konkurrenceracerbegivenheder.<\/p>\n<p>Tilbeh\u00f8r og reservedele til r\u00e5dighed; hurtigfyldningss\u00e6t, traditionelle p\u00e5fyldningsr\u00f8r, pakningss\u00e6t, hurtigfyldningsadapterh\u00e6tte og farvede deles\u00e6t<\/p>\n<ul>\n<li>Sidder t\u00e6t ind til tanken og lukker, n\u00e5r tanken er fuld.<\/li>\n<li>Fyld 10 liter p\u00e5 30 sekunder<\/li>\n<li>Leveres komplet med transporth\u00e6tte<\/li>\n<li>3\u2033 ekstra bred p\u00e5fyldningsd\u00e6ksel for nem og hurtig p\u00e5fyldning<\/li>\n<li>Ergonomisk og afbalanceret sideh\u00e5ndtag i matchende farve med transportsikkerhedsh\u00e6tte.<\/li>\n<li>Ergonomisk toph\u00e5ndtag og skridsikker bund<\/li>\n<li>Tankd\u00e6kseladapter til ikke-perimetrale rammer og indvendige udluftningsr\u00f8r inkluderet.<\/li>\n<li>Ingen dryp eller spild<\/li>\n<li>Designet til at blive transporteret sikkert ved at optimere pladsen, inds\u00e6ttelsen er specielt indsat i Rtech R15-stativet<\/li>\n<\/ul>","protected":false},"excerpt":{"rendered":"<p>Br\u00e6ndstofbeholder med hurtig p\u00e5fyldning, kapacitet p\u00e5 15L lavet af HDPE-plast af h\u00f8j kvalitet.<\/p>\n<ul>\n<li>Sidder t\u00e6t ind til tanken og lukker, n\u00e5r tanken er fuld.<\/li>\n<li>Fyld 10 liter p\u00e5 30 sekunder<\/li>\n<li>Leveres komplet med transporth\u00e6tte<\/li>\n<li>3\u2033 ekstra bred p\u00e5fyldningsd\u00e6ksel for nem og hurtig p\u00e5fyldning<\/li>\n<li>Ingen dryp eller spild<\/li>\n<\/ul>","protected":false},"featured_media":4632,"comment_status":"closed","ping_status":"closed","template":"","meta":{"_relevanssi_hide_post":"","_relevanssi_hide_content":"","_relevanssi_pin_for_all":"","_relevanssi_pin_keywords":"","_relevanssi_unpin_keywords":"","_relevanssi_related_keywords":"","_relevanssi_related_include_ids":"","_relevanssi_related_exclude_ids":"","_relevanssi_related_no_append":"","_relevanssi_related_not_related":"","_relevanssi_related_posts":"","_relevanssi_noindex_reason":""},"product_brand":[],"product_cat":[282,57,66],"product_tag":[],"woo-feed-brand":[],"class_list":{"0":"post-4630","1":"product","2":"type-product","3":"status-publish","4":"has-post-thumbnail","6":"product_cat-cans-jerrycans","7":"product_cat-mc-equipment","8":"product_cat-transport-storage","10":"first","11":"instock","12":"taxable","13":"shipping-taxable","14":"purchasable","15":"product-type-simple"},"_links":{"self":[{"href":"https:\/\/www.cphmc.com\/da\/wp-json\/wp\/v2\/product\/4630","targetHints":{"allow":["GET"]}}],"collection":[{"href":"https:\/\/www.cphmc.com\/da\/wp-json\/wp\/v2\/product"}],"about":[{"href":"https:\/\/www.cphmc.com\/da\/wp-json\/wp\/v2\/types\/product"}],"replies":[{"embeddable":true,"href":"https:\/\/www.cphmc.com\/da\/wp-json\/wp\/v2\/comments?post=4630"}],"wp:featuredmedia":[{"embeddable":true,"href":"https:\/\/www.cphmc.com\/da\/wp-json\/wp\/v2\/media\/4632"}],"wp:attachment":[{"href":"https:\/\/www.cphmc.com\/da\/wp-json\/wp\/v2\/media?parent=4630"}],"wp:term":[{"taxonomy":"product_brand","embeddable":true,"href":"https:\/\/www.cphmc.com\/da\/wp-json\/wp\/v2\/product_brand?post=4630"},{"taxonomy":"product_cat","embeddable":true,"href":"https:\/\/www.cphmc.com\/da\/wp-json\/wp\/v2\/product_cat?post=4630"},{"taxonomy":"product_tag","embeddable":true,"href":"https:\/\/www.cphmc.com\/da\/wp-json\/wp\/v2\/product_tag?post=4630"},{"taxonomy":"woo-feed-brand","embeddable":true,"href":"https:\/\/www.cphmc.com\/da\/wp-json\/wp\/v2\/woo-feed-brand?post=4630"}],"curies":[{"name":"wp","href":"https:\/\/api.w.org\/{rel}","templated":true}]}}