{"id":4656,"date":"2022-08-02T19:46:13","date_gmt":"2022-08-02T17:46:13","guid":{"rendered":"https:\/\/www.cphmc.com\/?post_type=product&#038;p=4656"},"modified":"2022-08-02T19:50:30","modified_gmt":"2022-08-02T17:50:30","slug":"tuff-jug-20l-fuel-can-w-ripper-cap-blue","status":"publish","type":"product","link":"https:\/\/www.cphmc.com\/da\/mc-equipment\/transport-storage\/cans-jerrycans\/tuff-jug-20l-fuel-can-w-ripper-cap-blue\/","title":{"rendered":"Tuffkande 20L Br\u00e6ndstofdunk m\/ Ripper Cap \u2013 Bl\u00e5"},"content":{"rendered":"","protected":false},"excerpt":{"rendered":"<p>Br\u00e6ndstofdunk med hurtigp\u00e5fyldningsl\u00e5g. Med Tuff Jug beh\u00f8ver du ingen tragt eller omfangsrige slanger!<\/p>\n<ul>\n<li>Ergonomisk: nem h\u00e5ndtering<\/li>\n<li>Hurtig p\u00e5fyldning: 10L p\u00e5 23 sekunder<\/li>\n<li>Autostopventil: ingen risiko for overl\u00f8b<\/li>\n<li>Gennemsigtig og gradueret: let at se br\u00e6ndstofniveauet<\/li>\n<li>Universal: motorcykel, ATV, vandscooter osv.<\/li>\n<\/ul>","protected":false},"featured_media":4657,"comment_status":"closed","ping_status":"closed","template":"","meta":{"_relevanssi_hide_post":"","_relevanssi_hide_content":"","_relevanssi_pin_for_all":"","_relevanssi_pin_keywords":"","_relevanssi_unpin_keywords":"","_relevanssi_related_keywords":"","_relevanssi_related_include_ids":"","_relevanssi_related_exclude_ids":"","_relevanssi_related_no_append":"","_relevanssi_related_not_related":"","_relevanssi_related_posts":"","_relevanssi_noindex_reason":""},"product_brand":[],"product_cat":[282,57,66],"product_tag":[],"woo-feed-brand":[],"class_list":{"0":"post-4656","1":"product","2":"type-product","3":"status-publish","4":"has-post-thumbnail","6":"product_cat-cans-jerrycans","7":"product_cat-mc-equipment","8":"product_cat-transport-storage","10":"first","11":"instock","12":"taxable","13":"shipping-taxable","14":"purchasable","15":"product-type-simple"},"_links":{"self":[{"href":"https:\/\/www.cphmc.com\/da\/wp-json\/wp\/v2\/product\/4656","targetHints":{"allow":["GET"]}}],"collection":[{"href":"https:\/\/www.cphmc.com\/da\/wp-json\/wp\/v2\/product"}],"about":[{"href":"https:\/\/www.cphmc.com\/da\/wp-json\/wp\/v2\/types\/product"}],"replies":[{"embeddable":true,"href":"https:\/\/www.cphmc.com\/da\/wp-json\/wp\/v2\/comments?post=4656"}],"wp:featuredmedia":[{"embeddable":true,"href":"https:\/\/www.cphmc.com\/da\/wp-json\/wp\/v2\/media\/4657"}],"wp:attachment":[{"href":"https:\/\/www.cphmc.com\/da\/wp-json\/wp\/v2\/media?parent=4656"}],"wp:term":[{"taxonomy":"product_brand","embeddable":true,"href":"https:\/\/www.cphmc.com\/da\/wp-json\/wp\/v2\/product_brand?post=4656"},{"taxonomy":"product_cat","embeddable":true,"href":"https:\/\/www.cphmc.com\/da\/wp-json\/wp\/v2\/product_cat?post=4656"},{"taxonomy":"product_tag","embeddable":true,"href":"https:\/\/www.cphmc.com\/da\/wp-json\/wp\/v2\/product_tag?post=4656"},{"taxonomy":"woo-feed-brand","embeddable":true,"href":"https:\/\/www.cphmc.com\/da\/wp-json\/wp\/v2\/woo-feed-brand?post=4656"}],"curies":[{"name":"wp","href":"https:\/\/api.w.org\/{rel}","templated":true}]}}