{"id":4674,"date":"2022-08-02T22:47:06","date_gmt":"2022-08-02T20:47:06","guid":{"rendered":"https:\/\/www.cphmc.com\/?post_type=product&#038;p=4674"},"modified":"2022-08-02T22:47:07","modified_gmt":"2022-08-02T20:47:07","slug":"rok-stretch-adjustable-strap-black","status":"publish","type":"product","link":"https:\/\/www.cphmc.com\/da\/mc-equipment\/transport-storage\/straps-bands\/rok-stretch-adjustable-strap-black\/","title":{"rendered":"ROK Stretch Justerbar Strap \u2013 Sort"},"content":{"rendered":"","protected":false},"excerpt":{"rendered":"<p>De ROK justerbare str\u00e6kstropper er designet specielt til motorcykler, ATV&#039;er og snescootere. Disse flade cargo motorcykelremme f\u00e5s i to justerbare og skr\u00e6ddersyede modeller. Fastg\u00f8r hvad som helst til en motorcykel uden ridser med disse stropper - ingen kroge lastremme!<\/p>\n<ul>\n<li>Str\u00e6kbar og justerbar<\/li>\n<li>Dobbelt syet l\u00f8kke til at h\u00e6gte rundt om en pind eller en stang<\/li>\n<li>25 mm bred<\/li>\n<li>L\u00e6ngden kan justeres fra 45 til 150 cm<\/li>\n<\/ul>","protected":false},"featured_media":4675,"comment_status":"closed","ping_status":"closed","template":"","meta":{"_relevanssi_hide_post":"","_relevanssi_hide_content":"","_relevanssi_pin_for_all":"","_relevanssi_pin_keywords":"","_relevanssi_unpin_keywords":"","_relevanssi_related_keywords":"","_relevanssi_related_include_ids":"","_relevanssi_related_exclude_ids":"","_relevanssi_related_no_append":"","_relevanssi_related_not_related":"","_relevanssi_related_posts":"","_relevanssi_noindex_reason":""},"product_brand":[],"product_cat":[125,57,66],"product_tag":[],"woo-feed-brand":[],"class_list":{"0":"post-4674","1":"product","2":"type-product","3":"status-publish","4":"has-post-thumbnail","6":"product_cat-straps-bands","7":"product_cat-mc-equipment","8":"product_cat-transport-storage","10":"first","11":"instock","12":"taxable","13":"shipping-taxable","14":"purchasable","15":"product-type-simple"},"_links":{"self":[{"href":"https:\/\/www.cphmc.com\/da\/wp-json\/wp\/v2\/product\/4674","targetHints":{"allow":["GET"]}}],"collection":[{"href":"https:\/\/www.cphmc.com\/da\/wp-json\/wp\/v2\/product"}],"about":[{"href":"https:\/\/www.cphmc.com\/da\/wp-json\/wp\/v2\/types\/product"}],"replies":[{"embeddable":true,"href":"https:\/\/www.cphmc.com\/da\/wp-json\/wp\/v2\/comments?post=4674"}],"wp:featuredmedia":[{"embeddable":true,"href":"https:\/\/www.cphmc.com\/da\/wp-json\/wp\/v2\/media\/4675"}],"wp:attachment":[{"href":"https:\/\/www.cphmc.com\/da\/wp-json\/wp\/v2\/media?parent=4674"}],"wp:term":[{"taxonomy":"product_brand","embeddable":true,"href":"https:\/\/www.cphmc.com\/da\/wp-json\/wp\/v2\/product_brand?post=4674"},{"taxonomy":"product_cat","embeddable":true,"href":"https:\/\/www.cphmc.com\/da\/wp-json\/wp\/v2\/product_cat?post=4674"},{"taxonomy":"product_tag","embeddable":true,"href":"https:\/\/www.cphmc.com\/da\/wp-json\/wp\/v2\/product_tag?post=4674"},{"taxonomy":"woo-feed-brand","embeddable":true,"href":"https:\/\/www.cphmc.com\/da\/wp-json\/wp\/v2\/woo-feed-brand?post=4674"}],"curies":[{"name":"wp","href":"https:\/\/api.w.org\/{rel}","templated":true}]}}