{"id":4694,"date":"2022-08-02T23:39:18","date_gmt":"2022-08-02T21:39:18","guid":{"rendered":"https:\/\/www.cphmc.com\/?post_type=product&#038;p=4694"},"modified":"2022-08-02T23:41:50","modified_gmt":"2022-08-02T21:41:50","slug":"abac-mobile-compressor-15hp-8-bars","status":"publish","type":"product","link":"https:\/\/www.cphmc.com\/da\/mc-equipment\/tools\/workshop-tools\/abac-mobile-compressor-15hp-8-bars\/","title":{"rendered":"ABAC mobilkompressor \u2013 1,5HK \/ 8 barer"},"content":{"rendered":"<p>Serien L 1,5 HK er inkluderet i kategorien Professional light&amp;carry og skr\u00e6ddersyet til avancerede amat\u00f8rer. Funktioner som effektivitet og nem transport g\u00f8r det dog ogs\u00e5 til en velegnet mulighed for hobbister. Serien L 1,5 HP er perfekt til lejlighedsvis eller intermitterende brug og ideel til applikationer s\u00e5som oppustning, bl\u00e6sning, reng\u00f8ring, airbrush-h\u00e6ftning, simpel maling, s\u00f8mning og mange flere. Reduceret st\u00f8j er en s\u00e6rlig egenskab, is\u00e6r med hensyn til luftkompressorer, det er grunden til, at ABAC-kompressorer i omr\u00e5det L 1,5 HK, n\u00e5r de arbejder under fuld belastning, tilbyder b\u00e6redygtige decibelniveauer ved 68 db(A).<\/p>\n<ul>\n<li>l\/min: 160<\/li>\n<li>Olie: Oliefri<\/li>\n<li>Pumpe: O15<\/li>\n<li>HP: 1,5<\/li>\n<li>kW: 1,1<\/li>\n<li>rpm: 2450<\/li>\n<li>Volt: 230\/50\/1<\/li>\n<li>Bar: 8<\/li>\n<li>dB (A): 68<\/li>\n<li>LxBxH (mm): 314 x 200 x 347<\/li>\n<li>kg: 5<\/li>\n<\/ul>","protected":false},"excerpt":{"rendered":"<p>Serien L 1,5 HK er inkluderet i kategorien Professional light&amp;carry og skr\u00e6ddersyet til avancerede amat\u00f8rer. Funktioner som effektivitet og nem transport g\u00f8r det dog ogs\u00e5 til en velegnet mulighed for hobbister.<\/p>\n<ul>\n<li>l\/min: 160<\/li>\n<li>HP: 1,5<\/li>\n<li>Bar: 8<\/li>\n<li>LxBxH (mm): 314 x 200 x 347<\/li>\n<li>kg: 5<\/li>\n<\/ul>","protected":false},"featured_media":4695,"comment_status":"closed","ping_status":"closed","template":"","meta":{"_relevanssi_hide_post":"","_relevanssi_hide_content":"","_relevanssi_pin_for_all":"","_relevanssi_pin_keywords":"","_relevanssi_unpin_keywords":"","_relevanssi_related_keywords":"","_relevanssi_related_include_ids":"","_relevanssi_related_exclude_ids":"","_relevanssi_related_no_append":"","_relevanssi_related_not_related":"","_relevanssi_related_posts":"","_relevanssi_noindex_reason":""},"product_brand":[],"product_cat":[121,57,65],"product_tag":[],"woo-feed-brand":[],"class_list":{"0":"post-4694","1":"product","2":"type-product","3":"status-publish","4":"has-post-thumbnail","6":"product_cat-workshop-tools","7":"product_cat-mc-equipment","8":"product_cat-tools","10":"first","11":"instock","12":"taxable","13":"shipping-taxable","14":"purchasable","15":"product-type-simple"},"_links":{"self":[{"href":"https:\/\/www.cphmc.com\/da\/wp-json\/wp\/v2\/product\/4694","targetHints":{"allow":["GET"]}}],"collection":[{"href":"https:\/\/www.cphmc.com\/da\/wp-json\/wp\/v2\/product"}],"about":[{"href":"https:\/\/www.cphmc.com\/da\/wp-json\/wp\/v2\/types\/product"}],"replies":[{"embeddable":true,"href":"https:\/\/www.cphmc.com\/da\/wp-json\/wp\/v2\/comments?post=4694"}],"wp:featuredmedia":[{"embeddable":true,"href":"https:\/\/www.cphmc.com\/da\/wp-json\/wp\/v2\/media\/4695"}],"wp:attachment":[{"href":"https:\/\/www.cphmc.com\/da\/wp-json\/wp\/v2\/media?parent=4694"}],"wp:term":[{"taxonomy":"product_brand","embeddable":true,"href":"https:\/\/www.cphmc.com\/da\/wp-json\/wp\/v2\/product_brand?post=4694"},{"taxonomy":"product_cat","embeddable":true,"href":"https:\/\/www.cphmc.com\/da\/wp-json\/wp\/v2\/product_cat?post=4694"},{"taxonomy":"product_tag","embeddable":true,"href":"https:\/\/www.cphmc.com\/da\/wp-json\/wp\/v2\/product_tag?post=4694"},{"taxonomy":"woo-feed-brand","embeddable":true,"href":"https:\/\/www.cphmc.com\/da\/wp-json\/wp\/v2\/woo-feed-brand?post=4694"}],"curies":[{"name":"wp","href":"https:\/\/api.w.org\/{rel}","templated":true}]}}