{"id":4698,"date":"2022-08-02T23:44:04","date_gmt":"2022-08-02T21:44:04","guid":{"rendered":"https:\/\/www.cphmc.com\/?post_type=product&#038;p=4698"},"modified":"2022-08-02T23:48:29","modified_gmt":"2022-08-02T21:48:29","slug":"abac-wall-mounted-air-compressor-8-bars","status":"publish","type":"product","link":"https:\/\/www.cphmc.com\/da\/mc-equipment\/tools\/workshop-tools\/abac-wall-mounted-air-compressor-8-bars\/","title":{"rendered":"ABAC v\u00e6gmonteret luftkompressor \u2013 8 bar"},"content":{"rendered":"<p>Skab mere tid til flere kunder med ABAC XPN luftkompressor med slangetromle. Dets effektive, ergonomiske design betyder forretning, og giver alt hvad du beh\u00f8ver for at udnytte dine ressourcer bedst muligt.<\/p>\n<ul>\n<li>Professionel kvalitet. ABAC XPN O15 luftkompressorens v\u00e6gmonterede krop indeholder en fuldt lukket tankl\u00f8s pumpe med 10 m tilbagetr\u00e6kkelig slangetromle.<\/li>\n<li>Unikt design. Kompakt og let, s\u00e5 selvom du er presset p\u00e5 plads, kan du stadig udnytte kraften fra 8 bar tryk.<\/li>\n<li>Tilslut og brug. Nem at installere og oliefri.<\/li>\n<li>Kan tilpasses. Find et s\u00e6t, der fungerer for dig med ABAC XPN-v\u00e6rkt\u00f8jss\u00e6t.<\/li>\n<\/ul>\n<p>Du kan l\u00e5se op for flere muligheder med ABACs multifunktionss\u00e6t. Oplev vores udvalg af add-on adaptere og pistoler, der er specielt designet til v\u00e6rkstedets krav, der h\u00e5ndterer alt fra d\u00e6kpumpe til dyb reng\u00f8ring.<\/p>","protected":false},"excerpt":{"rendered":"<p>Skab mere tid til flere kunder med ABAC XPN luftkompressor med slangetromle. Dets effektive, ergonomiske design betyder forretning, og giver alt hvad du beh\u00f8ver for at udnytte dine ressourcer bedst muligt.<\/p>\n<ul>\n<li>XPN O15 Lufttankl\u00f8s pumpe<\/li>\n<li>10 m udtr\u00e6kkelig slangetromle<\/li>\n<li>8 bar tryk<\/li>\n<li>Tilslut og brug<\/li>\n<li>Kan tilpasses med ABAC XPN-v\u00e6rkt\u00f8jss\u00e6t<\/li>\n<\/ul>","protected":false},"featured_media":4699,"comment_status":"closed","ping_status":"closed","template":"","meta":{"_relevanssi_hide_post":"","_relevanssi_hide_content":"","_relevanssi_pin_for_all":"","_relevanssi_pin_keywords":"","_relevanssi_unpin_keywords":"","_relevanssi_related_keywords":"","_relevanssi_related_include_ids":"","_relevanssi_related_exclude_ids":"","_relevanssi_related_no_append":"","_relevanssi_related_not_related":"","_relevanssi_related_posts":"","_relevanssi_noindex_reason":""},"product_brand":[],"product_cat":[121,57,65],"product_tag":[],"woo-feed-brand":[],"class_list":{"0":"post-4698","1":"product","2":"type-product","3":"status-publish","4":"has-post-thumbnail","6":"product_cat-workshop-tools","7":"product_cat-mc-equipment","8":"product_cat-tools","10":"first","11":"instock","12":"taxable","13":"shipping-taxable","14":"purchasable","15":"product-type-simple"},"_links":{"self":[{"href":"https:\/\/www.cphmc.com\/da\/wp-json\/wp\/v2\/product\/4698","targetHints":{"allow":["GET"]}}],"collection":[{"href":"https:\/\/www.cphmc.com\/da\/wp-json\/wp\/v2\/product"}],"about":[{"href":"https:\/\/www.cphmc.com\/da\/wp-json\/wp\/v2\/types\/product"}],"replies":[{"embeddable":true,"href":"https:\/\/www.cphmc.com\/da\/wp-json\/wp\/v2\/comments?post=4698"}],"wp:featuredmedia":[{"embeddable":true,"href":"https:\/\/www.cphmc.com\/da\/wp-json\/wp\/v2\/media\/4699"}],"wp:attachment":[{"href":"https:\/\/www.cphmc.com\/da\/wp-json\/wp\/v2\/media?parent=4698"}],"wp:term":[{"taxonomy":"product_brand","embeddable":true,"href":"https:\/\/www.cphmc.com\/da\/wp-json\/wp\/v2\/product_brand?post=4698"},{"taxonomy":"product_cat","embeddable":true,"href":"https:\/\/www.cphmc.com\/da\/wp-json\/wp\/v2\/product_cat?post=4698"},{"taxonomy":"product_tag","embeddable":true,"href":"https:\/\/www.cphmc.com\/da\/wp-json\/wp\/v2\/product_tag?post=4698"},{"taxonomy":"woo-feed-brand","embeddable":true,"href":"https:\/\/www.cphmc.com\/da\/wp-json\/wp\/v2\/woo-feed-brand?post=4698"}],"curies":[{"name":"wp","href":"https:\/\/api.w.org\/{rel}","templated":true}]}}