{"id":4701,"date":"2022-08-02T23:56:44","date_gmt":"2022-08-02T21:56:44","guid":{"rendered":"https:\/\/www.cphmc.com\/?post_type=product&#038;p=4701"},"modified":"2022-08-03T00:01:03","modified_gmt":"2022-08-02T22:01:03","slug":"abac-air-tools-premium-kit","status":"publish","type":"product","link":"https:\/\/www.cphmc.com\/da\/mc-equipment\/tools\/workshop-tools\/abac-air-tools-premium-kit\/","title":{"rendered":"ABAC Air Tools Premium Kit"},"content":{"rendered":"<p>Dette luftv\u00e6rkt\u00f8jss\u00e6t hj\u00e6lper dig med en bred vifte af l\u00f8sninger, der er skr\u00e6ddersyet til specifikke applikationer som oppustning, maling og h\u00e6ftning.<\/p>\n<p>S\u00e6ttet indeholder disse s\u00e6t<\/p>\n<p><strong>Pustes\u00e6t<\/strong><\/p>\n<ul>\n<li>Oppustningspistol \u2013 Indstiller metaloppumpningsmundstykke<\/li>\n<li>Adapter (pistol-dyse) \u2013 Indstiller plastikpumpemundstykke<\/li>\n<\/ul>\n<p><strong>Malers\u00e6t<\/strong><\/p>\n<ul>\n<li>Spr\u00f8jtepistol<\/li>\n<li>Manometer<\/li>\n<li>Et par handsker<\/li>\n<li>Papir maske<\/li>\n<\/ul>\n<p><strong>Cykels\u00e6t<\/strong><\/p>\n<ul>\n<li>Oppustning af pistol<\/li>\n<li>Vaskepistol<\/li>\n<li>Oppumpningsmundstykke<\/li>\n<\/ul>\n<p><strong>H\u00e6ftemaskine s\u00e6t<\/strong><\/p>\n<ul>\n<li>H\u00e6fte \/ s\u00f8mpistol<\/li>\n<li>Sikkerhedsbriller<\/li>\n<li>Sm\u00f8reolie<\/li>\n<li>H\u00e6fteklammer og s\u00f8m<\/li>\n<\/ul>","protected":false},"excerpt":{"rendered":"<p>Dette luftv\u00e6rkt\u00f8jss\u00e6t hj\u00e6lper dig med en bred vifte af l\u00f8sninger, der er skr\u00e6ddersyet til specifikke applikationer som oppustning, maling og h\u00e6ftning.<\/p>\n<p>S\u00e6ttet indeholder disse s\u00e6t<\/p>\n<ul>\n<li>Pustes\u00e6t<\/li>\n<li>Malers\u00e6t<\/li>\n<li>Cykels\u00e6t<\/li>\n<li>H\u00e6ftemaskine s\u00e6t<\/li>\n<\/ul>","protected":false},"featured_media":4702,"comment_status":"closed","ping_status":"closed","template":"","meta":{"_relevanssi_hide_post":"","_relevanssi_hide_content":"","_relevanssi_pin_for_all":"","_relevanssi_pin_keywords":"","_relevanssi_unpin_keywords":"","_relevanssi_related_keywords":"","_relevanssi_related_include_ids":"","_relevanssi_related_exclude_ids":"","_relevanssi_related_no_append":"","_relevanssi_related_not_related":"","_relevanssi_related_posts":"","_relevanssi_noindex_reason":""},"product_brand":[],"product_cat":[121,57,65],"product_tag":[],"woo-feed-brand":[],"class_list":{"0":"post-4701","1":"product","2":"type-product","3":"status-publish","4":"has-post-thumbnail","6":"product_cat-workshop-tools","7":"product_cat-mc-equipment","8":"product_cat-tools","10":"first","11":"instock","12":"taxable","13":"shipping-taxable","14":"purchasable","15":"product-type-simple"},"_links":{"self":[{"href":"https:\/\/www.cphmc.com\/da\/wp-json\/wp\/v2\/product\/4701","targetHints":{"allow":["GET"]}}],"collection":[{"href":"https:\/\/www.cphmc.com\/da\/wp-json\/wp\/v2\/product"}],"about":[{"href":"https:\/\/www.cphmc.com\/da\/wp-json\/wp\/v2\/types\/product"}],"replies":[{"embeddable":true,"href":"https:\/\/www.cphmc.com\/da\/wp-json\/wp\/v2\/comments?post=4701"}],"wp:featuredmedia":[{"embeddable":true,"href":"https:\/\/www.cphmc.com\/da\/wp-json\/wp\/v2\/media\/4702"}],"wp:attachment":[{"href":"https:\/\/www.cphmc.com\/da\/wp-json\/wp\/v2\/media?parent=4701"}],"wp:term":[{"taxonomy":"product_brand","embeddable":true,"href":"https:\/\/www.cphmc.com\/da\/wp-json\/wp\/v2\/product_brand?post=4701"},{"taxonomy":"product_cat","embeddable":true,"href":"https:\/\/www.cphmc.com\/da\/wp-json\/wp\/v2\/product_cat?post=4701"},{"taxonomy":"product_tag","embeddable":true,"href":"https:\/\/www.cphmc.com\/da\/wp-json\/wp\/v2\/product_tag?post=4701"},{"taxonomy":"woo-feed-brand","embeddable":true,"href":"https:\/\/www.cphmc.com\/da\/wp-json\/wp\/v2\/woo-feed-brand?post=4701"}],"curies":[{"name":"wp","href":"https:\/\/api.w.org\/{rel}","templated":true}]}}