{"id":4779,"date":"2022-08-03T20:50:08","date_gmt":"2022-08-03T18:50:08","guid":{"rendered":"https:\/\/www.cphmc.com\/?post_type=product&#038;p=4779"},"modified":"2023-06-14T13:09:58","modified_gmt":"2023-06-14T11:09:58","slug":"airflite-inky","status":"publish","type":"product","link":"https:\/\/www.cphmc.com\/da\/mc-clothing\/helmets\/full-face-helmets\/airflite-inky\/","title":{"rendered":"Airflite \u2013 Inky"},"content":{"rendered":"<ul>\n<li>Spr\u00f8jtest\u00f8bt polycarbonat skal for styrke<\/li>\n<li>Flere overdimensionerede indsugnings- og udst\u00f8dningsporte er strategisk placeret for at holde dig k\u00f8lig og komfortabel, inklusive fire indsugnings\u00e5bninger, MX-inspireret chinbar-ventil og to udst\u00f8dningsporte, der kanaliserer luft mellem komfortforet og den beskyttende, energiabsorberende EPS-skumforing<\/li>\n<li>Hurtigt skiftende, dugfri ydre Fliteshield\u2122 holder snavs v\u00e6k, mens det interne, udskiftelige DropShield\u2122 holder solen i skak med et tryk p\u00e5 en kontakt<\/li>\n<li>Aftagelig st\u00f8bt \u00e5ndedeflektor og hagegardin<\/li>\n<li>Fugttransporterende Hydradry\u2122 interi\u00f8r er fuldt aftageligt og vaskbart<\/li>\n<li>B\u00e5de vindmodstand og v\u00e6gt reduceres ved at forme den traditionelle halsudsk\u00e6ring p\u00e5 Airflite\u2122 for at undg\u00e5 forstyrrelser fra jakke eller jakkes\u00e6t<\/li>\n<li class=\"\">Dark Smoke Fliteshield\u2122 s\u00e6lges separat<\/li>\n<li class=\"\">Inkluderer RST Blue Dropshield\u2122<\/li>\n<\/ul>","protected":false},"excerpt":{"rendered":"<ul>\n<li>Spr\u00f8jtest\u00f8bt skal af polycarbonat<\/li>\n<li>Overdimensionerede indsugnings- og udst\u00f8dningsporte<\/li>\n<li>Hurtig skift, dugfri ydre Fliteshield<\/li>\n<li>Fugttransporterende Hydradry\u2122 interi\u00f8r<\/li>\n<li class=\"\">Inkluderer RST Blue Dropshield\u2122<\/li>\n<\/ul>","protected":false},"featured_media":4787,"comment_status":"closed","ping_status":"closed","template":"","meta":{"_relevanssi_hide_post":"","_relevanssi_hide_content":"","_relevanssi_pin_for_all":"","_relevanssi_pin_keywords":"","_relevanssi_unpin_keywords":"","_relevanssi_related_keywords":"","_relevanssi_related_include_ids":"","_relevanssi_related_exclude_ids":"","_relevanssi_related_no_append":"","_relevanssi_related_not_related":"","_relevanssi_related_posts":"","_relevanssi_noindex_reason":""},"product_brand":[],"product_cat":[81,50,56,15],"product_tag":[],"woo-feed-brand":[],"class_list":{"0":"post-4779","1":"product","2":"type-product","3":"status-publish","4":"has-post-thumbnail","6":"product_cat-full-face-helmets","7":"product_cat-helmets","8":"product_cat-mc-clothing","9":"product_cat-news","11":"first","12":"instock","13":"taxable","14":"shipping-taxable","15":"purchasable","16":"product-type-variable"},"_links":{"self":[{"href":"https:\/\/www.cphmc.com\/da\/wp-json\/wp\/v2\/product\/4779","targetHints":{"allow":["GET"]}}],"collection":[{"href":"https:\/\/www.cphmc.com\/da\/wp-json\/wp\/v2\/product"}],"about":[{"href":"https:\/\/www.cphmc.com\/da\/wp-json\/wp\/v2\/types\/product"}],"replies":[{"embeddable":true,"href":"https:\/\/www.cphmc.com\/da\/wp-json\/wp\/v2\/comments?post=4779"}],"wp:featuredmedia":[{"embeddable":true,"href":"https:\/\/www.cphmc.com\/da\/wp-json\/wp\/v2\/media\/4787"}],"wp:attachment":[{"href":"https:\/\/www.cphmc.com\/da\/wp-json\/wp\/v2\/media?parent=4779"}],"wp:term":[{"taxonomy":"product_brand","embeddable":true,"href":"https:\/\/www.cphmc.com\/da\/wp-json\/wp\/v2\/product_brand?post=4779"},{"taxonomy":"product_cat","embeddable":true,"href":"https:\/\/www.cphmc.com\/da\/wp-json\/wp\/v2\/product_cat?post=4779"},{"taxonomy":"product_tag","embeddable":true,"href":"https:\/\/www.cphmc.com\/da\/wp-json\/wp\/v2\/product_tag?post=4779"},{"taxonomy":"woo-feed-brand","embeddable":true,"href":"https:\/\/www.cphmc.com\/da\/wp-json\/wp\/v2\/woo-feed-brand?post=4779"}],"curies":[{"name":"wp","href":"https:\/\/api.w.org\/{rel}","templated":true}]}}