{"id":5029,"date":"2022-08-04T23:35:27","date_gmt":"2022-08-04T21:35:27","guid":{"rendered":"https:\/\/www.cphmc.com\/?post_type=product&#038;p=5029"},"modified":"2023-06-14T13:09:30","modified_gmt":"2023-06-14T11:09:30","slug":"bell-eliminator-carbon-matte-black","status":"publish","type":"product","link":"https:\/\/www.cphmc.com\/da\/mc-clothing\/helmets\/full-face-helmets\/bell-eliminator-carbon-matte-black\/","title":{"rendered":"BELL Eliminator Carbon \u2013 mat sort"},"content":{"rendered":"<p>Den nye Eliminator Carbon leverer modig, selvsikker gadepr\u00e6station. Tres \u00e5rs evolution er rullet ind i en afkl\u00e6dt hjelm uden BS, der kombinerer let v\u00e6gt, perfekt pasform og et legendarisk ry for beskyttelse. Det autoinspirerede design har en kulfiberskal og kan b\u00e6res med et ansigtssk\u00e6rm eller visir uden dug. Svid tr\u00e6kstriben. Udsk\u00e6r kl\u00f8fterne. Eje gaderne.<\/p>\n<p><strong>Funktioner<\/strong><\/p>\n<ul>\n<li>Carbon 6K komposit skal<\/li>\n<li>Velocity Flow Ventilation\u2122-system med FlowAdjust\u2122<\/li>\n<li>Multi Density EPS liner<\/li>\n<li>Virus\u00ae CoolJade\u2122 liner<\/li>\n<li>Fors\u00e6nkede EPS-h\u00f8jttalerlommer<\/li>\n<li>Kompatibel med briller<\/li>\n<li>ProVision\u2122 Anti-Fog Shield med klasse 1 optik<\/li>\n<li>Magnefusion\u2122 remholder<\/li>\n<li>Konturerede kindpuder<\/li>\n<li>Branchef\u00f8rende Fem \u00e5rs garanti<\/li>\n<li>Valgfrit visir tilg\u00e6ngeligt<\/li>\n<li>Ogs\u00e5 inkluderet: Bell Deluxe hjelmtaske<\/li>\n<li>Certificeringer: DOT, ECE<\/li>\n<\/ul>","protected":false},"excerpt":{"rendered":"<p>Den nye Eliminator Carbon leverer modig, selvsikker gadepr\u00e6station. Tres \u00e5rs evolution er rullet ind i en afkl\u00e6dt hjelm uden BS, der kombinerer let v\u00e6gt, perfekt pasform og et legendarisk ry for beskyttelse. Det autoinspirerede design har en kulfiberskal og kan b\u00e6res med et ansigtssk\u00e6rm eller visir uden dug. Svid tr\u00e6kstriben. Udsk\u00e6r kl\u00f8fterne. Eje gaderne.<\/p>\n<p><strong>Funktioner<\/strong><\/p>\n<ul>\n<li>Carbon 6K komposit skal<\/li>\n<li>Velocity Flow Ventilation\u2122-system med FlowAdjust\u2122<\/li>\n<li>Virus\u00ae CoolJade\u2122 liner<\/li>\n<li>Kompatibel med briller<\/li>\n<li>Konturerede kindpuder<\/li>\n<\/ul>","protected":false},"featured_media":5038,"comment_status":"closed","ping_status":"closed","template":"","meta":{"_relevanssi_hide_post":"","_relevanssi_hide_content":"","_relevanssi_pin_for_all":"","_relevanssi_pin_keywords":"","_relevanssi_unpin_keywords":"","_relevanssi_related_keywords":"","_relevanssi_related_include_ids":"","_relevanssi_related_exclude_ids":"","_relevanssi_related_no_append":"","_relevanssi_related_not_related":"","_relevanssi_related_posts":"","_relevanssi_noindex_reason":""},"product_brand":[],"product_cat":[81,50,15],"product_tag":[],"woo-feed-brand":[],"class_list":{"0":"post-5029","1":"product","2":"type-product","3":"status-publish","4":"has-post-thumbnail","6":"product_cat-full-face-helmets","7":"product_cat-helmets","8":"product_cat-news","10":"first","11":"instock","12":"taxable","13":"shipping-taxable","14":"purchasable","15":"product-type-variable"},"_links":{"self":[{"href":"https:\/\/www.cphmc.com\/da\/wp-json\/wp\/v2\/product\/5029","targetHints":{"allow":["GET"]}}],"collection":[{"href":"https:\/\/www.cphmc.com\/da\/wp-json\/wp\/v2\/product"}],"about":[{"href":"https:\/\/www.cphmc.com\/da\/wp-json\/wp\/v2\/types\/product"}],"replies":[{"embeddable":true,"href":"https:\/\/www.cphmc.com\/da\/wp-json\/wp\/v2\/comments?post=5029"}],"wp:featuredmedia":[{"embeddable":true,"href":"https:\/\/www.cphmc.com\/da\/wp-json\/wp\/v2\/media\/5038"}],"wp:attachment":[{"href":"https:\/\/www.cphmc.com\/da\/wp-json\/wp\/v2\/media?parent=5029"}],"wp:term":[{"taxonomy":"product_brand","embeddable":true,"href":"https:\/\/www.cphmc.com\/da\/wp-json\/wp\/v2\/product_brand?post=5029"},{"taxonomy":"product_cat","embeddable":true,"href":"https:\/\/www.cphmc.com\/da\/wp-json\/wp\/v2\/product_cat?post=5029"},{"taxonomy":"product_tag","embeddable":true,"href":"https:\/\/www.cphmc.com\/da\/wp-json\/wp\/v2\/product_tag?post=5029"},{"taxonomy":"woo-feed-brand","embeddable":true,"href":"https:\/\/www.cphmc.com\/da\/wp-json\/wp\/v2\/woo-feed-brand?post=5029"}],"curies":[{"name":"wp","href":"https:\/\/api.w.org\/{rel}","templated":true}]}}