{"id":5065,"date":"2022-08-04T23:48:34","date_gmt":"2022-08-04T21:48:34","guid":{"rendered":"https:\/\/www.cphmc.com\/?post_type=product&#038;p=5065"},"modified":"2023-06-14T13:08:54","modified_gmt":"2023-06-14T11:08:54","slug":"bell-pro-star-fim-ece-matte-black","status":"publish","type":"product","link":"https:\/\/www.cphmc.com\/da\/mc-clothing\/helmets\/full-face-helmets\/bell-pro-star-fim-ece-matte-black\/","title":{"rendered":"BELL Pro Star \u2013 FIM ECE mat sort"},"content":{"rendered":"<p>Den letteste, mest avancerede racerhjelm p\u00e5 markedet, sp\u00e6kket med banebrydende teknologi for at vinde den \u00f8verste plads p\u00e5 podiet.<\/p>\n<p>Siden introduktionen tilbage i 1967, har Bell Pro Star l\u00e6nge repr\u00e6senteret standarden inden for hovedbeskyttelse. \u00c6gtet som den f\u00f8rste helhjelm p\u00e5 markedet, inspirerede Pro Bell Star en industri til at forf\u00f8lge videnskaben om hovedbeskyttelse. Den bes\u00e6ttelse af hjelminnovation forts\u00e6tter i dag. Den nye Pro Bell Star er mere end en udvikling af sin forg\u00e6nger. Det er en fuldst\u00e6ndig nyt\u00e6nkning af, hvad en racerhjelm skal v\u00e6re, drevet af den moderne racers v\u00e6sentlige behov.<\/p>\n<p><strong>Funktioner<\/strong><\/p>\n<ul>\n<li>Hjelm med FIM-godkendelse<\/li>\n<li>Ny revideret st\u00f8rre Flex\u2122 Interior Liner<\/li>\n<li>Yderligere gennemtr\u00e6ngningslag<\/li>\n<li>Mere robust end de fleste ECE-hjelme, der ikke har gennemtr\u00e6ngningskravet<\/li>\n<li>TeXtreme\u00ae Carbon Shell<\/li>\n<li>Virus\u00ae CoolJade\u2122 Liner<\/li>\n<li>Panovision\u2122 Shield med klasse 1 optik<\/li>\n<li>Snap-in triple density kindpuder<\/li>\n<li>RaceView-orientering<\/li>\n<li>Magnefusion D-ring<\/li>\n<li>Certificering: FIM \u2013 DOT \u2013 ECE 22.05 \u2013 Snell M2015<\/li>\n<\/ul>","protected":false},"excerpt":{"rendered":"<p>Den letteste, mest avancerede racerhjelm p\u00e5 markedet, sp\u00e6kket med banebrydende teknologi for at vinde den \u00f8verste plads p\u00e5 podiet.<\/p>\n<ul>\n<li>Hjelm med FIM-godkendelse<\/li>\n<li>Ny revideret st\u00f8rre Flex\u2122 Interior Liner<\/li>\n<li>Yderligere gennemtr\u00e6ngningslag<\/li>\n<li>TeXtreme\u00ae Carbon Shell<\/li>\n<li>RaceView-orientering<\/li>\n<\/ul>","protected":false},"featured_media":5073,"comment_status":"closed","ping_status":"closed","template":"","meta":{"_relevanssi_hide_post":"","_relevanssi_hide_content":"","_relevanssi_pin_for_all":"","_relevanssi_pin_keywords":"","_relevanssi_unpin_keywords":"","_relevanssi_related_keywords":"","_relevanssi_related_include_ids":"","_relevanssi_related_exclude_ids":"","_relevanssi_related_no_append":"","_relevanssi_related_not_related":"","_relevanssi_related_posts":"","_relevanssi_noindex_reason":""},"product_brand":[],"product_cat":[81,50,15],"product_tag":[],"woo-feed-brand":[],"class_list":{"0":"post-5065","1":"product","2":"type-product","3":"status-publish","4":"has-post-thumbnail","6":"product_cat-full-face-helmets","7":"product_cat-helmets","8":"product_cat-news","10":"first","11":"instock","12":"taxable","13":"shipping-taxable","14":"purchasable","15":"product-type-variable"},"_links":{"self":[{"href":"https:\/\/www.cphmc.com\/da\/wp-json\/wp\/v2\/product\/5065","targetHints":{"allow":["GET"]}}],"collection":[{"href":"https:\/\/www.cphmc.com\/da\/wp-json\/wp\/v2\/product"}],"about":[{"href":"https:\/\/www.cphmc.com\/da\/wp-json\/wp\/v2\/types\/product"}],"replies":[{"embeddable":true,"href":"https:\/\/www.cphmc.com\/da\/wp-json\/wp\/v2\/comments?post=5065"}],"wp:featuredmedia":[{"embeddable":true,"href":"https:\/\/www.cphmc.com\/da\/wp-json\/wp\/v2\/media\/5073"}],"wp:attachment":[{"href":"https:\/\/www.cphmc.com\/da\/wp-json\/wp\/v2\/media?parent=5065"}],"wp:term":[{"taxonomy":"product_brand","embeddable":true,"href":"https:\/\/www.cphmc.com\/da\/wp-json\/wp\/v2\/product_brand?post=5065"},{"taxonomy":"product_cat","embeddable":true,"href":"https:\/\/www.cphmc.com\/da\/wp-json\/wp\/v2\/product_cat?post=5065"},{"taxonomy":"product_tag","embeddable":true,"href":"https:\/\/www.cphmc.com\/da\/wp-json\/wp\/v2\/product_tag?post=5065"},{"taxonomy":"woo-feed-brand","embeddable":true,"href":"https:\/\/www.cphmc.com\/da\/wp-json\/wp\/v2\/woo-feed-brand?post=5065"}],"curies":[{"name":"wp","href":"https:\/\/api.w.org\/{rel}","templated":true}]}}