{"id":5111,"date":"2022-08-05T00:06:13","date_gmt":"2022-08-04T22:06:13","guid":{"rendered":"https:\/\/www.cphmc.com\/?post_type=product&#038;p=5111"},"modified":"2023-06-14T13:08:50","modified_gmt":"2023-06-14T11:08:50","slug":"bell-qualifier-dlx-mips-hart-luck-live-matte-gold","status":"publish","type":"product","link":"https:\/\/www.cphmc.com\/da\/mc-clothing\/helmets\/full-face-helmets\/bell-qualifier-dlx-mips-hart-luck-live-matte-gold\/","title":{"rendered":"BELL Qualifier DLX MIPS \u2013 Hart Luck Live Matte Gold"},"content":{"rendered":"<p><strong>H\u00f8jtydende daglig driver<\/strong><br \/>\nSp\u00e6kket med funktioner hentet direkte fra vores flagskib Star-linje, Qualifier leverer enest\u00e5ende ydeevne til utrolig v\u00e6rdi. Ud over enest\u00e5ende pasform og komfort kommer den fuldt ud pyntet med aggressiv styling, NutraFog II anti-dug, anti-ridse ansigtssk\u00e6rm, Velocity Flow ventilation, en aftagelig, vaskbar liner, integrerede h\u00f8jttalerlommer og en polstret vindkrave.<\/p>\n<p>Funktioner :<\/p>\n<ul>\n<li>Letv\u00e6gts polycarbonat\/ABS-skalkonstruktion<\/li>\n<li>Velocity Flow Ventilation\u2122-system med FlowAdjust\u2122<\/li>\n<li>Multi Density EPS liner<\/li>\n<li>ClickRelease\u2122 Shield til hurtig, nem og v\u00e6rkt\u00f8jsfri udskiftning af skjold<\/li>\n<li>NutraFog II\u2122 anti-dug, anti-ridse og UV-beskyttet skjold<\/li>\n<li>Polstret vindkrave reducerer vind- og vejst\u00f8j drastisk<\/li>\n<li>Velocity Flow Ventilation\u2122-system med FlowAdjust\u2122<\/li>\n<li>Aftagelig\/vaskbar antibakteriel liner<\/li>\n<li>Integrerede h\u00f8jttalerlommer<\/li>\n<li>Konturerede kindpuder<\/li>\n<li>Branchef\u00f8rende Fem \u00e5rs garanti<\/li>\n<li>Certificering: DOT, ECE<\/li>\n<\/ul>","protected":false},"excerpt":{"rendered":"<p>Sp\u00e6kket med funktioner hentet direkte fra vores flagskib Star-linje, Qualifier leverer enest\u00e5ende ydeevne til utrolig v\u00e6rdi.<\/p>\n<ul>\n<li>Letv\u00e6gts polycarbonat\/ABS-skalkonstruktion<\/li>\n<li>Velocity Flow Ventilation\u2122-system med FlowAdjust\u2122<\/li>\n<li>NutraFog II\u2122 anti-dug, anti-ridse og UV-beskyttet skjold<\/li>\n<li>Polstret vindkrave reducerer vind- og vejst\u00f8j drastisk<\/li>\n<li>Velocity Flow Ventilation\u2122-system med FlowAdjust\u2122<\/li>\n<\/ul>","protected":false},"featured_media":5119,"comment_status":"closed","ping_status":"closed","template":"","meta":{"_relevanssi_hide_post":"","_relevanssi_hide_content":"","_relevanssi_pin_for_all":"","_relevanssi_pin_keywords":"","_relevanssi_unpin_keywords":"","_relevanssi_related_keywords":"","_relevanssi_related_include_ids":"","_relevanssi_related_exclude_ids":"","_relevanssi_related_no_append":"","_relevanssi_related_not_related":"","_relevanssi_related_posts":"","_relevanssi_noindex_reason":""},"product_brand":[],"product_cat":[81,50,15],"product_tag":[235],"woo-feed-brand":[],"class_list":{"0":"post-5111","1":"product","2":"type-product","3":"status-publish","4":"has-post-thumbnail","6":"product_cat-full-face-helmets","7":"product_cat-helmets","8":"product_cat-news","9":"product_tag-mips","11":"first","12":"instock","13":"taxable","14":"shipping-taxable","15":"purchasable","16":"product-type-variable"},"_links":{"self":[{"href":"https:\/\/www.cphmc.com\/da\/wp-json\/wp\/v2\/product\/5111","targetHints":{"allow":["GET"]}}],"collection":[{"href":"https:\/\/www.cphmc.com\/da\/wp-json\/wp\/v2\/product"}],"about":[{"href":"https:\/\/www.cphmc.com\/da\/wp-json\/wp\/v2\/types\/product"}],"replies":[{"embeddable":true,"href":"https:\/\/www.cphmc.com\/da\/wp-json\/wp\/v2\/comments?post=5111"}],"wp:featuredmedia":[{"embeddable":true,"href":"https:\/\/www.cphmc.com\/da\/wp-json\/wp\/v2\/media\/5119"}],"wp:attachment":[{"href":"https:\/\/www.cphmc.com\/da\/wp-json\/wp\/v2\/media?parent=5111"}],"wp:term":[{"taxonomy":"product_brand","embeddable":true,"href":"https:\/\/www.cphmc.com\/da\/wp-json\/wp\/v2\/product_brand?post=5111"},{"taxonomy":"product_cat","embeddable":true,"href":"https:\/\/www.cphmc.com\/da\/wp-json\/wp\/v2\/product_cat?post=5111"},{"taxonomy":"product_tag","embeddable":true,"href":"https:\/\/www.cphmc.com\/da\/wp-json\/wp\/v2\/product_tag?post=5111"},{"taxonomy":"woo-feed-brand","embeddable":true,"href":"https:\/\/www.cphmc.com\/da\/wp-json\/wp\/v2\/woo-feed-brand?post=5111"}],"curies":[{"name":"wp","href":"https:\/\/api.w.org\/{rel}","templated":true}]}}