{"id":5138,"date":"2022-08-05T00:16:34","date_gmt":"2022-08-04T22:16:34","guid":{"rendered":"https:\/\/www.cphmc.com\/?post_type=product&#038;p=5138"},"modified":"2023-06-14T13:08:48","modified_gmt":"2023-06-14T11:08:48","slug":"bell-race-star-dlx-flex-helmet-tantrum-2-white","status":"publish","type":"product","link":"https:\/\/www.cphmc.com\/da\/mc-clothing\/helmets\/full-face-helmets\/bell-race-star-dlx-flex-helmet-tantrum-2-white\/","title":{"rendered":"BELL Race Star DLX Flex-hjelm \u2013 Tantrum 2 Hvid"},"content":{"rendered":"<p>Designet til racerk\u00f8reren med et dagligt job \u2013 hvor enhver beslutning om l\u00f8bsweekend skal overvejes n\u00f8je i den lange uge \u2013 Race Star Flex DLX er det prim\u00e6re valg. I \u00e5r har vi rekonstrueret champen, barberet dens v\u00e6gt med 10% og opdateret hovedformen for yderligere komfort. Race Star Flex DLX har klasse 1-optik p\u00e5 Panovision-skjoldet, samt nye h\u00f8jttalerlommer og triple-density kindpuder med ekstra komfortfor. Fra en 3k kulfiberskal til vores propriet\u00e6re Flex liner til progressiv energistyring, denne hjelm er sp\u00e6kket med banebrydende teknologi til at levere f\u00f8rsteklasses ydeevne. \u00d8nsket om at vinde starter i hovedet.<\/p>\n<p><strong>Funktioner<\/strong><\/p>\n<ul>\n<li>3K Carbon Shell<\/li>\n<li>Velocity Flow Ventilation\u2122-system for maksimal k\u00f8ling<\/li>\n<li>Flex energistyring indvendig liner<\/li>\n<li>PINLOCK 100% Max Vision inkluderet<\/li>\n<li>Virus\u00ae CoolJade\u2122 antibakteriel liner<\/li>\n<li>Panovision\u2122 skjold med klasse 1 optik<\/li>\n<li>Magnefusion\u2122 magnetiske kindpuder<\/li>\n<li>Raceview profil<\/li>\n<li>Ogs\u00e5 inkluderet: Panovison Shield Pinlock\u00ae Dark Smoke V og Bell hjelmtaske<\/li>\n<li>Certificering: DOT \u2013 ECE 22.05 \u2013 Snell M2015<\/li>\n<\/ul>","protected":false},"excerpt":{"rendered":"<p>Designet til racerk\u00f8reren med et dagligt job \u2013 hvor enhver beslutning om l\u00f8bsweekend skal overvejes n\u00f8je i den lange uge \u2013 Race Star Flex DLX er det prim\u00e6re valg.<\/p>\n<ul>\n<li>3K Carbon Shell<\/li>\n<li>Velocity Flow Ventilation\u2122-system for maksimal k\u00f8ling<\/li>\n<li>Panovision\u2122 skjold med klasse 1 optik<\/li>\n<li>Raceview profil<\/li>\n<li>Inkluderet: Panovison Shield Pinlock\u00ae Dark Smoke V og Bell hjelmtaske<\/li>\n<\/ul>","protected":false},"featured_media":5149,"comment_status":"closed","ping_status":"closed","template":"","meta":{"_relevanssi_hide_post":"","_relevanssi_hide_content":"","_relevanssi_pin_for_all":"","_relevanssi_pin_keywords":"","_relevanssi_unpin_keywords":"","_relevanssi_related_keywords":"","_relevanssi_related_include_ids":"","_relevanssi_related_exclude_ids":"","_relevanssi_related_no_append":"","_relevanssi_related_not_related":"","_relevanssi_related_posts":"","_relevanssi_noindex_reason":""},"product_brand":[],"product_cat":[81,50,15],"product_tag":[],"woo-feed-brand":[],"class_list":{"0":"post-5138","1":"product","2":"type-product","3":"status-publish","4":"has-post-thumbnail","6":"product_cat-full-face-helmets","7":"product_cat-helmets","8":"product_cat-news","10":"first","11":"instock","12":"taxable","13":"shipping-taxable","14":"purchasable","15":"product-type-variable"},"_links":{"self":[{"href":"https:\/\/www.cphmc.com\/da\/wp-json\/wp\/v2\/product\/5138","targetHints":{"allow":["GET"]}}],"collection":[{"href":"https:\/\/www.cphmc.com\/da\/wp-json\/wp\/v2\/product"}],"about":[{"href":"https:\/\/www.cphmc.com\/da\/wp-json\/wp\/v2\/types\/product"}],"replies":[{"embeddable":true,"href":"https:\/\/www.cphmc.com\/da\/wp-json\/wp\/v2\/comments?post=5138"}],"wp:featuredmedia":[{"embeddable":true,"href":"https:\/\/www.cphmc.com\/da\/wp-json\/wp\/v2\/media\/5149"}],"wp:attachment":[{"href":"https:\/\/www.cphmc.com\/da\/wp-json\/wp\/v2\/media?parent=5138"}],"wp:term":[{"taxonomy":"product_brand","embeddable":true,"href":"https:\/\/www.cphmc.com\/da\/wp-json\/wp\/v2\/product_brand?post=5138"},{"taxonomy":"product_cat","embeddable":true,"href":"https:\/\/www.cphmc.com\/da\/wp-json\/wp\/v2\/product_cat?post=5138"},{"taxonomy":"product_tag","embeddable":true,"href":"https:\/\/www.cphmc.com\/da\/wp-json\/wp\/v2\/product_tag?post=5138"},{"taxonomy":"woo-feed-brand","embeddable":true,"href":"https:\/\/www.cphmc.com\/da\/wp-json\/wp\/v2\/woo-feed-brand?post=5138"}],"curies":[{"name":"wp","href":"https:\/\/api.w.org\/{rel}","templated":true}]}}