{"id":5320,"date":"2022-08-05T13:17:35","date_gmt":"2022-08-05T11:17:35","guid":{"rendered":"https:\/\/www.cphmc.com\/?post_type=product&#038;p=5320"},"modified":"2023-06-14T13:08:35","modified_gmt":"2023-06-14T11:08:35","slug":"bell-broozer-helmet-arc-matte","status":"publish","type":"product","link":"https:\/\/www.cphmc.com\/da\/mc-clothing\/helmets\/modular-helmets\/bell-broozer-helmet-arc-matte\/","title":{"rendered":"BELL Broozer-hjelm \u2013 Arc Matte"},"content":{"rendered":"<p>En brutal kombination af attitude, stil og funktionalitet g\u00f8r Broozer til en sand streetfighter. Dobbelt-certificeret til b\u00e5de fuld- og \u00e5ben k\u00f8rsel, den aftagelige hagestang og integrerede drop-down skjold betyder, at Broozer er klar til alt. Kombiner dette med den Bell-pasform, du elsker, og en slank kampv\u00e6gt p\u00e5 1350 gram, og du har dig selv en ringetone<\/p>\n<ul>\n<li>Letv\u00e6gts LG\u00ae PC\/ABS Shell<\/li>\n<li>Justerbare skyderventiler p\u00e5 \u00f8vre skal og hagestang<\/li>\n<li>Dual-Density EPS Liner<\/li>\n<li>Aftagelig hagestang for 2-i-1 alsidighed<\/li>\n<li>ECE-certificeret som P\/J (Full-Face og Open Face)<\/li>\n<li>Nutrafog II\u2122 Anti-dug, Anti-ridse og UV-beskyttet<\/li>\n<li>Integreret skjold<\/li>\n<li>3 Shell- og 3 EPS-st\u00f8rrelser for personlig pasform<\/li>\n<li>Kompatible briller aftagelige<\/li>\n<li>Vaskbar interi\u00f8r<\/li>\n<li>Polstret hagerem med mikrometrisk skraldesp\u00e6nde med hurtig udl\u00f8sning<\/li>\n<li>Ogs\u00e5 inkluderet: Extra Dark Smoke skjold<\/li>\n<\/ul>","protected":false},"excerpt":{"rendered":"<p>Dobbelt-certificeret til b\u00e5de fuld- og \u00e5ben k\u00f8rsel, den aftagelige hagestang og integrerede drop-down skjold betyder, at Broozer er klar til alt.<\/p>\n<ul>\n<li>Letv\u00e6gts LG\u00ae PC\/ABS Shell<\/li>\n<li>Aftagelig hagestang for 2-i-1 alsidighed<\/li>\n<li>ECE-certificeret som P\/J (Full-Face og Open Face)<\/li>\n<li>Nutrafog II\u2122 Anti-dug, Anti-ridse og UV-beskyttet<\/li>\n<li>Inkluderet: Extra Dark Smoke skjold<\/li>\n<\/ul>","protected":false},"featured_media":5332,"comment_status":"closed","ping_status":"closed","template":"","meta":{"_relevanssi_hide_post":"","_relevanssi_hide_content":"","_relevanssi_pin_for_all":"","_relevanssi_pin_keywords":"","_relevanssi_unpin_keywords":"","_relevanssi_related_keywords":"","_relevanssi_related_include_ids":"","_relevanssi_related_exclude_ids":"","_relevanssi_related_no_append":"","_relevanssi_related_not_related":"","_relevanssi_related_posts":"","_relevanssi_noindex_reason":""},"product_brand":[],"product_cat":[82,81,50,15,85],"product_tag":[],"woo-feed-brand":[],"class_list":{"0":"post-5320","1":"product","2":"type-product","3":"status-publish","4":"has-post-thumbnail","6":"product_cat-modular-helmets","7":"product_cat-full-face-helmets","8":"product_cat-helmets","9":"product_cat-news","10":"product_cat-open-helmets","12":"first","13":"instock","14":"taxable","15":"shipping-taxable","16":"purchasable","17":"product-type-variable"},"_links":{"self":[{"href":"https:\/\/www.cphmc.com\/da\/wp-json\/wp\/v2\/product\/5320","targetHints":{"allow":["GET"]}}],"collection":[{"href":"https:\/\/www.cphmc.com\/da\/wp-json\/wp\/v2\/product"}],"about":[{"href":"https:\/\/www.cphmc.com\/da\/wp-json\/wp\/v2\/types\/product"}],"replies":[{"embeddable":true,"href":"https:\/\/www.cphmc.com\/da\/wp-json\/wp\/v2\/comments?post=5320"}],"wp:featuredmedia":[{"embeddable":true,"href":"https:\/\/www.cphmc.com\/da\/wp-json\/wp\/v2\/media\/5332"}],"wp:attachment":[{"href":"https:\/\/www.cphmc.com\/da\/wp-json\/wp\/v2\/media?parent=5320"}],"wp:term":[{"taxonomy":"product_brand","embeddable":true,"href":"https:\/\/www.cphmc.com\/da\/wp-json\/wp\/v2\/product_brand?post=5320"},{"taxonomy":"product_cat","embeddable":true,"href":"https:\/\/www.cphmc.com\/da\/wp-json\/wp\/v2\/product_cat?post=5320"},{"taxonomy":"product_tag","embeddable":true,"href":"https:\/\/www.cphmc.com\/da\/wp-json\/wp\/v2\/product_tag?post=5320"},{"taxonomy":"woo-feed-brand","embeddable":true,"href":"https:\/\/www.cphmc.com\/da\/wp-json\/wp\/v2\/woo-feed-brand?post=5320"}],"curies":[{"name":"wp","href":"https:\/\/api.w.org\/{rel}","templated":true}]}}