{"id":5339,"date":"2022-08-05T13:24:29","date_gmt":"2022-08-05T11:24:29","guid":{"rendered":"https:\/\/www.cphmc.com\/?post_type=product&#038;p=5339"},"modified":"2023-06-14T13:08:34","modified_gmt":"2023-06-14T11:08:34","slug":"bell-srt-modular-helmet-gloss-white","status":"publish","type":"product","link":"https:\/\/www.cphmc.com\/da\/mc-clothing\/helmets\/modular-helmets\/bell-srt-modular-helmet-gloss-white\/","title":{"rendered":"BELL SRT modul\u00e6r hjelm \u2013 blank hvid"},"content":{"rendered":"<p>SRT-modulet kombinerer kvalitetskonstruktionen af SRT \u2013 glasfiberskal, fors\u00e6nkede EPS-h\u00f8jttalerlommer, en bred vifte af st\u00f8rrelsesmuligheder og klasse-1 Panovision-optik \u2013 og tilf\u00f8jer alsidigheden og bekvemmeligheden ved en modul\u00e6r hjelm. Al beskyttelsen af et kvalitetsfuldt ansigt, n\u00e5r du har brug for det, samt letheden og tilg\u00e6ngeligheden af et \u00e5bent ansigt, n\u00e5r du vil m\u00f8de verden direkte. SRT \u2013 s\u00e6tter Sporten tilbage i Sport Touring.<\/p>\n<p><strong>Funktioner<\/strong><\/p>\n<ul>\n<li>Letv\u00e6gts fiberglas komposit skalkonstruktion<\/li>\n<li>Velocity Flow Ventilation\u2122-system for maksimal k\u00f8ling<\/li>\n<li>Multi-density EPS Liner<\/li>\n<li>Pinlock 100% Max Vision inkluderet<\/li>\n<li>Modul\u00e6r hjelm i flip-up stil<\/li>\n<li>Aftageligt\/vaskbart antibakterielt interi\u00f8r<\/li>\n<li>Drop-down solafsk\u00e6rmning<\/li>\n<li>Panovision\u2122 skjold med klasse 1 optik<\/li>\n<li>Fors\u00e6nkede EPS-h\u00f8jttalerlommer<\/li>\n<li>Kompatibel med briller<\/li>\n<li>Branchef\u00f8rende fem \u00e5rs garanti<\/li>\n<li>Certificeringer: DOT, ECE<\/li>\n<\/ul>","protected":false},"excerpt":{"rendered":"<p>SRT-modulet kombinerer kvalitetskonstruktionen af SRT \u2013 glasfiberskal, fors\u00e6nkede EPS-h\u00f8jttalerlommer, en bred vifte af st\u00f8rrelsesmuligheder og klasse-1 Panovision-optik \u2013 og tilf\u00f8jer alsidigheden og bekvemmeligheden ved en modul\u00e6r hjelm.<\/p>\n<p><strong>Funktioner<\/strong><\/p>\n<ul>\n<li>Letv\u00e6gts fiberglas komposit skalkonstruktion<\/li>\n<li>Velocity Flow Ventilation\u2122-system for maksimal k\u00f8ling<\/li>\n<li>Modul\u00e6r hjelm i flip-up stil<\/li>\n<li>Drop-down solafsk\u00e6rmning<\/li>\n<\/ul>","protected":false},"featured_media":5347,"comment_status":"closed","ping_status":"closed","template":"","meta":{"_relevanssi_hide_post":"","_relevanssi_hide_content":"","_relevanssi_pin_for_all":"","_relevanssi_pin_keywords":"","_relevanssi_unpin_keywords":"","_relevanssi_related_keywords":"","_relevanssi_related_include_ids":"","_relevanssi_related_exclude_ids":"","_relevanssi_related_no_append":"","_relevanssi_related_not_related":"","_relevanssi_related_posts":"","_relevanssi_noindex_reason":""},"product_brand":[],"product_cat":[82,81,50,15,85],"product_tag":[],"woo-feed-brand":[],"class_list":{"0":"post-5339","1":"product","2":"type-product","3":"status-publish","4":"has-post-thumbnail","6":"product_cat-modular-helmets","7":"product_cat-full-face-helmets","8":"product_cat-helmets","9":"product_cat-news","10":"product_cat-open-helmets","12":"first","13":"instock","14":"taxable","15":"shipping-taxable","16":"purchasable","17":"product-type-variable"},"_links":{"self":[{"href":"https:\/\/www.cphmc.com\/da\/wp-json\/wp\/v2\/product\/5339","targetHints":{"allow":["GET"]}}],"collection":[{"href":"https:\/\/www.cphmc.com\/da\/wp-json\/wp\/v2\/product"}],"about":[{"href":"https:\/\/www.cphmc.com\/da\/wp-json\/wp\/v2\/types\/product"}],"replies":[{"embeddable":true,"href":"https:\/\/www.cphmc.com\/da\/wp-json\/wp\/v2\/comments?post=5339"}],"wp:featuredmedia":[{"embeddable":true,"href":"https:\/\/www.cphmc.com\/da\/wp-json\/wp\/v2\/media\/5347"}],"wp:attachment":[{"href":"https:\/\/www.cphmc.com\/da\/wp-json\/wp\/v2\/media?parent=5339"}],"wp:term":[{"taxonomy":"product_brand","embeddable":true,"href":"https:\/\/www.cphmc.com\/da\/wp-json\/wp\/v2\/product_brand?post=5339"},{"taxonomy":"product_cat","embeddable":true,"href":"https:\/\/www.cphmc.com\/da\/wp-json\/wp\/v2\/product_cat?post=5339"},{"taxonomy":"product_tag","embeddable":true,"href":"https:\/\/www.cphmc.com\/da\/wp-json\/wp\/v2\/product_tag?post=5339"},{"taxonomy":"woo-feed-brand","embeddable":true,"href":"https:\/\/www.cphmc.com\/da\/wp-json\/wp\/v2\/woo-feed-brand?post=5339"}],"curies":[{"name":"wp","href":"https:\/\/api.w.org\/{rel}","templated":true}]}}