{"id":5417,"date":"2022-08-05T14:09:38","date_gmt":"2022-08-05T12:09:38","guid":{"rendered":"https:\/\/www.cphmc.com\/?post_type=product&#038;p=5417"},"modified":"2023-06-14T13:08:28","modified_gmt":"2023-06-14T11:08:28","slug":"bell-mx-9-adventure-mips-dalton-orange","status":"publish","type":"product","link":"https:\/\/www.cphmc.com\/da\/mc-clothing\/helmets\/adventure-helmets\/bell-mx-9-adventure-mips-dalton-orange\/","title":{"rendered":"BELL MX-9 Adventure MIPS Dalton \u2013 Orange"},"content":{"rendered":"<p>Fra det r\u00e5este singletrack til urban blacktop, MX-9 Adventure bringer dig derhen med stil. Baseret p\u00e5 MX-9 har hjelmen en integreret ansigtssk\u00e6rm, som vippes op og giver plads nok til beskyttelsesbriller under ekstreme forhold, eller kan fjernes helt. Omvendt kan det justerbare visir fjernes for et stealth street look. MIPS-beskyttelse, Velocity Flow-ventilation og alle de andre funktioner g\u00f8r MX-9 Adventure til en meget tilpasningsdygtig hjelm.<\/p>\n<p><strong>Funktioner<\/strong><\/p>\n<ul>\n<li>Letv\u00e6gts polycarbonat\/ABS-skalkonstruktion<\/li>\n<li>3 skal- og EPS-st\u00f8rrelser for en personlig pasform<\/li>\n<li>Velocity Flow Ventilation\u2122-system for maksimal k\u00f8ling<\/li>\n<li>Fuldt justerbar Flying Bridge Visor\u2122 med luftindtag<\/li>\n<li>Integreret\/aftageligt skjold med NutraFog II\u2122 anti-dug, anti-ridse og UV-beskyttelse<\/li>\n<li>MIPS\u00ae\ufe0f Energistyringssystem<\/li>\n<li>Aftageligt\/vaskbart antibakterielt interi\u00f8r<\/li>\n<li>Polstret hagerem med D-ring lukning<\/li>\n<li>Branchef\u00f8rende fem \u00e5rs garanti<\/li>\n<li>Certificering: DOT \u2013 ECE<\/li>\n<\/ul>","protected":false},"excerpt":{"rendered":"<p>Fra det r\u00e5este singletrack til urban blacktop, MX-9 Adventure bringer dig derhen med stil.<\/p>\n<p><strong>Funktioner<\/strong><\/p>\n<ul>\n<li>Letv\u00e6gts polycarbonat\/ABS-skalkonstruktion<\/li>\n<li>Velocity Flow Ventilation\u2122-system for maksimal k\u00f8ling<\/li>\n<li>Fuldt justerbar Flying Bridge Visor\u2122 med luftindtag<\/li>\n<li>Integreret\/aftageligt skjold med NutraFog II\u2122 anti-dug, anti-ridse og UV-beskyttelse<\/li>\n<li>MIPS\u00ae\ufe0f Energistyringssystem<\/li>\n<\/ul>","protected":false},"featured_media":5426,"comment_status":"closed","ping_status":"closed","template":"","meta":{"_relevanssi_hide_post":"","_relevanssi_hide_content":"","_relevanssi_pin_for_all":"","_relevanssi_pin_keywords":"","_relevanssi_unpin_keywords":"","_relevanssi_related_keywords":"","_relevanssi_related_include_ids":"","_relevanssi_related_exclude_ids":"","_relevanssi_related_no_append":"","_relevanssi_related_not_related":"","_relevanssi_related_posts":"","_relevanssi_noindex_reason":""},"product_brand":[],"product_cat":[84,50,56],"product_tag":[235],"woo-feed-brand":[],"class_list":{"0":"post-5417","1":"product","2":"type-product","3":"status-publish","4":"has-post-thumbnail","6":"product_cat-adventure-helmets","7":"product_cat-helmets","8":"product_cat-mc-clothing","9":"product_tag-mips","11":"first","12":"instock","13":"taxable","14":"shipping-taxable","15":"purchasable","16":"product-type-variable"},"_links":{"self":[{"href":"https:\/\/www.cphmc.com\/da\/wp-json\/wp\/v2\/product\/5417","targetHints":{"allow":["GET"]}}],"collection":[{"href":"https:\/\/www.cphmc.com\/da\/wp-json\/wp\/v2\/product"}],"about":[{"href":"https:\/\/www.cphmc.com\/da\/wp-json\/wp\/v2\/types\/product"}],"replies":[{"embeddable":true,"href":"https:\/\/www.cphmc.com\/da\/wp-json\/wp\/v2\/comments?post=5417"}],"wp:featuredmedia":[{"embeddable":true,"href":"https:\/\/www.cphmc.com\/da\/wp-json\/wp\/v2\/media\/5426"}],"wp:attachment":[{"href":"https:\/\/www.cphmc.com\/da\/wp-json\/wp\/v2\/media?parent=5417"}],"wp:term":[{"taxonomy":"product_brand","embeddable":true,"href":"https:\/\/www.cphmc.com\/da\/wp-json\/wp\/v2\/product_brand?post=5417"},{"taxonomy":"product_cat","embeddable":true,"href":"https:\/\/www.cphmc.com\/da\/wp-json\/wp\/v2\/product_cat?post=5417"},{"taxonomy":"product_tag","embeddable":true,"href":"https:\/\/www.cphmc.com\/da\/wp-json\/wp\/v2\/product_tag?post=5417"},{"taxonomy":"woo-feed-brand","embeddable":true,"href":"https:\/\/www.cphmc.com\/da\/wp-json\/wp\/v2\/woo-feed-brand?post=5417"}],"curies":[{"name":"wp","href":"https:\/\/api.w.org\/{rel}","templated":true}]}}