{"id":5508,"date":"2022-08-12T10:06:45","date_gmt":"2022-08-12T08:06:45","guid":{"rendered":"https:\/\/www.cphmc.com\/?post_type=product&#038;p=5508"},"modified":"2022-08-12T10:16:16","modified_gmt":"2022-08-12T08:16:16","slug":"ride-tech-v2-summer-underwear-pants","status":"publish","type":"product","link":"https:\/\/www.cphmc.com\/da\/mc-clothing\/underwear\/ride-tech-v2-summer-underwear-pants\/","title":{"rendered":"Ride Tech v2 Sommerundert\u00f8jsbukser"},"content":{"rendered":"","protected":false},"excerpt":{"rendered":"<p>Designet til ridning i varmt vejr og for at forhindre opbygning af varme og sved, Alpinestars Ride Tech v2 Bottom Summer holder dig k\u00f8lig og komfortabel under dit jakkes\u00e6t og bukser med den ekstra fordel at hj\u00e6lpe en rytter med at komme i og ud af en dragt.<\/p>","protected":false},"featured_media":5518,"comment_status":"closed","ping_status":"closed","template":"","meta":{"_relevanssi_hide_post":"","_relevanssi_hide_content":"","_relevanssi_pin_for_all":"","_relevanssi_pin_keywords":"","_relevanssi_unpin_keywords":"","_relevanssi_related_keywords":"","_relevanssi_related_include_ids":"","_relevanssi_related_exclude_ids":"","_relevanssi_related_no_append":"","_relevanssi_related_not_related":"","_relevanssi_related_posts":"","_relevanssi_noindex_reason":""},"product_brand":[],"product_cat":[59,56],"product_tag":[],"woo-feed-brand":[],"class_list":{"0":"post-5508","1":"product","2":"type-product","3":"status-publish","4":"has-post-thumbnail","6":"product_cat-underwear","7":"product_cat-mc-clothing","9":"first","10":"instock","11":"taxable","12":"shipping-taxable","13":"purchasable","14":"product-type-variable"},"_links":{"self":[{"href":"https:\/\/www.cphmc.com\/da\/wp-json\/wp\/v2\/product\/5508","targetHints":{"allow":["GET"]}}],"collection":[{"href":"https:\/\/www.cphmc.com\/da\/wp-json\/wp\/v2\/product"}],"about":[{"href":"https:\/\/www.cphmc.com\/da\/wp-json\/wp\/v2\/types\/product"}],"replies":[{"embeddable":true,"href":"https:\/\/www.cphmc.com\/da\/wp-json\/wp\/v2\/comments?post=5508"}],"wp:featuredmedia":[{"embeddable":true,"href":"https:\/\/www.cphmc.com\/da\/wp-json\/wp\/v2\/media\/5518"}],"wp:attachment":[{"href":"https:\/\/www.cphmc.com\/da\/wp-json\/wp\/v2\/media?parent=5508"}],"wp:term":[{"taxonomy":"product_brand","embeddable":true,"href":"https:\/\/www.cphmc.com\/da\/wp-json\/wp\/v2\/product_brand?post=5508"},{"taxonomy":"product_cat","embeddable":true,"href":"https:\/\/www.cphmc.com\/da\/wp-json\/wp\/v2\/product_cat?post=5508"},{"taxonomy":"product_tag","embeddable":true,"href":"https:\/\/www.cphmc.com\/da\/wp-json\/wp\/v2\/product_tag?post=5508"},{"taxonomy":"woo-feed-brand","embeddable":true,"href":"https:\/\/www.cphmc.com\/da\/wp-json\/wp\/v2\/woo-feed-brand?post=5508"}],"curies":[{"name":"wp","href":"https:\/\/api.w.org\/{rel}","templated":true}]}}