{"id":5537,"date":"2022-08-12T10:39:20","date_gmt":"2022-08-12T08:39:20","guid":{"rendered":"https:\/\/www.cphmc.com\/?post_type=product&#038;p=5537"},"modified":"2022-08-12T10:41:37","modified_gmt":"2022-08-12T08:41:37","slug":"ride-tech-winter-long-sleeve-underwear","status":"publish","type":"product","link":"https:\/\/www.cphmc.com\/da\/mc-clothing\/underwear\/ride-tech-winter-long-sleeve-underwear\/","title":{"rendered":"Ride Tech Winter Lang\u00e6rmet Undert\u00f8j"},"content":{"rendered":"","protected":false},"excerpt":{"rendered":"<ul>\n<li>Udviklet til k\u00f8rsel i koldt vejr med dobbelt densitet stof, der d\u00e6kker de mest udsatte omr\u00e5der<\/li>\n<li>Komfortabelt fugttransporterende materiale for optimal termisk beskyttelse<\/li>\n<li>Fremstillet af polypropylen med elastan stof, der ikke smelter under slid<\/li>\n<li>R\u00f8rformet, s\u00f8ml\u00f8s konstruktion<\/li>\n<li>Kompressionspasning til muskelst\u00f8tte for at reducere tr\u00e6thed<\/li>\n<\/ul>","protected":false},"featured_media":5543,"comment_status":"closed","ping_status":"closed","template":"","meta":{"_relevanssi_hide_post":"","_relevanssi_hide_content":"","_relevanssi_pin_for_all":"","_relevanssi_pin_keywords":"","_relevanssi_unpin_keywords":"","_relevanssi_related_keywords":"","_relevanssi_related_include_ids":"","_relevanssi_related_exclude_ids":"","_relevanssi_related_no_append":"","_relevanssi_related_not_related":"","_relevanssi_related_posts":"","_relevanssi_noindex_reason":""},"product_brand":[],"product_cat":[59,56],"product_tag":[],"woo-feed-brand":[],"class_list":{"0":"post-5537","1":"product","2":"type-product","3":"status-publish","4":"has-post-thumbnail","6":"product_cat-underwear","7":"product_cat-mc-clothing","9":"first","10":"instock","11":"taxable","12":"shipping-taxable","13":"purchasable","14":"product-type-variable"},"_links":{"self":[{"href":"https:\/\/www.cphmc.com\/da\/wp-json\/wp\/v2\/product\/5537","targetHints":{"allow":["GET"]}}],"collection":[{"href":"https:\/\/www.cphmc.com\/da\/wp-json\/wp\/v2\/product"}],"about":[{"href":"https:\/\/www.cphmc.com\/da\/wp-json\/wp\/v2\/types\/product"}],"replies":[{"embeddable":true,"href":"https:\/\/www.cphmc.com\/da\/wp-json\/wp\/v2\/comments?post=5537"}],"wp:featuredmedia":[{"embeddable":true,"href":"https:\/\/www.cphmc.com\/da\/wp-json\/wp\/v2\/media\/5543"}],"wp:attachment":[{"href":"https:\/\/www.cphmc.com\/da\/wp-json\/wp\/v2\/media?parent=5537"}],"wp:term":[{"taxonomy":"product_brand","embeddable":true,"href":"https:\/\/www.cphmc.com\/da\/wp-json\/wp\/v2\/product_brand?post=5537"},{"taxonomy":"product_cat","embeddable":true,"href":"https:\/\/www.cphmc.com\/da\/wp-json\/wp\/v2\/product_cat?post=5537"},{"taxonomy":"product_tag","embeddable":true,"href":"https:\/\/www.cphmc.com\/da\/wp-json\/wp\/v2\/product_tag?post=5537"},{"taxonomy":"woo-feed-brand","embeddable":true,"href":"https:\/\/www.cphmc.com\/da\/wp-json\/wp\/v2\/woo-feed-brand?post=5537"}],"curies":[{"name":"wp","href":"https:\/\/api.w.org\/{rel}","templated":true}]}}