{"id":5545,"date":"2022-08-12T10:45:15","date_gmt":"2022-08-12T08:45:15","guid":{"rendered":"https:\/\/www.cphmc.com\/?post_type=product&#038;p=5545"},"modified":"2022-08-12T10:52:34","modified_gmt":"2022-08-12T08:52:34","slug":"rst-tour-tech-socks","status":"publish","type":"product","link":"https:\/\/www.cphmc.com\/da\/mc-clothing\/underwear\/rst-tour-tech-socks\/","title":{"rendered":"RST Tour Tech sokker"},"content":{"rendered":"<p>Leder du efter en st\u00f8ttende sportssok til touring? RST Tour Tech-sokken har fugttransporterende Coolmax-garn, der er designet til at holde dine f\u00f8dder komfortable og t\u00f8rre, mens du k\u00f8rer. Med ekstra polstring til akilles, skinneben og h\u00e6l samt en komfortpudepolstring til fodsengen, er dette det ideelle valg at parre med dine touring- eller adventure-st\u00f8vler.<\/p>\n<p><strong>Konstruktion<\/strong><\/p>\n<ul>\n<li>Materiale: 56% Bomuld \/ 30% Coolmax \/ 12% Nylon \/ Polyamid \/ 2% Lycra Elastan<\/li>\n<\/ul>\n<p><strong>Egenskaber og fordele<\/strong><\/p>\n<ul>\n<li>Coolmax garn til at transportere fugt v\u00e6k og holde f\u00f8dderne t\u00f8rre<\/li>\n<li>Nylon\/polyamid for holdbarhed<\/li>\n<li>Lycra elastan for en perfekt pasform<\/li>\n<li>Bomuld for bl\u00f8dhed<\/li>\n<li>Elastik komfort top<\/li>\n<li>Achilles beskyttelse<\/li>\n<li>Polstret skinnebensbeskyttelse<\/li>\n<li>Polstret h\u00e6lbeskyttelse<\/li>\n<li>Komfort pude polstret fodseng<\/li>\n<li>T\u00e5beskyttelse<\/li>\n<li>Kn\u00e6lange sokker perfekt til at b\u00e6re med motorcykelst\u00f8vler<\/li>\n<\/ul>","protected":false},"excerpt":{"rendered":"<p>Leder du efter en st\u00f8ttende sportssok til touring? RST Tour Tech-sokken har fugttransporterende Coolmax-garn, der er designet til at holde dine f\u00f8dder komfortable og t\u00f8rre, mens du rider, dette er det ideelle valg at parre med dine tur- eller eventyrst\u00f8vler.<\/p>\n<ul>\n<li>Coolmax garn til at transportere fugt v\u00e6k og holde f\u00f8dderne t\u00f8rre<\/li>\n<li>Nylon\/polyamid for holdbarhed<\/li>\n<li>Lycra elastan for en perfekt pasform<\/li>\n<li>Bomuld for bl\u00f8dhed<\/li>\n<li>Achilles beskyttelse<\/li>\n<\/ul>","protected":false},"featured_media":5554,"comment_status":"closed","ping_status":"closed","template":"","meta":{"_relevanssi_hide_post":"","_relevanssi_hide_content":"","_relevanssi_pin_for_all":"","_relevanssi_pin_keywords":"","_relevanssi_unpin_keywords":"","_relevanssi_related_keywords":"","_relevanssi_related_include_ids":"","_relevanssi_related_exclude_ids":"","_relevanssi_related_no_append":"","_relevanssi_related_not_related":"","_relevanssi_related_posts":"","_relevanssi_noindex_reason":""},"product_brand":[],"product_cat":[59,56],"product_tag":[],"woo-feed-brand":[],"class_list":{"0":"post-5545","1":"product","2":"type-product","3":"status-publish","4":"has-post-thumbnail","6":"product_cat-underwear","7":"product_cat-mc-clothing","9":"first","10":"instock","11":"taxable","12":"shipping-taxable","13":"purchasable","14":"product-type-variable"},"_links":{"self":[{"href":"https:\/\/www.cphmc.com\/da\/wp-json\/wp\/v2\/product\/5545","targetHints":{"allow":["GET"]}}],"collection":[{"href":"https:\/\/www.cphmc.com\/da\/wp-json\/wp\/v2\/product"}],"about":[{"href":"https:\/\/www.cphmc.com\/da\/wp-json\/wp\/v2\/types\/product"}],"replies":[{"embeddable":true,"href":"https:\/\/www.cphmc.com\/da\/wp-json\/wp\/v2\/comments?post=5545"}],"wp:featuredmedia":[{"embeddable":true,"href":"https:\/\/www.cphmc.com\/da\/wp-json\/wp\/v2\/media\/5554"}],"wp:attachment":[{"href":"https:\/\/www.cphmc.com\/da\/wp-json\/wp\/v2\/media?parent=5545"}],"wp:term":[{"taxonomy":"product_brand","embeddable":true,"href":"https:\/\/www.cphmc.com\/da\/wp-json\/wp\/v2\/product_brand?post=5545"},{"taxonomy":"product_cat","embeddable":true,"href":"https:\/\/www.cphmc.com\/da\/wp-json\/wp\/v2\/product_cat?post=5545"},{"taxonomy":"product_tag","embeddable":true,"href":"https:\/\/www.cphmc.com\/da\/wp-json\/wp\/v2\/product_tag?post=5545"},{"taxonomy":"woo-feed-brand","embeddable":true,"href":"https:\/\/www.cphmc.com\/da\/wp-json\/wp\/v2\/woo-feed-brand?post=5545"}],"curies":[{"name":"wp","href":"https:\/\/api.w.org\/{rel}","templated":true}]}}