{"id":5570,"date":"2022-08-12T11:02:52","date_gmt":"2022-08-12T09:02:52","guid":{"rendered":"https:\/\/www.cphmc.com\/?post_type=product&#038;p=5570"},"modified":"2023-05-16T19:34:10","modified_gmt":"2023-05-16T17:34:10","slug":"rst-t-shirt-tech-x-mc-coolmax","status":"publish","type":"product","link":"https:\/\/www.cphmc.com\/da\/mc-clothing\/underwear\/rst-t-shirt-tech-x-mc-coolmax\/","title":{"rendered":"RST T-Shirt Tech X MC Coolmax"},"content":{"rendered":"<p>Designet til komfort under de mest kr\u00e6vende forhold. Denne top bruger CP-U stof, som har enest\u00e5ende fugttransporterende egenskaber for at hj\u00e6lpe med at regulere kropstemperaturen.<\/p>\n<ul>\n<li>Det perfekte valg til undert\u00f8j til enhver aktivitet, der udfordrer kroppen<\/li>\n<li>Fremstillet af CP-U stof med fremragende fugttransporterende egenskaber<\/li>\n<li>Holder hudens temperatur reguleret<\/li>\n<\/ul>","protected":false},"excerpt":{"rendered":"<p>Designet til komfort under de mest kr\u00e6vende forhold. Denne top bruger CP-U stof, som har enest\u00e5ende fugttransporterende egenskaber for at hj\u00e6lpe med at regulere kropstemperaturen.<\/p>\n<ul>\n<li>Det perfekte valg til undert\u00f8j til enhver aktivitet, der udfordrer kroppen<\/li>\n<li>Fremstillet af CP-U stof med fremragende fugttransporterende egenskaber<\/li>\n<li>Holder hudens temperatur reguleret<\/li>\n<\/ul>","protected":false},"featured_media":5575,"comment_status":"closed","ping_status":"closed","template":"","meta":{"_relevanssi_hide_post":"","_relevanssi_hide_content":"","_relevanssi_pin_for_all":"","_relevanssi_pin_keywords":"","_relevanssi_unpin_keywords":"","_relevanssi_related_keywords":"","_relevanssi_related_include_ids":"","_relevanssi_related_exclude_ids":"","_relevanssi_related_no_append":"","_relevanssi_related_not_related":"","_relevanssi_related_posts":"","_relevanssi_noindex_reason":""},"product_brand":[],"product_cat":[59,56],"product_tag":[],"woo-feed-brand":[],"class_list":{"0":"post-5570","1":"product","2":"type-product","3":"status-publish","4":"has-post-thumbnail","6":"product_cat-underwear","7":"product_cat-mc-clothing","9":"first","10":"instock","11":"taxable","12":"shipping-taxable","13":"purchasable","14":"product-type-variable"},"_links":{"self":[{"href":"https:\/\/www.cphmc.com\/da\/wp-json\/wp\/v2\/product\/5570","targetHints":{"allow":["GET"]}}],"collection":[{"href":"https:\/\/www.cphmc.com\/da\/wp-json\/wp\/v2\/product"}],"about":[{"href":"https:\/\/www.cphmc.com\/da\/wp-json\/wp\/v2\/types\/product"}],"replies":[{"embeddable":true,"href":"https:\/\/www.cphmc.com\/da\/wp-json\/wp\/v2\/comments?post=5570"}],"wp:featuredmedia":[{"embeddable":true,"href":"https:\/\/www.cphmc.com\/da\/wp-json\/wp\/v2\/media\/5575"}],"wp:attachment":[{"href":"https:\/\/www.cphmc.com\/da\/wp-json\/wp\/v2\/media?parent=5570"}],"wp:term":[{"taxonomy":"product_brand","embeddable":true,"href":"https:\/\/www.cphmc.com\/da\/wp-json\/wp\/v2\/product_brand?post=5570"},{"taxonomy":"product_cat","embeddable":true,"href":"https:\/\/www.cphmc.com\/da\/wp-json\/wp\/v2\/product_cat?post=5570"},{"taxonomy":"product_tag","embeddable":true,"href":"https:\/\/www.cphmc.com\/da\/wp-json\/wp\/v2\/product_tag?post=5570"},{"taxonomy":"woo-feed-brand","embeddable":true,"href":"https:\/\/www.cphmc.com\/da\/wp-json\/wp\/v2\/woo-feed-brand?post=5570"}],"curies":[{"name":"wp","href":"https:\/\/api.w.org\/{rel}","templated":true}]}}