{"id":5596,"date":"2022-08-12T11:38:22","date_gmt":"2022-08-12T09:38:22","guid":{"rendered":"https:\/\/www.cphmc.com\/?post_type=product&#038;p=5596"},"modified":"2022-08-12T11:41:52","modified_gmt":"2022-08-12T09:41:52","slug":"rst-adventure-socks","status":"publish","type":"product","link":"https:\/\/www.cphmc.com\/da\/mc-clothing\/underwear\/rst-adventure-socks\/","title":{"rendered":"RST Adventure sokker"},"content":{"rendered":"<p>Den perfekte partner til Adventure st\u00f8vlen! Adventure ridestr\u00f8mperne er lavet til at give komfort og beskyttelse til de lange eventyrture. Med indbygget polstring og beskyttende omr\u00e5der ved skinnebenet, h\u00e6len og en komfortpolstring til dine fods\u00e5l, er du beskyttet helt ned til grundlagene med RST.<\/p>\n<p><strong>Konstruktion<\/strong><\/p>\n<ul>\n<li>Materiale: 56% Bomuld \/ 30% Coolmax \/ 12% Nylon \/ Polyamid \/ 2% Lycra Elastan<\/li>\n<\/ul>\n<p><strong>Egenskaber og fordele<\/strong><\/p>\n<ul>\n<li>Polstret skinnebensbeskyttelse<\/li>\n<li>Sekskantet ankelst\u00f8tte<\/li>\n<li>Polstret h\u00e6lbeskyttelse<\/li>\n<li>Komfortabel t\u00e5beskyttelse<\/li>\n<li>Komfort pude polstret fodseng<\/li>\n<\/ul>","protected":false},"excerpt":{"rendered":"<p>Den perfekte partner til Adventure st\u00f8vlen! Adventure ridestr\u00f8mperne er lavet til at give komfort og beskyttelse til de lange eventyrture.<\/p>\n<ul>\n<li>Polstret skinnebensbeskyttelse<\/li>\n<li>Polstret h\u00e6lbeskyttelse<\/li>\n<li>Komfortabel t\u00e5beskyttelse<\/li>\n<li>Komfort pude polstret fodseng<\/li>\n<\/ul>","protected":false},"featured_media":5600,"comment_status":"closed","ping_status":"closed","template":"","meta":{"_relevanssi_hide_post":"","_relevanssi_hide_content":"","_relevanssi_pin_for_all":"","_relevanssi_pin_keywords":"","_relevanssi_unpin_keywords":"","_relevanssi_related_keywords":"","_relevanssi_related_include_ids":"","_relevanssi_related_exclude_ids":"","_relevanssi_related_no_append":"","_relevanssi_related_not_related":"","_relevanssi_related_posts":"","_relevanssi_noindex_reason":""},"product_brand":[],"product_cat":[59,56],"product_tag":[],"woo-feed-brand":[],"class_list":{"0":"post-5596","1":"product","2":"type-product","3":"status-publish","4":"has-post-thumbnail","6":"product_cat-underwear","7":"product_cat-mc-clothing","9":"first","10":"instock","11":"taxable","12":"shipping-taxable","13":"purchasable","14":"product-type-variable"},"_links":{"self":[{"href":"https:\/\/www.cphmc.com\/da\/wp-json\/wp\/v2\/product\/5596","targetHints":{"allow":["GET"]}}],"collection":[{"href":"https:\/\/www.cphmc.com\/da\/wp-json\/wp\/v2\/product"}],"about":[{"href":"https:\/\/www.cphmc.com\/da\/wp-json\/wp\/v2\/types\/product"}],"replies":[{"embeddable":true,"href":"https:\/\/www.cphmc.com\/da\/wp-json\/wp\/v2\/comments?post=5596"}],"wp:featuredmedia":[{"embeddable":true,"href":"https:\/\/www.cphmc.com\/da\/wp-json\/wp\/v2\/media\/5600"}],"wp:attachment":[{"href":"https:\/\/www.cphmc.com\/da\/wp-json\/wp\/v2\/media?parent=5596"}],"wp:term":[{"taxonomy":"product_brand","embeddable":true,"href":"https:\/\/www.cphmc.com\/da\/wp-json\/wp\/v2\/product_brand?post=5596"},{"taxonomy":"product_cat","embeddable":true,"href":"https:\/\/www.cphmc.com\/da\/wp-json\/wp\/v2\/product_cat?post=5596"},{"taxonomy":"product_tag","embeddable":true,"href":"https:\/\/www.cphmc.com\/da\/wp-json\/wp\/v2\/product_tag?post=5596"},{"taxonomy":"woo-feed-brand","embeddable":true,"href":"https:\/\/www.cphmc.com\/da\/wp-json\/wp\/v2\/woo-feed-brand?post=5596"}],"curies":[{"name":"wp","href":"https:\/\/api.w.org\/{rel}","templated":true}]}}