{"id":5606,"date":"2022-08-12T11:44:59","date_gmt":"2022-08-12T09:44:59","guid":{"rendered":"https:\/\/www.cphmc.com\/?post_type=product&#038;p=5606"},"modified":"2022-08-12T11:59:36","modified_gmt":"2022-08-12T09:59:36","slug":"rst-socks-4-pack-multicolor","status":"publish","type":"product","link":"https:\/\/www.cphmc.com\/da\/mc-clothing\/underwear\/rst-socks-4-pack-multicolor\/","title":{"rendered":"RST Socks 4-Pack \u2013 Flerfarvet"},"content":{"rendered":"<p>Den perfekte partner til TracTech Evo st\u00f8vlen! Vores TracTech ridesokker er lavet med et coolmax-garn for at lede fugt v\u00e6k fra dine f\u00f8dder og holde dem t\u00f8rre - ideelle til de lange ture, for at holde dine st\u00f8vler friske. Med indbygget polstring og beskyttende omr\u00e5der ved skinneben, h\u00e6l og akilles samt en komfortpolstring til dine fods\u00e5l, er du beskyttet helt ned til grundlagene med RST.<\/p>\n<p><strong>Konstruktion<\/strong><\/p>\n<ul>\n<li>Materiale: 56% Bomuld \/ 30% Coolmax \/ 12% Nylon \/ Polyamid \/ 2% Lycra Elastan<\/li>\n<\/ul>\n<p><strong>Egenskaber og fordele<\/strong><\/p>\n<ul>\n<li>Coolmax garn til at transportere fugt v\u00e6k og holde f\u00f8dderne t\u00f8rre<\/li>\n<li>Nylon\/polyamid for holdbarhed<\/li>\n<li>Lycra elastan for en perfekt pasform<\/li>\n<li>Bomuld for bl\u00f8dhed<\/li>\n<li>Elastik komfort top<\/li>\n<li>Achilles beskyttelse<\/li>\n<li>Polstret skinnebensbeskyttelse<\/li>\n<li>Polstret h\u00e6lbeskyttelse<\/li>\n<li>Komfort pude polstret fodseng<\/li>\n<li>T\u00e5beskyttelse<\/li>\n<\/ul>","protected":false},"excerpt":{"rendered":"<p>Den perfekte partner til TracTech Evo st\u00f8vlen! Vores TracTech ridesokker er lavet med et coolmax-garn for at lede fugt v\u00e6k fra dine f\u00f8dder og holde dem t\u00f8rre - ideelle til de lange ture, for at holde dine st\u00f8vler friske. Med indbygget polstring og beskyttende omr\u00e5der ved skinneben, h\u00e6l og akilles samt en komfortpolstring til dine fods\u00e5l, er du beskyttet helt ned til grundlagene med RST.<\/p>\n<p><strong>Konstruktion<\/strong><\/p>\n<ul>\n<li>Materiale: 56% Bomuld \/ 30% Coolmax \/ 12% Nylon \/ Polyamid \/ 2% Lycra Elastan<\/li>\n<\/ul>\n<p><strong>Egenskaber og fordele<\/strong><\/p>\n<ul>\n<li>Coolmax garn til at transportere fugt v\u00e6k og holde f\u00f8dderne t\u00f8rre<\/li>\n<li>Nylon\/polyamid for holdbarhed<\/li>\n<li>Achilles beskyttelse<\/li>\n<li>T\u00e5beskyttelse<\/li>\n<\/ul>","protected":false},"featured_media":5610,"comment_status":"closed","ping_status":"closed","template":"","meta":{"_relevanssi_hide_post":"","_relevanssi_hide_content":"","_relevanssi_pin_for_all":"","_relevanssi_pin_keywords":"","_relevanssi_unpin_keywords":"","_relevanssi_related_keywords":"","_relevanssi_related_include_ids":"","_relevanssi_related_exclude_ids":"","_relevanssi_related_no_append":"","_relevanssi_related_not_related":"","_relevanssi_related_posts":"","_relevanssi_noindex_reason":""},"product_brand":[],"product_cat":[59,56],"product_tag":[],"woo-feed-brand":[],"class_list":{"0":"post-5606","1":"product","2":"type-product","3":"status-publish","4":"has-post-thumbnail","6":"product_cat-underwear","7":"product_cat-mc-clothing","9":"first","10":"instock","11":"taxable","12":"shipping-taxable","13":"purchasable","14":"product-type-variable"},"_links":{"self":[{"href":"https:\/\/www.cphmc.com\/da\/wp-json\/wp\/v2\/product\/5606","targetHints":{"allow":["GET"]}}],"collection":[{"href":"https:\/\/www.cphmc.com\/da\/wp-json\/wp\/v2\/product"}],"about":[{"href":"https:\/\/www.cphmc.com\/da\/wp-json\/wp\/v2\/types\/product"}],"replies":[{"embeddable":true,"href":"https:\/\/www.cphmc.com\/da\/wp-json\/wp\/v2\/comments?post=5606"}],"wp:featuredmedia":[{"embeddable":true,"href":"https:\/\/www.cphmc.com\/da\/wp-json\/wp\/v2\/media\/5610"}],"wp:attachment":[{"href":"https:\/\/www.cphmc.com\/da\/wp-json\/wp\/v2\/media?parent=5606"}],"wp:term":[{"taxonomy":"product_brand","embeddable":true,"href":"https:\/\/www.cphmc.com\/da\/wp-json\/wp\/v2\/product_brand?post=5606"},{"taxonomy":"product_cat","embeddable":true,"href":"https:\/\/www.cphmc.com\/da\/wp-json\/wp\/v2\/product_cat?post=5606"},{"taxonomy":"product_tag","embeddable":true,"href":"https:\/\/www.cphmc.com\/da\/wp-json\/wp\/v2\/product_tag?post=5606"},{"taxonomy":"woo-feed-brand","embeddable":true,"href":"https:\/\/www.cphmc.com\/da\/wp-json\/wp\/v2\/woo-feed-brand?post=5606"}],"curies":[{"name":"wp","href":"https:\/\/api.w.org\/{rel}","templated":true}]}}