{"id":5821,"date":"2022-09-30T10:01:47","date_gmt":"2022-09-30T08:01:47","guid":{"rendered":"https:\/\/www.cphmc.com\/?post_type=product&#038;p=5821"},"modified":"2023-06-14T13:03:11","modified_gmt":"2023-06-14T11:03:11","slug":"sektor-wp-riding-shoes","status":"publish","type":"product","link":"https:\/\/www.cphmc.com\/da\/mc-clothing\/boots\/urban-boots\/sektor-wp-riding-shoes\/","title":{"rendered":"Sektor WP ridesko"},"content":{"rendered":"<p>Den \u00f8vre konstruktion er mikrofiber, der er let, holdbar og slidst\u00e6rk og med en vandt\u00e6t membranforing. Perfekt til den urbane rytter uden behov for st\u00e6rke st\u00f8vler og stadig med et sikkerhedsproblem.<\/p>\n<ul>\n<li>Medial ankelbeskyttelse for bedre pasform og lettere v\u00e6gt.<\/li>\n<li>Lateral ankelrem giver sikker lukning og passer ind i det \u00f8vre ankelpolymerpanel for beskyttelse og glat finish.<\/li>\n<li>TRP lateral ankelbeskytter og skyder giver beskyttelse og h\u00f8j slidstyrke.<\/li>\n<li>Flex omr\u00e5der p\u00e5 h\u00e6l og vrist forbedrer g\u00e5komforten.<\/li>\n<li>Originalt speed-sn\u00f8resystem afledt af autoracersko.<\/li>\n<li>Relfex-detaljer p\u00e5 h\u00e6l og \u00f8je for at \u00f8ge synlighed p\u00e5 vejen.<\/li>\n<li>Beskyttende t\u00e5boks og h\u00e6lt\u00e6ller er placeret indvendigt under det ydre mikrofiberchassis.<\/li>\n<li>Gummis\u00e5l giver tekstureret greb, absorption med integreret st\u00f8tteskaft for forbedret s\u00e5l stivhed og er let og specifikt sammensat.<\/li>\n<li>EVA fodseng er anatomisk, udskiftelig og har mesh-for p\u00e5 toppen.<\/li>\n<\/ul>","protected":false},"excerpt":{"rendered":"<p>Den \u00f8vre konstruktion er mikrofiber, der er let, holdbar og slidst\u00e6rk og med en vandt\u00e6t membranforing. Perfekt til den urbane rytter uden behov for st\u00e6rke st\u00f8vler og stadig med et sikkerhedsproblem.<\/p>\n<ul>\n<li>Medial ankelbeskyttelse for bedre pasform og lettere v\u00e6gt.<\/li>\n<li>TRP lateral ankelbeskytter og skyder giver beskyttelse og h\u00f8j slidstyrke.<\/li>\n<li>H\u00e6lfleksomr\u00e5der for g\u00e5komfort.<\/li>\n<li>Beskyttende t\u00e5boks.<\/li>\n<li>EVA fodseng er anatomisk.<\/li>\n<\/ul>","protected":false},"featured_media":5842,"comment_status":"closed","ping_status":"closed","template":"","meta":{"_relevanssi_hide_post":"","_relevanssi_hide_content":"","_relevanssi_pin_for_all":"","_relevanssi_pin_keywords":"","_relevanssi_unpin_keywords":"","_relevanssi_related_keywords":"","_relevanssi_related_include_ids":"","_relevanssi_related_exclude_ids":"","_relevanssi_related_no_append":"","_relevanssi_related_not_related":"","_relevanssi_related_posts":"","_relevanssi_noindex_reason":""},"product_brand":[],"product_cat":[86,51,56],"product_tag":[],"woo-feed-brand":[],"class_list":{"0":"post-5821","1":"product","2":"type-product","3":"status-publish","4":"has-post-thumbnail","6":"product_cat-urban-boots","7":"product_cat-boots","8":"product_cat-mc-clothing","10":"first","11":"instock","12":"taxable","13":"shipping-taxable","14":"purchasable","15":"product-type-variable"},"_links":{"self":[{"href":"https:\/\/www.cphmc.com\/da\/wp-json\/wp\/v2\/product\/5821","targetHints":{"allow":["GET"]}}],"collection":[{"href":"https:\/\/www.cphmc.com\/da\/wp-json\/wp\/v2\/product"}],"about":[{"href":"https:\/\/www.cphmc.com\/da\/wp-json\/wp\/v2\/types\/product"}],"replies":[{"embeddable":true,"href":"https:\/\/www.cphmc.com\/da\/wp-json\/wp\/v2\/comments?post=5821"}],"wp:featuredmedia":[{"embeddable":true,"href":"https:\/\/www.cphmc.com\/da\/wp-json\/wp\/v2\/media\/5842"}],"wp:attachment":[{"href":"https:\/\/www.cphmc.com\/da\/wp-json\/wp\/v2\/media?parent=5821"}],"wp:term":[{"taxonomy":"product_brand","embeddable":true,"href":"https:\/\/www.cphmc.com\/da\/wp-json\/wp\/v2\/product_brand?post=5821"},{"taxonomy":"product_cat","embeddable":true,"href":"https:\/\/www.cphmc.com\/da\/wp-json\/wp\/v2\/product_cat?post=5821"},{"taxonomy":"product_tag","embeddable":true,"href":"https:\/\/www.cphmc.com\/da\/wp-json\/wp\/v2\/product_tag?post=5821"},{"taxonomy":"woo-feed-brand","embeddable":true,"href":"https:\/\/www.cphmc.com\/da\/wp-json\/wp\/v2\/woo-feed-brand?post=5821"}],"curies":[{"name":"wp","href":"https:\/\/api.w.org\/{rel}","templated":true}]}}