{"id":5997,"date":"2022-10-08T08:54:25","date_gmt":"2022-10-08T06:54:25","guid":{"rendered":"https:\/\/www.cphmc.com\/?post_type=product&#038;p=5997"},"modified":"2023-06-14T13:08:11","modified_gmt":"2023-06-14T11:08:11","slug":"lane-splitter-flat-black","status":"publish","type":"product","link":"https:\/\/www.cphmc.com\/da\/mc-clothing\/helmets\/full-face-helmets\/lane-splitter-flat-black\/","title":{"rendered":"Lane Splitter Flat Black"},"content":{"rendered":"<ul>\n<li>Biltwell propriet\u00e6r ABS ydre skal med h\u00e5ndmalet finish<\/li>\n<li>St\u00f8dabsorberende indvendig skal af ekspanderet polystyren<\/li>\n<li>H\u00e5ndsyet aftagelig b\u00f8rstet lycra liner med kontrasterende diamantsyet quiltet skumpolstring med \u00e5bne celler<\/li>\n<li>H\u00e5ndsyet indvendig polstring, kindpuder og Bio-Foam hagestangspude for komfort<\/li>\n<li>Gener\u00f8se ventilations\u00e5bninger i hagestangen f\u00e5r luften til at flyde, og udl\u00f8bet bagp\u00e5 lader varm luft slippe ud<\/li>\n<li>Shield kan prale af ekstrem n\u00f8jagtig optik og enkel h\u00e6ngselmekanik for h\u00f8j stil og nem fjernelse for udskiftning eller reng\u00f8ring<\/li>\n<li>Mesh-lommer er inkluderet i \u00f8refordybningen \u2013 perfekt til eftermarkedet drop-in kommunikationssystemer (medf\u00f8lger ikke)<\/li>\n<li>Spr\u00f8jtest\u00f8bt ansigtssk\u00e6rm med samme aluminiumsh\u00e6ngseld\u00e6ksler og monteringsudstyr<\/li>\n<\/ul>","protected":false},"excerpt":{"rendered":"<ul>\n<li>Biltwell propriet\u00e6r ABS ydre skal med h\u00e5ndmalet finish<\/li>\n<li>St\u00f8dabsorberende indvendig skal af ekspanderet polystyren<\/li>\n<li>H\u00e5ndsyet aftagelig b\u00f8rstet lycra liner med kontrasterende diamantsyet quiltet skumpolstring med \u00e5bne celler<\/li>\n<li>Gener\u00f8se ventilations\u00e5bninger i hagestangen f\u00e5r luften til at flyde, og udl\u00f8bet bagp\u00e5 lader varm luft slippe ud<\/li>\n<\/ul>","protected":false},"featured_media":6006,"comment_status":"closed","ping_status":"closed","template":"","meta":{"_relevanssi_hide_post":"","_relevanssi_hide_content":"","_relevanssi_pin_for_all":"","_relevanssi_pin_keywords":"","_relevanssi_unpin_keywords":"","_relevanssi_related_keywords":"","_relevanssi_related_include_ids":"","_relevanssi_related_exclude_ids":"","_relevanssi_related_no_append":"","_relevanssi_related_not_related":"","_relevanssi_related_posts":"","_relevanssi_noindex_reason":""},"product_brand":[],"product_cat":[81,50,56,15,83],"product_tag":[],"woo-feed-brand":[],"class_list":{"0":"post-5997","1":"product","2":"type-product","3":"status-publish","4":"has-post-thumbnail","6":"product_cat-full-face-helmets","7":"product_cat-helmets","8":"product_cat-mc-clothing","9":"product_cat-news","10":"product_cat-sports-helmets","12":"first","13":"instock","14":"taxable","15":"shipping-taxable","16":"purchasable","17":"product-type-variable"},"_links":{"self":[{"href":"https:\/\/www.cphmc.com\/da\/wp-json\/wp\/v2\/product\/5997","targetHints":{"allow":["GET"]}}],"collection":[{"href":"https:\/\/www.cphmc.com\/da\/wp-json\/wp\/v2\/product"}],"about":[{"href":"https:\/\/www.cphmc.com\/da\/wp-json\/wp\/v2\/types\/product"}],"replies":[{"embeddable":true,"href":"https:\/\/www.cphmc.com\/da\/wp-json\/wp\/v2\/comments?post=5997"}],"wp:featuredmedia":[{"embeddable":true,"href":"https:\/\/www.cphmc.com\/da\/wp-json\/wp\/v2\/media\/6006"}],"wp:attachment":[{"href":"https:\/\/www.cphmc.com\/da\/wp-json\/wp\/v2\/media?parent=5997"}],"wp:term":[{"taxonomy":"product_brand","embeddable":true,"href":"https:\/\/www.cphmc.com\/da\/wp-json\/wp\/v2\/product_brand?post=5997"},{"taxonomy":"product_cat","embeddable":true,"href":"https:\/\/www.cphmc.com\/da\/wp-json\/wp\/v2\/product_cat?post=5997"},{"taxonomy":"product_tag","embeddable":true,"href":"https:\/\/www.cphmc.com\/da\/wp-json\/wp\/v2\/product_tag?post=5997"},{"taxonomy":"woo-feed-brand","embeddable":true,"href":"https:\/\/www.cphmc.com\/da\/wp-json\/wp\/v2\/woo-feed-brand?post=5997"}],"curies":[{"name":"wp","href":"https:\/\/api.w.org\/{rel}","templated":true}]}}