{"id":6029,"date":"2022-10-08T09:12:17","date_gmt":"2022-10-08T07:12:17","guid":{"rendered":"https:\/\/www.cphmc.com\/?post_type=product&#038;p=6029"},"modified":"2023-06-14T13:08:09","modified_gmt":"2023-06-14T11:08:09","slug":"lane-splitter-podium-red-blue","status":"publish","type":"product","link":"https:\/\/www.cphmc.com\/da\/mc-clothing\/helmets\/full-face-helmets\/lane-splitter-podium-red-blue\/","title":{"rendered":"Lane Splitter Podium R\u00f8d Bl\u00e5"},"content":{"rendered":"<ul>\n<li>Spr\u00f8jtest\u00f8bt ABS ydre skal er robust, men alligevel let<\/li>\n<li>Tredelt ekspanderet polystyren (EPS) sikkerhedsforing fjerner st\u00f8dbelastninger og styrker hjelmstrukturen for en sikker pasform uden at g\u00e5 p\u00e5 kompromis med komforten<\/li>\n<li>St\u00f8bt urethan hagestangspude har ventilations\u00e5bninger foran og i siden til luftstr\u00f8m<\/li>\n<li>CE-certificeret polycarbonat skjold inkluderer anti-dug og anti-ridse behandlinger for sikkerhed og holdbarhed<\/li>\n<li>Aftagelig\/udskiftelig komfortfor og kindpuder har b\u00f8rstet fleece lycra ber\u00f8ringspunkter for at absorbere og fordampe sved<\/li>\n<li>Hageremmen har b\u00f8rstet fleece lycra ber\u00f8ringspunkter for komfort og en justerbar endeholder<\/li>\n<li>St\u00f8bte fordybninger inde i EPS indvendig skal accepterer udvalgte eftermarkedets lyd- og kommunikationskomponenter<\/li>\n<li>Robust skjoldh\u00e6ngselhardware med robuste l\u00e5se giver dig mulighed for at \u00e5bne skjoldet ved langsomme hastigheder for \u00f8get luftstr\u00f8m<\/li>\n<\/ul>","protected":false},"excerpt":{"rendered":"<ul>\n<li>Spr\u00f8jtest\u00f8bt ABS ydre skal er robust, men alligevel let<\/li>\n<li>Tredelt sikkerhedsforing af ekspanderet polystyren (EPS).<\/li>\n<li>St\u00f8bt urethan hagestangspude har ventilations\u00e5bninger foran og i siden til luftstr\u00f8m<\/li>\n<li>CE polycarbonat skjold inkluderer anti-dug og anti-ridse<\/li>\n<li>Robust skjoldh\u00e6ngselhardware med robuste l\u00e5se giver dig mulighed for at \u00e5bne skjoldet ved langsomme hastigheder for \u00f8get luftstr\u00f8m<\/li>\n<\/ul>","protected":false},"featured_media":6038,"comment_status":"closed","ping_status":"closed","template":"","meta":{"_relevanssi_hide_post":"","_relevanssi_hide_content":"","_relevanssi_pin_for_all":"","_relevanssi_pin_keywords":"","_relevanssi_unpin_keywords":"","_relevanssi_related_keywords":"","_relevanssi_related_include_ids":"","_relevanssi_related_exclude_ids":"","_relevanssi_related_no_append":"","_relevanssi_related_not_related":"","_relevanssi_related_posts":"","_relevanssi_noindex_reason":""},"product_brand":[],"product_cat":[81,50,56,15,83],"product_tag":[],"woo-feed-brand":[],"class_list":{"0":"post-6029","1":"product","2":"type-product","3":"status-publish","4":"has-post-thumbnail","6":"product_cat-full-face-helmets","7":"product_cat-helmets","8":"product_cat-mc-clothing","9":"product_cat-news","10":"product_cat-sports-helmets","12":"first","13":"instock","14":"taxable","15":"shipping-taxable","16":"purchasable","17":"product-type-variable"},"_links":{"self":[{"href":"https:\/\/www.cphmc.com\/da\/wp-json\/wp\/v2\/product\/6029","targetHints":{"allow":["GET"]}}],"collection":[{"href":"https:\/\/www.cphmc.com\/da\/wp-json\/wp\/v2\/product"}],"about":[{"href":"https:\/\/www.cphmc.com\/da\/wp-json\/wp\/v2\/types\/product"}],"replies":[{"embeddable":true,"href":"https:\/\/www.cphmc.com\/da\/wp-json\/wp\/v2\/comments?post=6029"}],"wp:featuredmedia":[{"embeddable":true,"href":"https:\/\/www.cphmc.com\/da\/wp-json\/wp\/v2\/media\/6038"}],"wp:attachment":[{"href":"https:\/\/www.cphmc.com\/da\/wp-json\/wp\/v2\/media?parent=6029"}],"wp:term":[{"taxonomy":"product_brand","embeddable":true,"href":"https:\/\/www.cphmc.com\/da\/wp-json\/wp\/v2\/product_brand?post=6029"},{"taxonomy":"product_cat","embeddable":true,"href":"https:\/\/www.cphmc.com\/da\/wp-json\/wp\/v2\/product_cat?post=6029"},{"taxonomy":"product_tag","embeddable":true,"href":"https:\/\/www.cphmc.com\/da\/wp-json\/wp\/v2\/product_tag?post=6029"},{"taxonomy":"woo-feed-brand","embeddable":true,"href":"https:\/\/www.cphmc.com\/da\/wp-json\/wp\/v2\/woo-feed-brand?post=6029"}],"curies":[{"name":"wp","href":"https:\/\/api.w.org\/{rel}","templated":true}]}}