{"id":6084,"date":"2022-10-12T14:32:18","date_gmt":"2022-10-12T12:32:18","guid":{"rendered":"https:\/\/www.cphmc.com\/?post_type=product&#038;p=6084"},"modified":"2023-06-14T13:08:04","modified_gmt":"2023-06-14T11:08:04","slug":"reflex-cube-ece-mips-red","status":"publish","type":"product","link":"https:\/\/www.cphmc.com\/da\/mc-clothing\/helmets\/mips\/reflex-cube-ece-mips-red\/","title":{"rendered":"Reflex Cube ECE MIPS R\u00f8d"},"content":{"rendered":"<ul>\n<li>Forindspr\u00f8jtede kulfibermaterialer \u00f8ger styrken og mindsker skalv\u00e6gten<\/li>\n<li>Dual density EPS med integreret Koroyd\u00ae<\/li>\n<li>Indeholder Koroyd\u00ae-teknologi<\/li>\n<li>MIPS\u00ae Brain Protection System kan reducere skadelige kr\u00e6fter, der overf\u00f8res til hjernen for visse p\u00e5virkninger<\/li>\n<li>Konturformede kindpuder med quick release tr\u00e6kflige<\/li>\n<li>Aftagelig\/vaskbar komfortfor<\/li>\n<li>Fugttransporterende, antimikrobiel &quot;Dry Form&quot; komfortfor<\/li>\n<li>Fuldt justerbart visir<\/li>\n<li>Letv\u00e6gts D-ringe i rustfrit st\u00e5l<\/li>\n<li>THOR hjelmtaske med snoretr\u00e6k medf\u00f8lger<\/li>\n<\/ul>","protected":false},"excerpt":{"rendered":"<ul>\n<li>Forindspr\u00f8jtede kulfibermaterialeplader<\/li>\n<li>Dual density EPS med integreret Koroyd\u00ae<\/li>\n<li>Indeholder Koroyd\u00ae-teknologi<\/li>\n<li>MIPS\u00ae hjernebeskyttelsessystem<\/li>\n<li>Letv\u00e6gts D-ringe i rustfrit st\u00e5l<\/li>\n<\/ul>","protected":false},"featured_media":6091,"comment_status":"closed","ping_status":"closed","template":"","meta":{"_relevanssi_hide_post":"","_relevanssi_hide_content":"","_relevanssi_pin_for_all":"","_relevanssi_pin_keywords":"","_relevanssi_unpin_keywords":"","_relevanssi_related_keywords":"","_relevanssi_related_include_ids":"","_relevanssi_related_exclude_ids":"","_relevanssi_related_no_append":"","_relevanssi_related_not_related":"","_relevanssi_related_posts":"","_relevanssi_noindex_reason":""},"product_brand":[],"product_cat":[260,84,15,83],"product_tag":[235],"woo-feed-brand":[],"class_list":{"0":"post-6084","1":"product","2":"type-product","3":"status-publish","4":"has-post-thumbnail","6":"product_cat-mips","7":"product_cat-adventure-helmets","8":"product_cat-news","9":"product_cat-sports-helmets","10":"product_tag-mips","12":"first","13":"instock","14":"taxable","15":"shipping-taxable","16":"purchasable","17":"product-type-variable"},"_links":{"self":[{"href":"https:\/\/www.cphmc.com\/da\/wp-json\/wp\/v2\/product\/6084","targetHints":{"allow":["GET"]}}],"collection":[{"href":"https:\/\/www.cphmc.com\/da\/wp-json\/wp\/v2\/product"}],"about":[{"href":"https:\/\/www.cphmc.com\/da\/wp-json\/wp\/v2\/types\/product"}],"replies":[{"embeddable":true,"href":"https:\/\/www.cphmc.com\/da\/wp-json\/wp\/v2\/comments?post=6084"}],"wp:featuredmedia":[{"embeddable":true,"href":"https:\/\/www.cphmc.com\/da\/wp-json\/wp\/v2\/media\/6091"}],"wp:attachment":[{"href":"https:\/\/www.cphmc.com\/da\/wp-json\/wp\/v2\/media?parent=6084"}],"wp:term":[{"taxonomy":"product_brand","embeddable":true,"href":"https:\/\/www.cphmc.com\/da\/wp-json\/wp\/v2\/product_brand?post=6084"},{"taxonomy":"product_cat","embeddable":true,"href":"https:\/\/www.cphmc.com\/da\/wp-json\/wp\/v2\/product_cat?post=6084"},{"taxonomy":"product_tag","embeddable":true,"href":"https:\/\/www.cphmc.com\/da\/wp-json\/wp\/v2\/product_tag?post=6084"},{"taxonomy":"woo-feed-brand","embeddable":true,"href":"https:\/\/www.cphmc.com\/da\/wp-json\/wp\/v2\/woo-feed-brand?post=6084"}],"curies":[{"name":"wp","href":"https:\/\/api.w.org\/{rel}","templated":true}]}}