{"id":6271,"date":"2022-10-13T11:11:37","date_gmt":"2022-10-13T09:11:37","guid":{"rendered":"https:\/\/www.cphmc.com\/?post_type=product&#038;p=6271"},"modified":"2026-02-10T17:24:49","modified_gmt":"2026-02-10T16:24:49","slug":"chrome-sport-hoodie","status":"publish","type":"product","link":"https:\/\/www.cphmc.com\/da\/mc-clothing\/jackets-vests\/shirts-hoodies\/chrome-sport-hoodie\/","title":{"rendered":"Sports-h\u00e6ttetr\u00f8je i krom"},"content":{"rendered":"<ul>\n<li>Hovedskal af strikket stof.<\/li>\n<li>Indvendig aramidforst\u00e6rkning p\u00e5 skulder, albue og ryg.<\/li>\n<li>En h\u00e5ndlomme i h\u00e6ttetr\u00f8je med lynl\u00e5s foran.<\/li>\n<li>H\u00f8j krave med aftagelig stormh\u00e6tte.<\/li>\n<li>Bio Light beskyttere p\u00e5 skuldre og albuer.<\/li>\n<li>Bagrum med PE-polstring (beskyttere som tilbeh\u00f8rsopgradering, s\u00e6lges separat).<\/li>\n<li>Vandt\u00e6t indvendig dokumentlomme<\/li>\n<li>Talje- og manchetkanter er strikket.<\/li>\n<\/ul>","protected":false},"excerpt":{"rendered":"<ul>\n<li>Hovedskal af strikket stof.<\/li>\n<li>Indvendig aramidforst\u00e6rkning p\u00e5 skulder, albue og ryg.<\/li>\n<li>Bio Light beskyttere p\u00e5 skuldre og albuer.<\/li>\n<li>Bagrum med PE polstring (Nukleonbeskyttere s\u00e6lges separat).<\/li>\n<li>Vandt\u00e6t indvendig dokumentlomme<\/li>\n<\/ul>","protected":false},"featured_media":6279,"comment_status":"closed","ping_status":"closed","template":"","meta":{"_relevanssi_hide_post":"","_relevanssi_hide_content":"","_relevanssi_pin_for_all":"","_relevanssi_pin_keywords":"","_relevanssi_unpin_keywords":"","_relevanssi_related_keywords":"","_relevanssi_related_include_ids":"","_relevanssi_related_exclude_ids":"","_relevanssi_related_no_append":"","_relevanssi_related_not_related":"","_relevanssi_related_posts":"","_relevanssi_noindex_reason":""},"product_brand":[],"product_cat":[200,53,56],"product_tag":[],"woo-feed-brand":[],"class_list":{"0":"post-6271","1":"product","2":"type-product","3":"status-publish","4":"has-post-thumbnail","6":"product_cat-shirts-hoodies","7":"product_cat-jackets-vests","8":"product_cat-mc-clothing","10":"first","11":"instock","12":"taxable","13":"shipping-taxable","14":"purchasable","15":"product-type-variable"},"_links":{"self":[{"href":"https:\/\/www.cphmc.com\/da\/wp-json\/wp\/v2\/product\/6271","targetHints":{"allow":["GET"]}}],"collection":[{"href":"https:\/\/www.cphmc.com\/da\/wp-json\/wp\/v2\/product"}],"about":[{"href":"https:\/\/www.cphmc.com\/da\/wp-json\/wp\/v2\/types\/product"}],"replies":[{"embeddable":true,"href":"https:\/\/www.cphmc.com\/da\/wp-json\/wp\/v2\/comments?post=6271"}],"wp:featuredmedia":[{"embeddable":true,"href":"https:\/\/www.cphmc.com\/da\/wp-json\/wp\/v2\/media\/6279"}],"wp:attachment":[{"href":"https:\/\/www.cphmc.com\/da\/wp-json\/wp\/v2\/media?parent=6271"}],"wp:term":[{"taxonomy":"product_brand","embeddable":true,"href":"https:\/\/www.cphmc.com\/da\/wp-json\/wp\/v2\/product_brand?post=6271"},{"taxonomy":"product_cat","embeddable":true,"href":"https:\/\/www.cphmc.com\/da\/wp-json\/wp\/v2\/product_cat?post=6271"},{"taxonomy":"product_tag","embeddable":true,"href":"https:\/\/www.cphmc.com\/da\/wp-json\/wp\/v2\/product_tag?post=6271"},{"taxonomy":"woo-feed-brand","embeddable":true,"href":"https:\/\/www.cphmc.com\/da\/wp-json\/wp\/v2\/woo-feed-brand?post=6271"}],"curies":[{"name":"wp","href":"https:\/\/api.w.org\/{rel}","templated":true}]}}