{"id":6328,"date":"2022-10-21T10:52:30","date_gmt":"2022-10-21T08:52:30","guid":{"rendered":"https:\/\/www.cphmc.com\/?post_type=product&#038;p=6328"},"modified":"2026-02-10T17:24:55","modified_gmt":"2026-02-10T16:24:55","slug":"valter-moto-front-peg-type-1-type-1-5","status":"publish","type":"product","link":"https:\/\/www.cphmc.com\/da\/mc-spareparts\/footrests\/valter-moto-front-peg-type-1-type-1-5\/","title":{"rendered":"Valter Moto Frontpind Type 1 \/ Type 1.5"},"content":{"rendered":"<p>Enkelt frontpind reservedel til VMC bags\u00e6t Type 1\/1.5. Den passer ogs\u00e5 p\u00e5 2,5 og 3,5 bags\u00e6t.<\/p>","protected":false},"excerpt":{"rendered":"<p>Enkelt frontpind reservedel til VMC bags\u00e6t Type 1\/1.5. Den passer ogs\u00e5 p\u00e5 2,5 og 3,5 bags\u00e6t.<\/p>","protected":false},"featured_media":6329,"comment_status":"closed","ping_status":"closed","template":"","meta":{"_relevanssi_hide_post":"","_relevanssi_hide_content":"","_relevanssi_pin_for_all":"","_relevanssi_pin_keywords":"","_relevanssi_unpin_keywords":"","_relevanssi_related_keywords":"","_relevanssi_related_include_ids":"","_relevanssi_related_exclude_ids":"","_relevanssi_related_no_append":"","_relevanssi_related_not_related":"","_relevanssi_related_posts":"","_relevanssi_noindex_reason":""},"product_brand":[],"product_cat":[79,67],"product_tag":[],"woo-feed-brand":[],"class_list":{"0":"post-6328","1":"product","2":"type-product","3":"status-publish","4":"has-post-thumbnail","6":"product_cat-footrests","7":"product_cat-mc-spareparts","9":"first","10":"instock","11":"taxable","12":"shipping-taxable","13":"purchasable","14":"product-type-simple"},"_links":{"self":[{"href":"https:\/\/www.cphmc.com\/da\/wp-json\/wp\/v2\/product\/6328","targetHints":{"allow":["GET"]}}],"collection":[{"href":"https:\/\/www.cphmc.com\/da\/wp-json\/wp\/v2\/product"}],"about":[{"href":"https:\/\/www.cphmc.com\/da\/wp-json\/wp\/v2\/types\/product"}],"replies":[{"embeddable":true,"href":"https:\/\/www.cphmc.com\/da\/wp-json\/wp\/v2\/comments?post=6328"}],"wp:featuredmedia":[{"embeddable":true,"href":"https:\/\/www.cphmc.com\/da\/wp-json\/wp\/v2\/media\/6329"}],"wp:attachment":[{"href":"https:\/\/www.cphmc.com\/da\/wp-json\/wp\/v2\/media?parent=6328"}],"wp:term":[{"taxonomy":"product_brand","embeddable":true,"href":"https:\/\/www.cphmc.com\/da\/wp-json\/wp\/v2\/product_brand?post=6328"},{"taxonomy":"product_cat","embeddable":true,"href":"https:\/\/www.cphmc.com\/da\/wp-json\/wp\/v2\/product_cat?post=6328"},{"taxonomy":"product_tag","embeddable":true,"href":"https:\/\/www.cphmc.com\/da\/wp-json\/wp\/v2\/product_tag?post=6328"},{"taxonomy":"woo-feed-brand","embeddable":true,"href":"https:\/\/www.cphmc.com\/da\/wp-json\/wp\/v2\/woo-feed-brand?post=6328"}],"curies":[{"name":"wp","href":"https:\/\/api.w.org\/{rel}","templated":true}]}}