{"id":6342,"date":"2022-12-06T20:56:52","date_gmt":"2022-12-06T19:56:52","guid":{"rendered":"https:\/\/www.cphmc.com\/uncategorized\/ls2-thunder-carbon-gp-pro-fim\/"},"modified":"2024-04-26T11:50:37","modified_gmt":"2024-04-26T09:50:37","slug":"ls2-thunder-carbon-gp-pro-fim","status":"publish","type":"product","link":"https:\/\/www.cphmc.com\/da\/mc-clothing\/helmets\/full-face-helmets\/ls2-thunder-carbon-gp-pro-fim\/","title":{"rendered":"LS2 Thunder Carbon \u2013 GP Pro FIM"},"content":{"rendered":"<p>For at sikre god beskyttelse, skal hjelmen passe perfekt til dit hoved, og der b\u00f8r l\u00e6gges s\u00e6rlig v\u00e6gt p\u00e5 skalformens design og materialer for at minimere virkningerne af en mulig p\u00e5virkning. Det er n\u00f8glen til at opn\u00e5 en perfekt pasform til dit hoved fra ydersiden til indersiden, s\u00e5vel som skallen, konfigurationen af EPS liner, som skal matche den menneskelige hovedform.<\/p>\n<ul>\n<li>9K Carbon skal.<\/li>\n<li>ECE 22.06 &amp; DOT certificeret.<\/li>\n<li>1280g +\/- 50g.<\/li>\n<li>Dobbelt D ring.<\/li>\n<li>Pinlock klar<\/li>\n<\/ul>","protected":false},"excerpt":{"rendered":"<ul>\n<li>9K Carbon skal.<\/li>\n<li>ECE 22.06 &amp; DOT certificeret.<\/li>\n<li>1280g +\/- 50g.<\/li>\n<li>Dobbelt D ring.<\/li>\n<li>Pinlock klar<\/li>\n<\/ul>","protected":false},"featured_media":6409,"comment_status":"closed","ping_status":"closed","template":"","meta":{"_relevanssi_hide_post":"","_relevanssi_hide_content":"","_relevanssi_pin_for_all":"","_relevanssi_pin_keywords":"","_relevanssi_unpin_keywords":"","_relevanssi_related_keywords":"","_relevanssi_related_include_ids":"","_relevanssi_related_exclude_ids":"","_relevanssi_related_no_append":"","_relevanssi_related_not_related":"","_relevanssi_related_posts":"","_relevanssi_noindex_reason":""},"product_brand":[],"product_cat":[81,50,56],"product_tag":[],"woo-feed-brand":[],"class_list":{"0":"post-6342","1":"product","2":"type-product","3":"status-publish","4":"has-post-thumbnail","6":"product_cat-full-face-helmets","7":"product_cat-helmets","8":"product_cat-mc-clothing","10":"first","11":"instock","12":"taxable","13":"shipping-taxable","14":"purchasable","15":"product-type-variable"},"_links":{"self":[{"href":"https:\/\/www.cphmc.com\/da\/wp-json\/wp\/v2\/product\/6342","targetHints":{"allow":["GET"]}}],"collection":[{"href":"https:\/\/www.cphmc.com\/da\/wp-json\/wp\/v2\/product"}],"about":[{"href":"https:\/\/www.cphmc.com\/da\/wp-json\/wp\/v2\/types\/product"}],"replies":[{"embeddable":true,"href":"https:\/\/www.cphmc.com\/da\/wp-json\/wp\/v2\/comments?post=6342"}],"wp:featuredmedia":[{"embeddable":true,"href":"https:\/\/www.cphmc.com\/da\/wp-json\/wp\/v2\/media\/6409"}],"wp:attachment":[{"href":"https:\/\/www.cphmc.com\/da\/wp-json\/wp\/v2\/media?parent=6342"}],"wp:term":[{"taxonomy":"product_brand","embeddable":true,"href":"https:\/\/www.cphmc.com\/da\/wp-json\/wp\/v2\/product_brand?post=6342"},{"taxonomy":"product_cat","embeddable":true,"href":"https:\/\/www.cphmc.com\/da\/wp-json\/wp\/v2\/product_cat?post=6342"},{"taxonomy":"product_tag","embeddable":true,"href":"https:\/\/www.cphmc.com\/da\/wp-json\/wp\/v2\/product_tag?post=6342"},{"taxonomy":"woo-feed-brand","embeddable":true,"href":"https:\/\/www.cphmc.com\/da\/wp-json\/wp\/v2\/woo-feed-brand?post=6342"}],"curies":[{"name":"wp","href":"https:\/\/api.w.org\/{rel}","templated":true}]}}