{"id":6769,"date":"2022-12-07T13:06:14","date_gmt":"2022-12-07T12:06:14","guid":{"rendered":"https:\/\/www.cphmc.com\/?post_type=product&#038;p=6769"},"modified":"2024-04-26T12:03:39","modified_gmt":"2024-04-26T10:03:39","slug":"ls2-advant-x-carbon-future-red","status":"publish","type":"product","link":"https:\/\/www.cphmc.com\/da\/mc-clothing\/helmets\/modular-helmets\/ls2-advant-x-carbon-future-red\/","title":{"rendered":"LS2 Advant X Carbon \u2013 Future R\u00f8d"},"content":{"rendered":"<p>LS2s bedste teknologi anvendt til en ny serie af modul\u00e6re hjelme, der deler det grundl\u00e6ggende i LS2: avanceret teknologi, f\u00f8rsteklasses materialer, attraktive designs og kvalitet i verdensklasse.<\/p>\n<p>Den perfekte f\u00f8lgesvend til alle slags ryttere og \u00e5rstider. Uanset vejrforholdene, nyd din tur med total frihed og maksimal sikkerhed.<\/p>\n<ul>\n<li>Carbon skal.<\/li>\n<li>ECE 22.06 &amp; DOT certificeret.<\/li>\n<li>1550g +\/- 50g.<\/li>\n<li>Lang oval form.<\/li>\n<li>Dobbelt D ring.<\/li>\n<li>Pinlock klar<\/li>\n<\/ul>","protected":false},"excerpt":{"rendered":"<ul>\n<li>Carbon skal.<\/li>\n<li>ECE 22.06 &amp; DOT certificeret.<\/li>\n<li>1550g +\/- 50g.<\/li>\n<li>Lang oval form.<\/li>\n<li>Dobbelt D ring.<\/li>\n<li>Pinlock klar<\/li>\n<\/ul>","protected":false},"featured_media":6766,"comment_status":"closed","ping_status":"closed","template":"","meta":{"_relevanssi_hide_post":"","_relevanssi_hide_content":"","_relevanssi_pin_for_all":"","_relevanssi_pin_keywords":"","_relevanssi_unpin_keywords":"","_relevanssi_related_keywords":"","_relevanssi_related_include_ids":"","_relevanssi_related_exclude_ids":"","_relevanssi_related_no_append":"","_relevanssi_related_not_related":"","_relevanssi_related_posts":"","_relevanssi_noindex_reason":""},"product_brand":[],"product_cat":[82,50,56],"product_tag":[],"woo-feed-brand":[],"class_list":{"0":"post-6769","1":"product","2":"type-product","3":"status-publish","4":"has-post-thumbnail","6":"product_cat-modular-helmets","7":"product_cat-helmets","8":"product_cat-mc-clothing","10":"first","11":"instock","12":"taxable","13":"shipping-taxable","14":"purchasable","15":"product-type-variable"},"_links":{"self":[{"href":"https:\/\/www.cphmc.com\/da\/wp-json\/wp\/v2\/product\/6769","targetHints":{"allow":["GET"]}}],"collection":[{"href":"https:\/\/www.cphmc.com\/da\/wp-json\/wp\/v2\/product"}],"about":[{"href":"https:\/\/www.cphmc.com\/da\/wp-json\/wp\/v2\/types\/product"}],"replies":[{"embeddable":true,"href":"https:\/\/www.cphmc.com\/da\/wp-json\/wp\/v2\/comments?post=6769"}],"wp:featuredmedia":[{"embeddable":true,"href":"https:\/\/www.cphmc.com\/da\/wp-json\/wp\/v2\/media\/6766"}],"wp:attachment":[{"href":"https:\/\/www.cphmc.com\/da\/wp-json\/wp\/v2\/media?parent=6769"}],"wp:term":[{"taxonomy":"product_brand","embeddable":true,"href":"https:\/\/www.cphmc.com\/da\/wp-json\/wp\/v2\/product_brand?post=6769"},{"taxonomy":"product_cat","embeddable":true,"href":"https:\/\/www.cphmc.com\/da\/wp-json\/wp\/v2\/product_cat?post=6769"},{"taxonomy":"product_tag","embeddable":true,"href":"https:\/\/www.cphmc.com\/da\/wp-json\/wp\/v2\/product_tag?post=6769"},{"taxonomy":"woo-feed-brand","embeddable":true,"href":"https:\/\/www.cphmc.com\/da\/wp-json\/wp\/v2\/woo-feed-brand?post=6769"}],"curies":[{"name":"wp","href":"https:\/\/api.w.org\/{rel}","templated":true}]}}