{"id":6863,"date":"2022-12-12T09:28:55","date_gmt":"2022-12-12T08:28:55","guid":{"rendered":"https:\/\/www.cphmc.com\/?post_type=product&#038;p=6863"},"modified":"2023-06-14T13:03:05","modified_gmt":"2023-06-14T11:03:05","slug":"tcx-ro4d-air-black","status":"publish","type":"product","link":"https:\/\/www.cphmc.com\/da\/mc-clothing\/boots\/urban-boots\/tcx-ro4d-air-black\/","title":{"rendered":"TCX RO4D Air \u2013 Sort"},"content":{"rendered":"<p>TCX R04D AIR er yderst \u00e5ndbare motorcykelsko, der garanterer certificeret beskyttelse og alsidighed i alle situationer, fra bytransport til korte ture ud af byen.<\/p>\n<p>Overdelen af mesh-stof med hot melt-bel\u00e6gning kombinerer maksimal sikkerhed med fejlfri \u00e5ndbarhed og ventilation, for at holde foden t\u00f8r og behagelig i varmere klimaer. R04D AIR inkorporerer beskyttende D3O\u00ae-indl\u00e6g p\u00e5 anklen og forst\u00e6rkninger p\u00e5 t\u00e5-, h\u00e6l- og gearomr\u00e5det.<\/p>\n<p>Den langtidsholdbare, \u00e5ndbare OrthoLite\u00ae inders\u00e5l bidrager til perfekt termoregulering af foden. Groundtrax\u00ae-s\u00e5len, lavet af slidst\u00e6rkt gummi, sikrer maksimalt greb p\u00e5 alle overflader, optimal f\u00f8lsomhed og komfort, der passer til en heldags motorcykelsko. R04D AIR har sn\u00f8reb\u00e5nd komplet med gamacher og velcro til at justere kraveomr\u00e5det, en Bycast-l\u00e6derarmbeskyttelse og et reflekterende element p\u00e5 ryggen.<\/p>\n<ul>\n<li>Bycast skiftepude.<\/li>\n<li>Gamacher til opbevaring af sn\u00f8reb\u00e5ndene.<\/li>\n<li>Groundtrax\u00ae gummi yders\u00e5l.<\/li>\n<li>Lukkes med sn\u00f8reb\u00e5nd og velcro.<\/li>\n<li>Mesh-overdel med hot melt-bel\u00e6gning.<\/li>\n<\/ul>","protected":false},"excerpt":{"rendered":"<p>Certificerede ventilerede motorcykelsko. Maksimal beskyttelse i sadlen og st\u00f8rre anvendelighed i varmere klimaer.<\/p>\n<ul>\n<li>Bycast skiftepude.<\/li>\n<li>Gamacher til opbevaring af sn\u00f8reb\u00e5ndene.<\/li>\n<li>Groundtrax\u00ae gummi yders\u00e5l.<\/li>\n<li>Lukkes med sn\u00f8reb\u00e5nd og velcro.<\/li>\n<li>Mesh-overdel med hot melt-bel\u00e6gning.<\/li>\n<\/ul>","protected":false},"featured_media":6875,"comment_status":"closed","ping_status":"closed","template":"","meta":{"_relevanssi_hide_post":"","_relevanssi_hide_content":"","_relevanssi_pin_for_all":"","_relevanssi_pin_keywords":"","_relevanssi_unpin_keywords":"","_relevanssi_related_keywords":"","_relevanssi_related_include_ids":"","_relevanssi_related_exclude_ids":"","_relevanssi_related_no_append":"","_relevanssi_related_not_related":"","_relevanssi_related_posts":"","_relevanssi_noindex_reason":""},"product_brand":[],"product_cat":[86,51,56],"product_tag":[],"woo-feed-brand":[],"class_list":{"0":"post-6863","1":"product","2":"type-product","3":"status-publish","4":"has-post-thumbnail","6":"product_cat-urban-boots","7":"product_cat-boots","8":"product_cat-mc-clothing","10":"first","11":"instock","12":"taxable","13":"shipping-taxable","14":"purchasable","15":"product-type-variable"},"_links":{"self":[{"href":"https:\/\/www.cphmc.com\/da\/wp-json\/wp\/v2\/product\/6863","targetHints":{"allow":["GET"]}}],"collection":[{"href":"https:\/\/www.cphmc.com\/da\/wp-json\/wp\/v2\/product"}],"about":[{"href":"https:\/\/www.cphmc.com\/da\/wp-json\/wp\/v2\/types\/product"}],"replies":[{"embeddable":true,"href":"https:\/\/www.cphmc.com\/da\/wp-json\/wp\/v2\/comments?post=6863"}],"wp:featuredmedia":[{"embeddable":true,"href":"https:\/\/www.cphmc.com\/da\/wp-json\/wp\/v2\/media\/6875"}],"wp:attachment":[{"href":"https:\/\/www.cphmc.com\/da\/wp-json\/wp\/v2\/media?parent=6863"}],"wp:term":[{"taxonomy":"product_brand","embeddable":true,"href":"https:\/\/www.cphmc.com\/da\/wp-json\/wp\/v2\/product_brand?post=6863"},{"taxonomy":"product_cat","embeddable":true,"href":"https:\/\/www.cphmc.com\/da\/wp-json\/wp\/v2\/product_cat?post=6863"},{"taxonomy":"product_tag","embeddable":true,"href":"https:\/\/www.cphmc.com\/da\/wp-json\/wp\/v2\/product_tag?post=6863"},{"taxonomy":"woo-feed-brand","embeddable":true,"href":"https:\/\/www.cphmc.com\/da\/wp-json\/wp\/v2\/woo-feed-brand?post=6863"}],"curies":[{"name":"wp","href":"https:\/\/api.w.org\/{rel}","templated":true}]}}