{"id":6905,"date":"2022-12-12T11:05:19","date_gmt":"2022-12-12T10:05:19","guid":{"rendered":"https:\/\/www.cphmc.com\/?post_type=product&#038;p=6905"},"modified":"2023-06-14T13:03:02","modified_gmt":"2023-06-14T11:03:02","slug":"tcx-rt-race-white","status":"publish","type":"product","link":"https:\/\/www.cphmc.com\/da\/mc-clothing\/boots\/sports-boots\/tcx-rt-race-white\/","title":{"rendered":"TCX RT-Race \u2013 Hvid"},"content":{"rendered":"<p>RT-Race Pro Air motorcykelst\u00f8vlen er den bedste racermodel, som er resultatet af samarbejde mellem TCX R&amp;D-afdelingen og professionelle MotoGP\u2122-k\u00f8rere. RT-Race Pro Air inkorporerer Fasten Fit Control, et internt sn\u00f8resystem, der er forbundet til st\u00f8vleforet gennem en quick-slide sn\u00f8re, s\u00e5 overdelen kan vikle s\u00e5 meget som muligt rundt om foden, og pasformen kan tilpasses helt ned til millimeteren. . St\u00f8vlefastg\u00f8relsessystemet har et aluminiumsh\u00e5ndtag med mikrometrisk justering og quick release, designet s\u00e5 skaftet kan tilpasse sig perfekt til forskellige l\u00e6gformer, og en sidelynl\u00e5s med stretchpanel.<\/p>\n<p>TCX RT-Race Pro Air motorcykelst\u00f8vler er udstyret med anti-twist Double Flex Control-systemet, et polyurethan-led i ankelomr\u00e5det, der er i stand til at kontrollere bev\u00e6gelsen ned til millimeteren, hvilket giver ideel ledst\u00f8tte og fleksibilitet for at forhindre farlige vridninger og risikoen. af skade. Overdelen er lavet af meget slidst\u00e6rkt mikrofiber og perforeret, for at sikre optimal ventilation til foden og opretholde perfekt komfort selv ved h\u00f8je temperaturer.Inderforet er lavet af \u00e5ndbart AIR TECH mesh stof og har en polstring med forskellige tykkelser i anklen omr\u00e5de for at tilbyde maksimal komfort.<\/p>\n<p>&quot;Burnout&quot;-s\u00e5len skabt af TCX i samarbejde med Michelin\u00ae forskningscenter er inspireret af Michelin\u00ae &quot;Power Supersport Evo&quot;-d\u00e6kket. Den har en bi-sammensat slidbane med differentierede grebsomr\u00e5der, designet til at sikre overlegent greb p\u00e5 fodpl\u00f8kker og kontroller og st\u00f8rre modstandsdygtighed over for slid og slid fra asfalt. Profilen er fuldt integreret med overdelen og h\u00e6lvinklen sikrer optimal position p\u00e5 fodpl\u00f8kkerne.<\/p>\n<p>Der er udskiftelige magnesiumskydere p\u00e5 t\u00e5en og h\u00e6len for at hj\u00e6lpe med at glide, n\u00e5r de er i kontakt med asfalten. Der er flere polyurethanforst\u00e6rkninger p\u00e5 de mest udsatte omr\u00e5der, s\u00e5som skinnebenet, ankelen, t\u00e5en og h\u00e6len.<\/p>\n<ul>\n<li>Slidbestandig varmebeskytter i mikrofiber.<\/li>\n<li>Letv\u00e6gts gummiyders\u00e5l med differentieret design<\/li>\n<li>Fasten Fit Control (FFC) sn\u00f8resystem for forbedret k\u00f8repr\u00e6cision.<\/li>\n<li>Anti-torsion Double Flex Control System (DFC).<\/li>\n<\/ul>","protected":false},"excerpt":{"rendered":"<p>RT-Race motorcykelst\u00f8vlen er den beskyttende, lette sportsst\u00f8vle designet til maksimal sikkerhed og optimal cykelkontrol. RT-Race inkorporerer Fasten Fit Control, et indvendigt sn\u00f8resystem, der er forbundet til st\u00f8vleforet gennem en quick-slide sn\u00f8re, s\u00e5 overdelen kan vikle sig rundt om foden s\u00e5 meget som muligt, og pasformen kan tilpasses helt ned til millimeteren.<\/p>\n<p>St\u00f8vlefastg\u00f8relsessystemet har et aluminiumsh\u00e5ndtag med mikrometrisk justering og quick release, designet s\u00e5 skaftet kan tilpasse sig perfekt til forskellige l\u00e6gformer, og en sidelynl\u00e5s med stretchpanel. TCX RT-Race motorcykelst\u00f8vler er udstyret med anti-twist Double Flex Control-systemet, et polyurethan-led i ankelomr\u00e5det, der er i stand til at kontrollere bev\u00e6gelser ned til millimeteren, hvilket giver ideel ledst\u00f8tte og fleksibilitet, for at forhindre farlige vrid og risiko for skader .<\/p>\n<p>Overdelen er lavet af meget slidst\u00e6rkt mikrofiber. Den indvendige foring er lavet af \u00e5ndbart AIR TECH mesh stof og har en polstring med forskellige tykkelser i ankelomr\u00e5det for at give maksimal komfort. Der er udskiftelige polyurethanskydere p\u00e5 t\u00e5en og h\u00e6len for at hj\u00e6lpe med at glide, n\u00e5r de er i kontakt med asfalten. Der er flere forst\u00e6rkninger p\u00e5 de mest udsatte omr\u00e5der, s\u00e5som skinnebenet, anklen, t\u00e5en og h\u00e6len.<\/p>\n<ul>\n<li>Slidbestandig varmebeskytter i mikrofiber.<\/li>\n<li>Letv\u00e6gts gummiyders\u00e5l med differentieret design<\/li>\n<li>Fasten Fit Control (FFC) sn\u00f8resystem for forbedret k\u00f8repr\u00e6cision.<\/li>\n<li>Anti-torsion Double Flex Control System (DFC).<\/li>\n<\/ul>","protected":false},"featured_media":6920,"comment_status":"closed","ping_status":"closed","template":"","meta":{"_relevanssi_hide_post":"","_relevanssi_hide_content":"","_relevanssi_pin_for_all":"","_relevanssi_pin_keywords":"","_relevanssi_unpin_keywords":"","_relevanssi_related_keywords":"","_relevanssi_related_include_ids":"","_relevanssi_related_exclude_ids":"","_relevanssi_related_no_append":"","_relevanssi_related_not_related":"","_relevanssi_related_posts":"","_relevanssi_noindex_reason":""},"product_brand":[],"product_cat":[263,51,56],"product_tag":[],"woo-feed-brand":[],"class_list":{"0":"post-6905","1":"product","2":"type-product","3":"status-publish","4":"has-post-thumbnail","6":"product_cat-sports-boots","7":"product_cat-boots","8":"product_cat-mc-clothing","10":"first","11":"instock","12":"taxable","13":"shipping-taxable","14":"purchasable","15":"product-type-variable"},"_links":{"self":[{"href":"https:\/\/www.cphmc.com\/da\/wp-json\/wp\/v2\/product\/6905","targetHints":{"allow":["GET"]}}],"collection":[{"href":"https:\/\/www.cphmc.com\/da\/wp-json\/wp\/v2\/product"}],"about":[{"href":"https:\/\/www.cphmc.com\/da\/wp-json\/wp\/v2\/types\/product"}],"replies":[{"embeddable":true,"href":"https:\/\/www.cphmc.com\/da\/wp-json\/wp\/v2\/comments?post=6905"}],"wp:featuredmedia":[{"embeddable":true,"href":"https:\/\/www.cphmc.com\/da\/wp-json\/wp\/v2\/media\/6920"}],"wp:attachment":[{"href":"https:\/\/www.cphmc.com\/da\/wp-json\/wp\/v2\/media?parent=6905"}],"wp:term":[{"taxonomy":"product_brand","embeddable":true,"href":"https:\/\/www.cphmc.com\/da\/wp-json\/wp\/v2\/product_brand?post=6905"},{"taxonomy":"product_cat","embeddable":true,"href":"https:\/\/www.cphmc.com\/da\/wp-json\/wp\/v2\/product_cat?post=6905"},{"taxonomy":"product_tag","embeddable":true,"href":"https:\/\/www.cphmc.com\/da\/wp-json\/wp\/v2\/product_tag?post=6905"},{"taxonomy":"woo-feed-brand","embeddable":true,"href":"https:\/\/www.cphmc.com\/da\/wp-json\/wp\/v2\/woo-feed-brand?post=6905"}],"curies":[{"name":"wp","href":"https:\/\/api.w.org\/{rel}","templated":true}]}}