{"id":6947,"date":"2022-12-12T11:58:46","date_gmt":"2022-12-12T10:58:46","guid":{"rendered":"https:\/\/www.cphmc.com\/?post_type=product&#038;p=6947"},"modified":"2023-06-14T13:02:58","modified_gmt":"2023-06-14T11:02:58","slug":"tcx-sp-master-black","status":"publish","type":"product","link":"https:\/\/www.cphmc.com\/da\/mc-clothing\/boots\/sports-boots\/tcx-sp-master-black\/","title":{"rendered":"TCX SP-Master \u2013 Sort"},"content":{"rendered":"<p>SP-Master motorcykelst\u00f8vlerne er en del af racerserien og garanterer sikkerhed, komfort og k\u00f8ref\u00f8lsomhed. SP-Master st\u00f8vlers beskyttelse er garanteret af polyurethan Ankel Retention System (ARS) p\u00e5 ydersiden, af polyurethan h\u00e6l og skinnebensbeskyttelse forst\u00e6rket med metal mesh luft\u00e5bninger, og af den udskiftelige polyurethan skyder placeret p\u00e5 anklen. OrthoLite\u00ae inders\u00e5len tilbyder perfekt og langvarig st\u00f8dabsorbering til fods\u00e5len selv efter mange brug, samt h\u00f8je niveauer af \u00e5ndbarhed, for maksimal komfort i enhver situation. Komfort og fleksibilitet er ogs\u00e5 garanteret og forbedret af mikrofiberoverdelen med polstret for- og bagb\u00e6lge, mens et matchende elastisk b\u00e5nd langs lynl\u00e5sen sikrer nem st\u00f8vlepasning til enhver fodform. Den ultralette polypropylens\u00e5l har forskellige tykkelser til differentierede grebsomr\u00e5der, og gummislidbanen, der er udviklet med et distinkt design for optimalt greb p\u00e5 fodpl\u00f8kkene, er meget slidst\u00e6rkt.<\/p>\n<ul>\n<li>Differentieret design for optimalt greb om fodpindene.<\/li>\n<li>Ortholite fodseng.<\/li>\n<li>Forst\u00e6rket polypropylen inders\u00e5l.<\/li>\n<li>Ankelfastholdelsessystem.<\/li>\n<li>Sidelukning med elastisk lynl\u00e5s og velcro.<\/li>\n<\/ul>","protected":false},"excerpt":{"rendered":"<p>Racermotorcykelst\u00f8vler, der kombinerer beskyttelse, komfort og k\u00f8ref\u00f8lsomhed. Differentieret design for optimalt greb om fodpindene. Ortholite fodseng med langvarig d\u00e6mpning og h\u00f8j \u00e5ndbarhed. Forst\u00e6rket polypropylen inders\u00e5l med differentieret tykkelse. Ankelfastholdelsessystem i polyurethan p\u00e5 siden. Sidelukning med elastisk lynl\u00e5s og velcro.<\/p>\n<ul>\n<li>Differentieret design for optimalt greb om fodpindene.<\/li>\n<li>Ortholite fodseng.<\/li>\n<li>Forst\u00e6rket polypropylen inders\u00e5l.<\/li>\n<li>Ankelfastholdelsessystem.<\/li>\n<li>Sidelukning med elastisk lynl\u00e5s og velcro.<\/li>\n<\/ul>\n<p>&nbsp;<\/p>","protected":false},"featured_media":6971,"comment_status":"closed","ping_status":"closed","template":"","meta":{"_relevanssi_hide_post":"","_relevanssi_hide_content":"","_relevanssi_pin_for_all":"","_relevanssi_pin_keywords":"","_relevanssi_unpin_keywords":"","_relevanssi_related_keywords":"","_relevanssi_related_include_ids":"","_relevanssi_related_exclude_ids":"","_relevanssi_related_no_append":"","_relevanssi_related_not_related":"","_relevanssi_related_posts":"","_relevanssi_noindex_reason":""},"product_brand":[],"product_cat":[263,51,56],"product_tag":[],"woo-feed-brand":[],"class_list":{"0":"post-6947","1":"product","2":"type-product","3":"status-publish","4":"has-post-thumbnail","6":"product_cat-sports-boots","7":"product_cat-boots","8":"product_cat-mc-clothing","10":"first","11":"instock","12":"taxable","13":"shipping-taxable","14":"purchasable","15":"product-type-variable"},"_links":{"self":[{"href":"https:\/\/www.cphmc.com\/da\/wp-json\/wp\/v2\/product\/6947","targetHints":{"allow":["GET"]}}],"collection":[{"href":"https:\/\/www.cphmc.com\/da\/wp-json\/wp\/v2\/product"}],"about":[{"href":"https:\/\/www.cphmc.com\/da\/wp-json\/wp\/v2\/types\/product"}],"replies":[{"embeddable":true,"href":"https:\/\/www.cphmc.com\/da\/wp-json\/wp\/v2\/comments?post=6947"}],"wp:featuredmedia":[{"embeddable":true,"href":"https:\/\/www.cphmc.com\/da\/wp-json\/wp\/v2\/media\/6971"}],"wp:attachment":[{"href":"https:\/\/www.cphmc.com\/da\/wp-json\/wp\/v2\/media?parent=6947"}],"wp:term":[{"taxonomy":"product_brand","embeddable":true,"href":"https:\/\/www.cphmc.com\/da\/wp-json\/wp\/v2\/product_brand?post=6947"},{"taxonomy":"product_cat","embeddable":true,"href":"https:\/\/www.cphmc.com\/da\/wp-json\/wp\/v2\/product_cat?post=6947"},{"taxonomy":"product_tag","embeddable":true,"href":"https:\/\/www.cphmc.com\/da\/wp-json\/wp\/v2\/product_tag?post=6947"},{"taxonomy":"woo-feed-brand","embeddable":true,"href":"https:\/\/www.cphmc.com\/da\/wp-json\/wp\/v2\/woo-feed-brand?post=6947"}],"curies":[{"name":"wp","href":"https:\/\/api.w.org\/{rel}","templated":true}]}}