{"id":6975,"date":"2022-12-12T12:09:56","date_gmt":"2022-12-12T11:09:56","guid":{"rendered":"https:\/\/www.cphmc.com\/?post_type=product&#038;p=6975"},"modified":"2023-06-14T13:02:57","modified_gmt":"2023-06-14T11:02:57","slug":"tcx-hero-wp-black","status":"publish","type":"product","link":"https:\/\/www.cphmc.com\/da\/mc-clothing\/boots\/urban-boots\/tcx-hero-wp-black\/","title":{"rendered":"TCX Hero WP \u2013 Sort"},"content":{"rendered":"<p>De kampagtige Hero Waterproof-halvst\u00f8vler er fuldst\u00e6ndig vandt\u00e6tte p\u00e5 grund af T-DRY-membranen, som giver dig mulighed for at have dem p\u00e5 hele \u00e5ret. Hero vandt\u00e6tte st\u00f8vler kombinerer maksimal k\u00f8re- og g\u00e5komfort med h\u00f8je niveauer af beskyttelse p\u00e5 grund af forst\u00e6rkninger p\u00e5 ankel, t\u00e5 og h\u00e6l. Overdelen er i fuldnarvet l\u00e6der, mens s\u00e5len har en tesselleret slidbane, der giver perfekt tr\u00e6kkraft p\u00e5 enhver type terr\u00e6n. Inders\u00e5len med OrthoLite\u00ae-teknologi optimerer \u00e5ndbarheden i varmere klimaer og sikrer langvarig d\u00e6mpning til fods\u00e5len. St\u00f8vlerne har et sn\u00f8resystem, der er gjort endnu nemmere af en sidelynl\u00e5s skjult af en velcrostrop. Den konturformede \u00f8vre krave og et polstret led over h\u00e6len sikrer st\u00f8rre komfort.<\/p>\n<ul>\n<li>Fuldnarvet l\u00e6der.<\/li>\n<li>T-Dry vandt\u00e6t membran.<\/li>\n<li>&quot;Ideel&quot; konstruktionsteknik med sys\u00e5l.<\/li>\n<li>Gummi yders\u00e5l med dybe lugs.<\/li>\n<\/ul>","protected":false},"excerpt":{"rendered":"<p>Motorcykelst\u00f8vler med T-DRY vandt\u00e6t membran. Kombinerer maksimal beskyttelse med h\u00f8j komfort, n\u00e5r du cykler og g\u00e5r.<\/p>\n<ul>\n<li>Fuldnarvet l\u00e6der.<\/li>\n<li>T-Dry vandt\u00e6t membran.<\/li>\n<li>&quot;Ideel&quot; konstruktionsteknik med sys\u00e5l.<\/li>\n<li>Gummi yders\u00e5l med dybe lugs.<\/li>\n<\/ul>","protected":false},"featured_media":6988,"comment_status":"closed","ping_status":"closed","template":"","meta":{"_relevanssi_hide_post":"","_relevanssi_hide_content":"","_relevanssi_pin_for_all":"","_relevanssi_pin_keywords":"","_relevanssi_unpin_keywords":"","_relevanssi_related_keywords":"","_relevanssi_related_include_ids":"","_relevanssi_related_exclude_ids":"","_relevanssi_related_no_append":"","_relevanssi_related_not_related":"","_relevanssi_related_posts":"","_relevanssi_noindex_reason":""},"product_brand":[],"product_cat":[86,51,56],"product_tag":[],"woo-feed-brand":[],"class_list":{"0":"post-6975","1":"product","2":"type-product","3":"status-publish","4":"has-post-thumbnail","6":"product_cat-urban-boots","7":"product_cat-boots","8":"product_cat-mc-clothing","10":"first","11":"instock","12":"taxable","13":"shipping-taxable","14":"purchasable","15":"product-type-variable"},"_links":{"self":[{"href":"https:\/\/www.cphmc.com\/da\/wp-json\/wp\/v2\/product\/6975","targetHints":{"allow":["GET"]}}],"collection":[{"href":"https:\/\/www.cphmc.com\/da\/wp-json\/wp\/v2\/product"}],"about":[{"href":"https:\/\/www.cphmc.com\/da\/wp-json\/wp\/v2\/types\/product"}],"replies":[{"embeddable":true,"href":"https:\/\/www.cphmc.com\/da\/wp-json\/wp\/v2\/comments?post=6975"}],"wp:featuredmedia":[{"embeddable":true,"href":"https:\/\/www.cphmc.com\/da\/wp-json\/wp\/v2\/media\/6988"}],"wp:attachment":[{"href":"https:\/\/www.cphmc.com\/da\/wp-json\/wp\/v2\/media?parent=6975"}],"wp:term":[{"taxonomy":"product_brand","embeddable":true,"href":"https:\/\/www.cphmc.com\/da\/wp-json\/wp\/v2\/product_brand?post=6975"},{"taxonomy":"product_cat","embeddable":true,"href":"https:\/\/www.cphmc.com\/da\/wp-json\/wp\/v2\/product_cat?post=6975"},{"taxonomy":"product_tag","embeddable":true,"href":"https:\/\/www.cphmc.com\/da\/wp-json\/wp\/v2\/product_tag?post=6975"},{"taxonomy":"woo-feed-brand","embeddable":true,"href":"https:\/\/www.cphmc.com\/da\/wp-json\/wp\/v2\/woo-feed-brand?post=6975"}],"curies":[{"name":"wp","href":"https:\/\/api.w.org\/{rel}","templated":true}]}}