{"id":7016,"date":"2022-12-12T12:39:26","date_gmt":"2022-12-12T11:39:26","guid":{"rendered":"https:\/\/www.cphmc.com\/?post_type=product&#038;p=7016"},"modified":"2023-06-14T13:02:54","modified_gmt":"2023-06-14T11:02:54","slug":"tcx-clima-surround-gtx-black","status":"publish","type":"product","link":"https:\/\/www.cphmc.com\/da\/mc-clothing\/boots\/touring-boots\/tcx-clima-surround-gtx-black\/","title":{"rendered":"TCX Clima Surround GTX \u2013 Sort"},"content":{"rendered":"<p>Clima Gore-Tex Surround\u00ae turst\u00f8vler er beskyttende, vandt\u00e6tte og velegnede til alle vejrforhold. Gore-Tex Surround\u00ae-teknologi, med indvendigt ventilationsgitter og sideventilationshuller, kanaliserer fugt og varme mod sidehullerne.<\/p>\n<p>Den eksklusive s\u00e5lkonstruktion fungerer i synergi med den \u00e5ndbare og slidst\u00e6rke CORDURA\u00ae-overdel og med Gore-Tex\u00ae Extended Comfort-membranen, for at sikre all-round komfort i ethvert klima. F\u00f8dderne forbliver t\u00f8rre og behagelige fra for\u00e5r til efter\u00e5r, ogs\u00e5 p\u00e5 grund af indl\u00e6gss\u00e5lerne med OrthoLite\u00ae-teknologi, der perfekt d\u00e6mper alle bev\u00e6gelser og tilbyder h\u00f8je niveauer af \u00e5ndbarhed.<\/p>\n<p>De forst\u00e6rkede polyurethan-indsatser p\u00e5 skinnebenet, anklen, t\u00e5en og h\u00e6len og den mikro-injicerede h\u00e5ndtagsbeskyttelse garanterer maksimal sikkerhed. S\u00e5len har en gummislidbane med et anti-skrid design ledsaget af en polyurethan mellems\u00e5l, der sikrer strukturel stivhed, komfort og langvarig d\u00e6mpning.<\/p>\n<p>For at forbedre komforten og fleksibiliteten i pasformen har st\u00f8vlerne mikrofiberb\u00e6lge foran og bagp\u00e5, mens en elastisk lynl\u00e5s skjult af en velcro-strop garanterer hurtig og sikker fastg\u00f8relse.<\/p>\n<ul>\n<li>CORDURA\u00ae stof med mikro-injicerede indsatser.<\/li>\n<li>Forst\u00e6rkninger p\u00e5 skinneben, malleolus, t\u00e5 og h\u00e6l.<\/li>\n<li>Gore Tex Extended Comfort membran.<\/li>\n<\/ul>","protected":false},"excerpt":{"rendered":"<p>Turst\u00f8vler med vandt\u00e6t og \u00e5ndbar Gore-Tex\u00ae-membran og Gore-Tex Surround\u00ae-teknologi. Kombinerer beskyttelse, komfort og alsidighed i hele klimaet.<\/p>\n<ul>\n<li>CORDURA\u00ae stof med mikro-injicerede indsatser.<\/li>\n<li>Forst\u00e6rkninger p\u00e5 skinneben, malleolus, t\u00e5 og h\u00e6l.<\/li>\n<li>Gore Tex Extended Comfort membran.<\/li>\n<\/ul>","protected":false},"featured_media":7028,"comment_status":"closed","ping_status":"closed","template":"","meta":{"_relevanssi_hide_post":"","_relevanssi_hide_content":"","_relevanssi_pin_for_all":"","_relevanssi_pin_keywords":"","_relevanssi_unpin_keywords":"","_relevanssi_related_keywords":"","_relevanssi_related_include_ids":"","_relevanssi_related_exclude_ids":"","_relevanssi_related_no_append":"","_relevanssi_related_not_related":"","_relevanssi_related_posts":"","_relevanssi_noindex_reason":""},"product_brand":[],"product_cat":[87,51,56],"product_tag":[],"woo-feed-brand":[],"class_list":{"0":"post-7016","1":"product","2":"type-product","3":"status-publish","4":"has-post-thumbnail","6":"product_cat-touring-boots","7":"product_cat-boots","8":"product_cat-mc-clothing","10":"first","11":"instock","12":"taxable","13":"shipping-taxable","14":"purchasable","15":"product-type-variable"},"_links":{"self":[{"href":"https:\/\/www.cphmc.com\/da\/wp-json\/wp\/v2\/product\/7016","targetHints":{"allow":["GET"]}}],"collection":[{"href":"https:\/\/www.cphmc.com\/da\/wp-json\/wp\/v2\/product"}],"about":[{"href":"https:\/\/www.cphmc.com\/da\/wp-json\/wp\/v2\/types\/product"}],"replies":[{"embeddable":true,"href":"https:\/\/www.cphmc.com\/da\/wp-json\/wp\/v2\/comments?post=7016"}],"wp:featuredmedia":[{"embeddable":true,"href":"https:\/\/www.cphmc.com\/da\/wp-json\/wp\/v2\/media\/7028"}],"wp:attachment":[{"href":"https:\/\/www.cphmc.com\/da\/wp-json\/wp\/v2\/media?parent=7016"}],"wp:term":[{"taxonomy":"product_brand","embeddable":true,"href":"https:\/\/www.cphmc.com\/da\/wp-json\/wp\/v2\/product_brand?post=7016"},{"taxonomy":"product_cat","embeddable":true,"href":"https:\/\/www.cphmc.com\/da\/wp-json\/wp\/v2\/product_cat?post=7016"},{"taxonomy":"product_tag","embeddable":true,"href":"https:\/\/www.cphmc.com\/da\/wp-json\/wp\/v2\/product_tag?post=7016"},{"taxonomy":"woo-feed-brand","embeddable":true,"href":"https:\/\/www.cphmc.com\/da\/wp-json\/wp\/v2\/woo-feed-brand?post=7016"}],"curies":[{"name":"wp","href":"https:\/\/api.w.org\/{rel}","templated":true}]}}