{"id":7037,"date":"2022-12-12T12:44:47","date_gmt":"2022-12-12T11:44:47","guid":{"rendered":"https:\/\/www.cphmc.com\/?post_type=product&#038;p=7037"},"modified":"2023-06-14T13:02:52","modified_gmt":"2023-06-14T11:02:52","slug":"tcx-x-five-4-gtx-black","status":"publish","type":"product","link":"https:\/\/www.cphmc.com\/da\/mc-clothing\/boots\/touring-boots\/tcx-x-five-4-gtx-black\/","title":{"rendered":"TCX X-Five.4 GTX \u2013 Sort"},"content":{"rendered":"<p>X-Five.4 Gore-Tex\u00ae turst\u00f8vler kombinerer komfort og alsidighed med h\u00f8je sikkerhedsstandarder. De forst\u00e6rkede indl\u00e6g p\u00e5 skinnebenet, anklen, t\u00e5en og h\u00e6len og h\u00e5ndtagsbeskyttelsen integreret i s\u00e5len garanterer maksimal beskyttelse.<\/p>\n<p>X-Five.4 Gore-Tex\u00ae-st\u00f8vlerne har en overdel i fuldnarvet l\u00e6der og kan b\u00e6res under alle \u00e5rstider og vejrforhold, takket v\u00e6re membranen med Gore-Tex\u00ae Performance Comfort Footwear-teknologi. Den nye touring-s\u00e5l kan prale af differentierede grebsomr\u00e5der for at optimere grebet p\u00e5 alle typer overflader og for at tilbyde maksimal stabilitet, mens den anatomiske og udtagelige indl\u00e6gss\u00e5l med OrthoLite\u00ae-teknologi har forskellige tykkelser for at \u00f8ge niveauet af komfort, d\u00e6mpning og \u00e5ndbarhed, hvilket resulterer i lang- varig brug.<\/p>\n<p>For at \u00f8ge komforten og fleksibiliteten i pasformen har st\u00f8vlerne polstret for- og bagb\u00e6lge samt et hurtigt og sikkert fastg\u00f8relsessystem, der takket v\u00e6re en sideelastisk lynl\u00e5s og en velcrorem er ideel til alle fodformer.<\/p>\n<ul>\n<li>Gore-Tex Performance Comfort membran.<\/li>\n<li>Forst\u00e6rkninger p\u00e5 skinneben, malleolus, t\u00e5 og h\u00e6l.<\/li>\n<li>Overdel i fuldnarvet l\u00e6der.<\/li>\n<\/ul>","protected":false},"excerpt":{"rendered":"<p>Turst\u00f8vler med Gore-Tex\u00ae Performance Comfort vandt\u00e6t membran, der kombinerer beskyttelse med komfort og alsidighed.<\/p>\n<ul>\n<li>Gore-Tex Performance Comfort membran.<\/li>\n<li>Forst\u00e6rkninger p\u00e5 skinneben, malleolus, t\u00e5 og h\u00e6l.<\/li>\n<li>Overdel i fuldnarvet l\u00e6der.<\/li>\n<\/ul>","protected":false},"featured_media":7049,"comment_status":"closed","ping_status":"closed","template":"","meta":{"_relevanssi_hide_post":"","_relevanssi_hide_content":"","_relevanssi_pin_for_all":"","_relevanssi_pin_keywords":"","_relevanssi_unpin_keywords":"","_relevanssi_related_keywords":"","_relevanssi_related_include_ids":"","_relevanssi_related_exclude_ids":"","_relevanssi_related_no_append":"","_relevanssi_related_not_related":"","_relevanssi_related_posts":"","_relevanssi_noindex_reason":""},"product_brand":[],"product_cat":[87,51,56],"product_tag":[],"woo-feed-brand":[],"class_list":{"0":"post-7037","1":"product","2":"type-product","3":"status-publish","4":"has-post-thumbnail","6":"product_cat-touring-boots","7":"product_cat-boots","8":"product_cat-mc-clothing","10":"first","11":"instock","12":"taxable","13":"shipping-taxable","14":"purchasable","15":"product-type-variable"},"_links":{"self":[{"href":"https:\/\/www.cphmc.com\/da\/wp-json\/wp\/v2\/product\/7037","targetHints":{"allow":["GET"]}}],"collection":[{"href":"https:\/\/www.cphmc.com\/da\/wp-json\/wp\/v2\/product"}],"about":[{"href":"https:\/\/www.cphmc.com\/da\/wp-json\/wp\/v2\/types\/product"}],"replies":[{"embeddable":true,"href":"https:\/\/www.cphmc.com\/da\/wp-json\/wp\/v2\/comments?post=7037"}],"wp:featuredmedia":[{"embeddable":true,"href":"https:\/\/www.cphmc.com\/da\/wp-json\/wp\/v2\/media\/7049"}],"wp:attachment":[{"href":"https:\/\/www.cphmc.com\/da\/wp-json\/wp\/v2\/media?parent=7037"}],"wp:term":[{"taxonomy":"product_brand","embeddable":true,"href":"https:\/\/www.cphmc.com\/da\/wp-json\/wp\/v2\/product_brand?post=7037"},{"taxonomy":"product_cat","embeddable":true,"href":"https:\/\/www.cphmc.com\/da\/wp-json\/wp\/v2\/product_cat?post=7037"},{"taxonomy":"product_tag","embeddable":true,"href":"https:\/\/www.cphmc.com\/da\/wp-json\/wp\/v2\/product_tag?post=7037"},{"taxonomy":"woo-feed-brand","embeddable":true,"href":"https:\/\/www.cphmc.com\/da\/wp-json\/wp\/v2\/woo-feed-brand?post=7037"}],"curies":[{"name":"wp","href":"https:\/\/api.w.org\/{rel}","templated":true}]}}