{"id":7058,"date":"2022-12-12T12:48:44","date_gmt":"2022-12-12T11:48:44","guid":{"rendered":"https:\/\/www.cphmc.com\/?post_type=product&#038;p=7058"},"modified":"2023-06-14T13:02:51","modified_gmt":"2023-06-14T11:02:51","slug":"tcx-explorer-4-gtx-black","status":"publish","type":"product","link":"https:\/\/www.cphmc.com\/da\/mc-clothing\/boots\/touring-boots\/tcx-explorer-4-gtx-black\/","title":{"rendered":"TCX Explorer.4 GTX \u2013 Sort"},"content":{"rendered":"<p>Explorer 4 Gore-Tex\u00ae-turst\u00f8vlerne er vandt\u00e6tte og \u00e5ndbare og garanterer certificeret beskyttelse, k\u00f8rekomfort og tilpasningsevne til langvarig brug p\u00e5 alle \u00e5rstider. Overdelen er lavet af mikrofiber og meget slidst\u00e6rkt polyamidstof og er forbedret med reflekterende indsatser bagp\u00e5, for at \u00f8ge k\u00f8resikkerheden.<\/p>\n<p>St\u00f8vlerne har en Gore-Tex\u00ae Performance Comfort Footwear-membran, som garanterer vandt\u00e6tning og \u00e5ndbarhed, og en OrthoLite\u00ae-indl\u00e6gss\u00e5l for langvarig og meget \u00e5ndbar d\u00e6mpning.<\/p>\n<p>Forst\u00e6rkninger p\u00e5 ankel, skinneben, t\u00e5 og h\u00e6l samt en termoplastisk polyurethan h\u00e5ndtagsbeskyttelse sikrer det h\u00f8jeste niveau af beskyttelse. Deres sikkerhedsniveau \u00f8ges ogs\u00e5 af, at s\u00e5len kan prale af differentierede grebsomr\u00e5der, for at optimere grebet og sikre stabilitet p\u00e5 fodpindene.<\/p>\n<p>Explorer 4 Gore-Tex\u00ae st\u00f8vlerne har et nemt og behageligt fastg\u00f8relsessystem med en elastisk sidelynl\u00e5s og en bred velcrostrop.<\/p>\n<ul>\n<li>Overdel i mikrofiber og h\u00f8jfast polyamidstof.<\/li>\n<li>Forst\u00e6rkninger p\u00e5 skinneben, malleolus, t\u00e5 og h\u00e6l.<\/li>\n<li>Gore-Tex Performance Comfort fodt\u00f8jsmembran.<\/li>\n<\/ul>","protected":false},"excerpt":{"rendered":"<p>Turst\u00f8vler med Gore-Tex\u00ae vandt\u00e6t og \u00e5ndbar membran, der kombinerer beskyttelse med komfort og alsidighed.<\/p>\n<ul>\n<li>Overdel i mikrofiber og h\u00f8jfast polyamidstof.<\/li>\n<li>Forst\u00e6rkninger p\u00e5 skinneben, malleolus, t\u00e5 og h\u00e6l.<\/li>\n<li>Gore-Tex Performance Comfort fodt\u00f8jsmembran.<\/li>\n<\/ul>","protected":false},"featured_media":7070,"comment_status":"closed","ping_status":"closed","template":"","meta":{"_relevanssi_hide_post":"","_relevanssi_hide_content":"","_relevanssi_pin_for_all":"","_relevanssi_pin_keywords":"","_relevanssi_unpin_keywords":"","_relevanssi_related_keywords":"","_relevanssi_related_include_ids":"","_relevanssi_related_exclude_ids":"","_relevanssi_related_no_append":"","_relevanssi_related_not_related":"","_relevanssi_related_posts":"","_relevanssi_noindex_reason":""},"product_brand":[],"product_cat":[87,51,56],"product_tag":[],"woo-feed-brand":[],"class_list":{"0":"post-7058","1":"product","2":"type-product","3":"status-publish","4":"has-post-thumbnail","6":"product_cat-touring-boots","7":"product_cat-boots","8":"product_cat-mc-clothing","10":"first","11":"instock","12":"taxable","13":"shipping-taxable","14":"purchasable","15":"product-type-variable"},"_links":{"self":[{"href":"https:\/\/www.cphmc.com\/da\/wp-json\/wp\/v2\/product\/7058","targetHints":{"allow":["GET"]}}],"collection":[{"href":"https:\/\/www.cphmc.com\/da\/wp-json\/wp\/v2\/product"}],"about":[{"href":"https:\/\/www.cphmc.com\/da\/wp-json\/wp\/v2\/types\/product"}],"replies":[{"embeddable":true,"href":"https:\/\/www.cphmc.com\/da\/wp-json\/wp\/v2\/comments?post=7058"}],"wp:featuredmedia":[{"embeddable":true,"href":"https:\/\/www.cphmc.com\/da\/wp-json\/wp\/v2\/media\/7070"}],"wp:attachment":[{"href":"https:\/\/www.cphmc.com\/da\/wp-json\/wp\/v2\/media?parent=7058"}],"wp:term":[{"taxonomy":"product_brand","embeddable":true,"href":"https:\/\/www.cphmc.com\/da\/wp-json\/wp\/v2\/product_brand?post=7058"},{"taxonomy":"product_cat","embeddable":true,"href":"https:\/\/www.cphmc.com\/da\/wp-json\/wp\/v2\/product_cat?post=7058"},{"taxonomy":"product_tag","embeddable":true,"href":"https:\/\/www.cphmc.com\/da\/wp-json\/wp\/v2\/product_tag?post=7058"},{"taxonomy":"woo-feed-brand","embeddable":true,"href":"https:\/\/www.cphmc.com\/da\/wp-json\/wp\/v2\/woo-feed-brand?post=7058"}],"curies":[{"name":"wp","href":"https:\/\/api.w.org\/{rel}","templated":true}]}}