{"id":7078,"date":"2022-12-12T13:39:41","date_gmt":"2022-12-12T12:39:41","guid":{"rendered":"https:\/\/www.cphmc.com\/?post_type=product&#038;p=7078"},"modified":"2023-06-14T13:02:49","modified_gmt":"2023-06-14T11:02:49","slug":"tcx-hub-wp-black","status":"publish","type":"product","link":"https:\/\/www.cphmc.com\/da\/mc-clothing\/boots\/touring-boots\/tcx-hub-wp-black\/","title":{"rendered":"TCX Hub WP \u2013 Sort"},"content":{"rendered":"<p>Hub Waterproof motorcykelst\u00f8vlerne er vandt\u00e6tte og \u00e5ndbare og garanterer beskyttelse, alsidighed og k\u00f8rekomfort. Desuden g\u00f8r den vandt\u00e6tte T-DRY-membran Hub Waterproof-st\u00f8vlerne ideelle til at k\u00f8re i regn og i h\u00e5rdt vejr, mens OrthoLite\u00ae-indl\u00e6gss\u00e5len g\u00f8r dem \u00e5ndbare og forbedrer komforten i varmere klimaer.<\/p>\n<p>Overdelen, i bycast l\u00e6der, har et &quot;low cut&quot;, der giver en hurtigere og lettere pasform, er lavet af bl\u00f8dt mikrofiber og kan prale med polstret for- og bagb\u00e6lge for at \u00f8ge komforten og fremme fleksibiliteten. Forst\u00e6rkninger p\u00e5 ankel, skinneben, t\u00e5 og h\u00e6l samt en termoplastisk polyurethan-armbeskyttelse og en reflekterende indsats bagp\u00e5 sikrer det h\u00f8jeste niveau af certificeret beskyttelse.<\/p>\n<p>Den slidst\u00e6rke gummislidbane har forskellige tykkelser, hvilket garanterer maksimal stabilitet og k\u00f8resikkerhed samt optimalt greb selv i regnvejr. St\u00f8vlerne kan prale af et meget nemt fastg\u00f8relsessystem takket v\u00e6re en velcro-strop med mikro-indspr\u00f8jtninger, samt et sp\u00e6nde i vristomr\u00e5det, der giver en optimal ergonomisk pasform.<\/p>\n<ul>\n<li>Bycast oksel\u00e6der overdel.<\/li>\n<li>Forst\u00e6rket malleolus, t\u00e5- og h\u00e6lt\u00e6ller.<\/li>\n<li>T-Dry vandt\u00e6t membran<\/li>\n<\/ul>","protected":false},"excerpt":{"rendered":"<p>Touring halvst\u00f8vler med T-DRY vandt\u00e6t membran. Kombinerer beskyttelse med komfort og alsidighed.<\/p>\n<ul>\n<li>Bycast oksel\u00e6der overdel.<\/li>\n<li>Forst\u00e6rket malleolus, t\u00e5- og h\u00e6lt\u00e6ller.<\/li>\n<li>T-Dry vandt\u00e6t membran<\/li>\n<\/ul>","protected":false},"featured_media":7090,"comment_status":"closed","ping_status":"closed","template":"","meta":{"_relevanssi_hide_post":"","_relevanssi_hide_content":"","_relevanssi_pin_for_all":"","_relevanssi_pin_keywords":"","_relevanssi_unpin_keywords":"","_relevanssi_related_keywords":"","_relevanssi_related_include_ids":"","_relevanssi_related_exclude_ids":"","_relevanssi_related_no_append":"","_relevanssi_related_not_related":"","_relevanssi_related_posts":"","_relevanssi_noindex_reason":""},"product_brand":[],"product_cat":[87,51,56],"product_tag":[],"woo-feed-brand":[],"class_list":{"0":"post-7078","1":"product","2":"type-product","3":"status-publish","4":"has-post-thumbnail","6":"product_cat-touring-boots","7":"product_cat-boots","8":"product_cat-mc-clothing","10":"first","11":"instock","12":"taxable","13":"shipping-taxable","14":"purchasable","15":"product-type-variable"},"_links":{"self":[{"href":"https:\/\/www.cphmc.com\/da\/wp-json\/wp\/v2\/product\/7078","targetHints":{"allow":["GET"]}}],"collection":[{"href":"https:\/\/www.cphmc.com\/da\/wp-json\/wp\/v2\/product"}],"about":[{"href":"https:\/\/www.cphmc.com\/da\/wp-json\/wp\/v2\/types\/product"}],"replies":[{"embeddable":true,"href":"https:\/\/www.cphmc.com\/da\/wp-json\/wp\/v2\/comments?post=7078"}],"wp:featuredmedia":[{"embeddable":true,"href":"https:\/\/www.cphmc.com\/da\/wp-json\/wp\/v2\/media\/7090"}],"wp:attachment":[{"href":"https:\/\/www.cphmc.com\/da\/wp-json\/wp\/v2\/media?parent=7078"}],"wp:term":[{"taxonomy":"product_brand","embeddable":true,"href":"https:\/\/www.cphmc.com\/da\/wp-json\/wp\/v2\/product_brand?post=7078"},{"taxonomy":"product_cat","embeddable":true,"href":"https:\/\/www.cphmc.com\/da\/wp-json\/wp\/v2\/product_cat?post=7078"},{"taxonomy":"product_tag","embeddable":true,"href":"https:\/\/www.cphmc.com\/da\/wp-json\/wp\/v2\/product_tag?post=7078"},{"taxonomy":"woo-feed-brand","embeddable":true,"href":"https:\/\/www.cphmc.com\/da\/wp-json\/wp\/v2\/woo-feed-brand?post=7078"}],"curies":[{"name":"wp","href":"https:\/\/api.w.org\/{rel}","templated":true}]}}