{"id":7119,"date":"2022-12-12T13:55:36","date_gmt":"2022-12-12T12:55:36","guid":{"rendered":"https:\/\/www.cphmc.com\/?post_type=product&#038;p=7119"},"modified":"2023-06-14T13:02:47","modified_gmt":"2023-06-14T11:02:47","slug":"tcx-infinity-3-mid-gtx-black","status":"publish","type":"product","link":"https:\/\/www.cphmc.com\/da\/mc-clothing\/boots\/adventure-boots\/tcx-infinity-3-mid-gtx-black\/","title":{"rendered":"TCX Infinity 3 Mid GTX \u2013 Sort"},"content":{"rendered":"<p>Certificerede fire-s\u00e6sons motorcykelst\u00f8vler med Gore-Tex\u00ae Infinity 3 GTX vandt\u00e6t membran, designet til brug p\u00e5- og off-road, kombinerer eventyrverdenens funktionalitet og alsidighed med et nyt niveau af beskyttelse og komfort.<\/p>\n<p>De er perfekte til lange landevejsture og ture off-road. Overdelen, som kombinerer mikrofiber, splitl\u00e6der og slidst\u00e6rkt konstrueret stof, er kombineret med den vandt\u00e6tte, \u00e5ndbare Gore-Tex\u00ae Performance-membran, hvilket g\u00f8r Infinity 3 GTX-st\u00f8vler gode til alle \u00e5rstider og de h\u00e5rdeste vejrforhold. Det specielle skivefastg\u00f8relsessystem, der justerer sp\u00e6ndingen af den udvendige sn\u00f8re, er designet til at g\u00f8re det nemt at regulere pasformen i vrist- og skinnebensomr\u00e5det ned til millimeter.<\/p>\n<p>Det justerbare frontb\u00e5nd med velcro-panel fuldender fastg\u00f8relsessystemet. Den specielle Groundtrax\u00ae s\u00e5l er designet til at k\u00f8re i st\u00e5ende stilling p\u00e5 fodpindene og er kendetegnet ved en s\u00e6rlig stivhed, for at give den n\u00f8dvendige st\u00f8tte til fods\u00e5len. Slidbanem\u00f8nsteret og sammens\u00e6tningen er optimeret til maksimal ydeevne under alle forhold og p\u00e5 alle terr\u00e6ner. Forst\u00e6rkninger p\u00e5 t\u00e5en, gearomr\u00e5det, h\u00e6len, anklen og skinnebenet sikrer maksimal sikkerhed ved offroad-k\u00f8rsel.<\/p>\n<p>OrthoLite\u00ae inders\u00e5len for langvarig d\u00e6mpning og h\u00f8j \u00e5ndbarhed giver perfekt komfort selv efter l\u00e6ngere tids brug.<\/p>\n<ul>\n<li>Groundtrax\u00ae gummiyders\u00e5l med god tr\u00e6kkraft.<\/li>\n<li>Medial med varmeskjold.<\/li>\n<li>Ortholite fodseng med langvarig d\u00e6mpning.<\/li>\n<li>Ruskindsl\u00e6der<\/li>\n<\/ul>","protected":false},"excerpt":{"rendered":"<p>Certificerede motorcykelst\u00f8vler med Gore-Tex\u00ae Performance vandt\u00e6t membran. Maksimal beskyttelse og komfort p\u00e5 og terr\u00e6n i fire s\u00e6soner.<\/p>\n<ul>\n<li>Groundtrax\u00ae gummiyders\u00e5l med god tr\u00e6kkraft.<\/li>\n<li>Medial med varmeskjold.<\/li>\n<li>Ortholite fodseng med langvarig d\u00e6mpning.<\/li>\n<li>Ruskindsl\u00e6der<\/li>\n<\/ul>","protected":false},"featured_media":7131,"comment_status":"closed","ping_status":"closed","template":"","meta":{"_relevanssi_hide_post":"","_relevanssi_hide_content":"","_relevanssi_pin_for_all":"","_relevanssi_pin_keywords":"","_relevanssi_unpin_keywords":"","_relevanssi_related_keywords":"","_relevanssi_related_include_ids":"","_relevanssi_related_exclude_ids":"","_relevanssi_related_no_append":"","_relevanssi_related_not_related":"","_relevanssi_related_posts":"","_relevanssi_noindex_reason":""},"product_brand":[],"product_cat":[88,51,56],"product_tag":[],"woo-feed-brand":[],"class_list":{"0":"post-7119","1":"product","2":"type-product","3":"status-publish","4":"has-post-thumbnail","6":"product_cat-adventure-boots","7":"product_cat-boots","8":"product_cat-mc-clothing","10":"first","11":"instock","12":"taxable","13":"shipping-taxable","14":"purchasable","15":"product-type-variable"},"_links":{"self":[{"href":"https:\/\/www.cphmc.com\/da\/wp-json\/wp\/v2\/product\/7119","targetHints":{"allow":["GET"]}}],"collection":[{"href":"https:\/\/www.cphmc.com\/da\/wp-json\/wp\/v2\/product"}],"about":[{"href":"https:\/\/www.cphmc.com\/da\/wp-json\/wp\/v2\/types\/product"}],"replies":[{"embeddable":true,"href":"https:\/\/www.cphmc.com\/da\/wp-json\/wp\/v2\/comments?post=7119"}],"wp:featuredmedia":[{"embeddable":true,"href":"https:\/\/www.cphmc.com\/da\/wp-json\/wp\/v2\/media\/7131"}],"wp:attachment":[{"href":"https:\/\/www.cphmc.com\/da\/wp-json\/wp\/v2\/media?parent=7119"}],"wp:term":[{"taxonomy":"product_brand","embeddable":true,"href":"https:\/\/www.cphmc.com\/da\/wp-json\/wp\/v2\/product_brand?post=7119"},{"taxonomy":"product_cat","embeddable":true,"href":"https:\/\/www.cphmc.com\/da\/wp-json\/wp\/v2\/product_cat?post=7119"},{"taxonomy":"product_tag","embeddable":true,"href":"https:\/\/www.cphmc.com\/da\/wp-json\/wp\/v2\/product_tag?post=7119"},{"taxonomy":"woo-feed-brand","embeddable":true,"href":"https:\/\/www.cphmc.com\/da\/wp-json\/wp\/v2\/woo-feed-brand?post=7119"}],"curies":[{"name":"wp","href":"https:\/\/api.w.org\/{rel}","templated":true}]}}