{"id":7151,"date":"2022-12-12T14:02:15","date_gmt":"2022-12-12T13:02:15","guid":{"rendered":"https:\/\/www.cphmc.com\/?post_type=product&#038;p=7151"},"modified":"2023-06-14T13:02:43","modified_gmt":"2023-06-14T11:02:43","slug":"tcx-climatrek-surround-gtx-grey","status":"publish","type":"product","link":"https:\/\/www.cphmc.com\/da\/mc-clothing\/boots\/adventure-boots\/tcx-climatrek-surround-gtx-grey\/","title":{"rendered":"TCX Climatrek Surround GTX \u2013 Gr\u00e5"},"content":{"rendered":"<p>Certificerede motorcykelsko med Gore-Tex Surround\u00ae-teknologi, designet til at tilbyde beskyttelse, \u00e5ndbarhed, vandt\u00e6tning og komfort, n\u00e5r du g\u00e5r. GORE-TEX\u00ae Extended Comfort-teknologi. EVA st\u00f8dabsorberende mellems\u00e5l. Groundtrax\u00ae gummiyders\u00e5l til touring, let off road og walking, med god tr\u00e6kkraft.<\/p>\n<ul>\n<li>GORE-TEX\u00ae Extended Comfort-teknologi.<\/li>\n<li>EVA st\u00f8dabsorberende mellems\u00e5l.<\/li>\n<li>Groundtrax\u00ae gummiyders\u00e5l til touring, let off road og walking, med god tr\u00e6kkraft.<\/li>\n<\/ul>\n<p>&nbsp;<\/p>","protected":false},"excerpt":{"rendered":"<p>Certificerede motorcykelsko med Gore-Tex Surround\u00ae-teknologi, designet til at tilbyde beskyttelse, \u00e5ndbarhed, vandt\u00e6tning og komfort, n\u00e5r du g\u00e5r.<\/p>\n<ul>\n<li>GORE-TEX\u00ae Extended Comfort-teknologi.<\/li>\n<li>EVA st\u00f8dabsorberende mellems\u00e5l.<\/li>\n<li>Groundtrax\u00ae gummiyders\u00e5l til touring, let off road og walking, med god tr\u00e6kkraft.<\/li>\n<\/ul>","protected":false},"featured_media":7163,"comment_status":"closed","ping_status":"closed","template":"","meta":{"_relevanssi_hide_post":"","_relevanssi_hide_content":"","_relevanssi_pin_for_all":"","_relevanssi_pin_keywords":"","_relevanssi_unpin_keywords":"","_relevanssi_related_keywords":"","_relevanssi_related_include_ids":"","_relevanssi_related_exclude_ids":"","_relevanssi_related_no_append":"","_relevanssi_related_not_related":"","_relevanssi_related_posts":"","_relevanssi_noindex_reason":""},"product_brand":[],"product_cat":[88,51,56],"product_tag":[],"woo-feed-brand":[],"class_list":{"0":"post-7151","1":"product","2":"type-product","3":"status-publish","4":"has-post-thumbnail","6":"product_cat-adventure-boots","7":"product_cat-boots","8":"product_cat-mc-clothing","10":"first","11":"instock","12":"taxable","13":"shipping-taxable","14":"purchasable","15":"product-type-variable"},"_links":{"self":[{"href":"https:\/\/www.cphmc.com\/da\/wp-json\/wp\/v2\/product\/7151","targetHints":{"allow":["GET"]}}],"collection":[{"href":"https:\/\/www.cphmc.com\/da\/wp-json\/wp\/v2\/product"}],"about":[{"href":"https:\/\/www.cphmc.com\/da\/wp-json\/wp\/v2\/types\/product"}],"replies":[{"embeddable":true,"href":"https:\/\/www.cphmc.com\/da\/wp-json\/wp\/v2\/comments?post=7151"}],"wp:featuredmedia":[{"embeddable":true,"href":"https:\/\/www.cphmc.com\/da\/wp-json\/wp\/v2\/media\/7163"}],"wp:attachment":[{"href":"https:\/\/www.cphmc.com\/da\/wp-json\/wp\/v2\/media?parent=7151"}],"wp:term":[{"taxonomy":"product_brand","embeddable":true,"href":"https:\/\/www.cphmc.com\/da\/wp-json\/wp\/v2\/product_brand?post=7151"},{"taxonomy":"product_cat","embeddable":true,"href":"https:\/\/www.cphmc.com\/da\/wp-json\/wp\/v2\/product_cat?post=7151"},{"taxonomy":"product_tag","embeddable":true,"href":"https:\/\/www.cphmc.com\/da\/wp-json\/wp\/v2\/product_tag?post=7151"},{"taxonomy":"woo-feed-brand","embeddable":true,"href":"https:\/\/www.cphmc.com\/da\/wp-json\/wp\/v2\/woo-feed-brand?post=7151"}],"curies":[{"name":"wp","href":"https:\/\/api.w.org\/{rel}","templated":true}]}}