{"id":7202,"date":"2022-12-12T18:58:19","date_gmt":"2022-12-12T17:58:19","guid":{"rendered":"https:\/\/www.cphmc.com\/?post_type=product&#038;p=7202"},"modified":"2023-06-14T13:02:40","modified_gmt":"2023-06-14T11:02:40","slug":"tcx-r04d-wp-white","status":"publish","type":"product","link":"https:\/\/www.cphmc.com\/da\/mc-clothing\/boots\/urban-boots\/tcx-r04d-wp-white\/","title":{"rendered":"TCX R04D WP \u2013 Hvid"},"content":{"rendered":"<p>TCX R04D WP er vandt\u00e6tte motorcykelsko, der garanterer certificeret beskyttelse, alsidighed og komfort velegnet til langvarig brug. T-DRY vandt\u00e6tte membran sikrer perfekt beskyttelse mod vand og atmosf\u00e6riske stoffer, for perfekt komfortable f\u00f8dder under alle forhold.<\/p>\n<p>Mikrofiberoverdelen garanterer stor f\u00f8lsomhed til ridning og en pr\u00e6cis pasform. R04D WP er sn\u00f8ret, med gamacher og velcro til justering af kraveomr\u00e5det og, for maksimal sikkerhed, Bycast l\u00e6derh\u00e5ndtagsbeskyttelsen og det reflekterende element p\u00e5 ryggen. Beskyttelse sikres af D3O\u00ae-indl\u00e6ggene p\u00e5 anklen og forst\u00e6rkninger p\u00e5 t\u00e5-, h\u00e6l- og gearomr\u00e5det.<\/p>\n<p>TCX RO4D WP sko inkorporerer OrthoLite\u00ae inders\u00e5len for langvarig d\u00e6mpning og h\u00f8j \u00e5ndbarhed, Groundtrax\u00ae s\u00e5len lavet af slidst\u00e6rkt gummi, der sikrer maksimalt greb, f\u00f8lsomhed og komfort, der passer til en motorcykelsko, der skal bruges hele dagen, mens overdelen er lavet af mesh stof med hot melt bel\u00e6gning.<\/p>\n<ul>\n<li>Bycast skiftepude.<\/li>\n<li>Gamacher til opbevaring af sn\u00f8reb\u00e5ndene.<\/li>\n<li>Groundtrax\u00ae gummi yders\u00e5l.<\/li>\n<li>Mesh-overdel med hot melt-bel\u00e6gning.<\/li>\n<li>D3O ankelforst\u00e6rkning.<\/li>\n<\/ul>","protected":false},"excerpt":{"rendered":"<p>TCX R04D WP er vandt\u00e6tte motorcykelsko, der garanterer certificeret beskyttelse, alsidighed og komfort velegnet til langvarig brug.<\/p>\n<ul>\n<li>Bycast skiftepude.<\/li>\n<li>Gamacher til opbevaring af sn\u00f8reb\u00e5ndene.<\/li>\n<li>Groundtrax\u00ae gummi yders\u00e5l.<\/li>\n<li>Mesh-overdel med hot melt-bel\u00e6gning.<\/li>\n<li>D3O ankelforst\u00e6rkning.<\/li>\n<\/ul>","protected":false},"featured_media":7235,"comment_status":"closed","ping_status":"closed","template":"","meta":{"_relevanssi_hide_post":"","_relevanssi_hide_content":"","_relevanssi_pin_for_all":"","_relevanssi_pin_keywords":"","_relevanssi_unpin_keywords":"","_relevanssi_related_keywords":"","_relevanssi_related_include_ids":"","_relevanssi_related_exclude_ids":"","_relevanssi_related_no_append":"","_relevanssi_related_not_related":"","_relevanssi_related_posts":"","_relevanssi_noindex_reason":""},"product_brand":[],"product_cat":[86,51,56],"product_tag":[],"woo-feed-brand":[],"class_list":{"0":"post-7202","1":"product","2":"type-product","3":"status-publish","4":"has-post-thumbnail","6":"product_cat-urban-boots","7":"product_cat-boots","8":"product_cat-mc-clothing","10":"first","11":"instock","12":"taxable","13":"shipping-taxable","14":"purchasable","15":"product-type-variable"},"_links":{"self":[{"href":"https:\/\/www.cphmc.com\/da\/wp-json\/wp\/v2\/product\/7202","targetHints":{"allow":["GET"]}}],"collection":[{"href":"https:\/\/www.cphmc.com\/da\/wp-json\/wp\/v2\/product"}],"about":[{"href":"https:\/\/www.cphmc.com\/da\/wp-json\/wp\/v2\/types\/product"}],"replies":[{"embeddable":true,"href":"https:\/\/www.cphmc.com\/da\/wp-json\/wp\/v2\/comments?post=7202"}],"wp:featuredmedia":[{"embeddable":true,"href":"https:\/\/www.cphmc.com\/da\/wp-json\/wp\/v2\/media\/7235"}],"wp:attachment":[{"href":"https:\/\/www.cphmc.com\/da\/wp-json\/wp\/v2\/media?parent=7202"}],"wp:term":[{"taxonomy":"product_brand","embeddable":true,"href":"https:\/\/www.cphmc.com\/da\/wp-json\/wp\/v2\/product_brand?post=7202"},{"taxonomy":"product_cat","embeddable":true,"href":"https:\/\/www.cphmc.com\/da\/wp-json\/wp\/v2\/product_cat?post=7202"},{"taxonomy":"product_tag","embeddable":true,"href":"https:\/\/www.cphmc.com\/da\/wp-json\/wp\/v2\/product_tag?post=7202"},{"taxonomy":"woo-feed-brand","embeddable":true,"href":"https:\/\/www.cphmc.com\/da\/wp-json\/wp\/v2\/woo-feed-brand?post=7202"}],"curies":[{"name":"wp","href":"https:\/\/api.w.org\/{rel}","templated":true}]}}