{"id":7293,"date":"2022-12-12T19:44:16","date_gmt":"2022-12-12T18:44:16","guid":{"rendered":"https:\/\/www.cphmc.com\/?post_type=product&#038;p=7293"},"modified":"2023-06-14T13:02:35","modified_gmt":"2023-06-14T11:02:35","slug":"tcx-pulse-black","status":"publish","type":"product","link":"https:\/\/www.cphmc.com\/da\/mc-clothing\/boots\/urban-boots\/tcx-pulse-black\/","title":{"rendered":"TCX Pulse \u2013 Sort"},"content":{"rendered":"<p>De Pulse-certificerede motorcykelsko i ruskind har slidst\u00e6rke stofindsatser og er komfortable og alsidige, ideelle til hverdagsbrug og mellemdistancer. Forst\u00e6rkninger p\u00e5 ankel, t\u00e5 og h\u00e6l samt h\u00e5ndtagsbeskyttelsen i bycast l\u00e6der sikrer maksimal beskyttelse, mens gummislidbanen designet til at garantere et h\u00f8jt greb p\u00e5 enhver type terr\u00e6n giver optimal stabilitet og k\u00f8ref\u00f8lsomhed.<\/p>\n<p>Foret i Air Tech-materiale lavet af \u00e5ndbart mesh garanterer maksimal termisk komfort selv i den varmeste s\u00e6son, hvilket g\u00f8r PULSE-skoene ideelle til brug i mildere klimaer.<\/p>\n<p>OrthoLite\u00ae inders\u00e5len giver langtidsholdbar og yderst \u00e5ndbar d\u00e6mpning, hvilket g\u00f8r denne model yderst behagelig, mens sn\u00f8resystemet, forst\u00e6rket med en velcro-strop, giver mulighed for hurtig og funktionel fastg\u00f8relse.<\/p>\n<ul>\n<li>Bycast skiftepude.<\/li>\n<li>Slidst\u00e6rk gummiyders\u00e5l.<\/li>\n<li>Ruskindsl\u00e6der.<\/li>\n<li>Air Tech \u00e5ndbart meshfor.<\/li>\n<\/ul>","protected":false},"excerpt":{"rendered":"<p>Certificerede motorcykelsko i \u00e5ndbart ruskind. Garanterer maksimal beskyttelse og komfort.<\/p>\n<ul>\n<li>Bycast skiftepude.<\/li>\n<li>Slidst\u00e6rk gummiyders\u00e5l.<\/li>\n<li>Ruskindsl\u00e6der.<\/li>\n<li>Air Tech \u00e5ndbart meshfor.<\/li>\n<\/ul>","protected":false},"featured_media":7305,"comment_status":"closed","ping_status":"closed","template":"","meta":{"_relevanssi_hide_post":"","_relevanssi_hide_content":"","_relevanssi_pin_for_all":"","_relevanssi_pin_keywords":"","_relevanssi_unpin_keywords":"","_relevanssi_related_keywords":"","_relevanssi_related_include_ids":"","_relevanssi_related_exclude_ids":"","_relevanssi_related_no_append":"","_relevanssi_related_not_related":"","_relevanssi_related_posts":"","_relevanssi_noindex_reason":""},"product_brand":[],"product_cat":[86,51,56],"product_tag":[],"woo-feed-brand":[],"class_list":{"0":"post-7293","1":"product","2":"type-product","3":"status-publish","4":"has-post-thumbnail","6":"product_cat-urban-boots","7":"product_cat-boots","8":"product_cat-mc-clothing","10":"first","11":"instock","12":"taxable","13":"shipping-taxable","14":"purchasable","15":"product-type-variable"},"_links":{"self":[{"href":"https:\/\/www.cphmc.com\/da\/wp-json\/wp\/v2\/product\/7293","targetHints":{"allow":["GET"]}}],"collection":[{"href":"https:\/\/www.cphmc.com\/da\/wp-json\/wp\/v2\/product"}],"about":[{"href":"https:\/\/www.cphmc.com\/da\/wp-json\/wp\/v2\/types\/product"}],"replies":[{"embeddable":true,"href":"https:\/\/www.cphmc.com\/da\/wp-json\/wp\/v2\/comments?post=7293"}],"wp:featuredmedia":[{"embeddable":true,"href":"https:\/\/www.cphmc.com\/da\/wp-json\/wp\/v2\/media\/7305"}],"wp:attachment":[{"href":"https:\/\/www.cphmc.com\/da\/wp-json\/wp\/v2\/media?parent=7293"}],"wp:term":[{"taxonomy":"product_brand","embeddable":true,"href":"https:\/\/www.cphmc.com\/da\/wp-json\/wp\/v2\/product_brand?post=7293"},{"taxonomy":"product_cat","embeddable":true,"href":"https:\/\/www.cphmc.com\/da\/wp-json\/wp\/v2\/product_cat?post=7293"},{"taxonomy":"product_tag","embeddable":true,"href":"https:\/\/www.cphmc.com\/da\/wp-json\/wp\/v2\/product_tag?post=7293"},{"taxonomy":"woo-feed-brand","embeddable":true,"href":"https:\/\/www.cphmc.com\/da\/wp-json\/wp\/v2\/woo-feed-brand?post=7293"}],"curies":[{"name":"wp","href":"https:\/\/api.w.org\/{rel}","templated":true}]}}