{"id":7393,"date":"2022-12-12T20:21:40","date_gmt":"2022-12-12T19:21:40","guid":{"rendered":"https:\/\/www.cphmc.com\/?post_type=product&#038;p=7393"},"modified":"2023-06-14T13:02:30","modified_gmt":"2023-06-14T11:02:30","slug":"ikasu-lady-wp-black","status":"publish","type":"product","link":"https:\/\/www.cphmc.com\/da\/mc-clothing\/boots\/urban-boots\/ikasu-lady-wp-black\/","title":{"rendered":"Ikasu Lady WP \u2013 Sort"},"content":{"rendered":"<p>Fuldst\u00e6ndig vandt\u00e6t og \u00e5ndbar p\u00e5 grund af Gore-Tex\u00ae-membranen med Extended Comfort Footwear-teknologi, er Mood Gore-Tex\u00ae motorcykelskoene optimale til hverdagsbrug under alle vejrforhold.<\/p>\n<p>Disse st\u00f8vlers certificerede st\u00f8dbeskyttelse er sikret af forst\u00e6rkede indl\u00e6g p\u00e5 ankel, t\u00e5 og h\u00e6l, mens maksimal stabilitet og k\u00f8ref\u00f8lsomhed garanteres af den slidst\u00e6rke gummislidbane med et differentieret grebsdesign.<\/p>\n<p>Overdelen er lavet af fuldnarvet l\u00e6der, og de kan prale af et hurtigt og funktionelt st\u00f8vlel\u00e5sesystem inspireret af sneakers.<\/p>\n<ul>\n<li>Gore Tex membran.<\/li>\n<li>Overdel i fuldnarvet l\u00e6der.<\/li>\n<li>Slidst\u00e6rk gummiyders\u00e5l.<\/li>\n<li>Forst\u00e6rket t\u00e5- og h\u00e6lt\u00e6ller<\/li>\n<\/ul>","protected":false},"excerpt":{"rendered":"<p>Certificerede motorcykelsko med vandt\u00e6t og \u00e5ndbar Gore-Tex\u00ae membran. Kombiner maksimal beskyttelse med stor komfort, n\u00e5r du g\u00e5r og b\u00e6res hver dag.<\/p>\n<ul>\n<li>Gore Tex membran.<\/li>\n<li>Overdel i fuldnarvet l\u00e6der.<\/li>\n<li>Slidst\u00e6rk gummiyders\u00e5l.<\/li>\n<li>Forst\u00e6rket t\u00e5- og h\u00e6lt\u00e6ller<\/li>\n<\/ul>","protected":false},"featured_media":7416,"comment_status":"closed","ping_status":"closed","template":"","meta":{"_relevanssi_hide_post":"","_relevanssi_hide_content":"","_relevanssi_pin_for_all":"","_relevanssi_pin_keywords":"","_relevanssi_unpin_keywords":"","_relevanssi_related_keywords":"","_relevanssi_related_include_ids":"","_relevanssi_related_exclude_ids":"","_relevanssi_related_no_append":"","_relevanssi_related_not_related":"","_relevanssi_related_posts":"","_relevanssi_noindex_reason":""},"product_brand":[],"product_cat":[86,51,56],"product_tag":[],"woo-feed-brand":[],"class_list":{"0":"post-7393","1":"product","2":"type-product","3":"status-publish","4":"has-post-thumbnail","6":"product_cat-urban-boots","7":"product_cat-boots","8":"product_cat-mc-clothing","10":"first","11":"instock","12":"taxable","13":"shipping-taxable","14":"purchasable","15":"product-type-variable"},"_links":{"self":[{"href":"https:\/\/www.cphmc.com\/da\/wp-json\/wp\/v2\/product\/7393","targetHints":{"allow":["GET"]}}],"collection":[{"href":"https:\/\/www.cphmc.com\/da\/wp-json\/wp\/v2\/product"}],"about":[{"href":"https:\/\/www.cphmc.com\/da\/wp-json\/wp\/v2\/types\/product"}],"replies":[{"embeddable":true,"href":"https:\/\/www.cphmc.com\/da\/wp-json\/wp\/v2\/comments?post=7393"}],"wp:featuredmedia":[{"embeddable":true,"href":"https:\/\/www.cphmc.com\/da\/wp-json\/wp\/v2\/media\/7416"}],"wp:attachment":[{"href":"https:\/\/www.cphmc.com\/da\/wp-json\/wp\/v2\/media?parent=7393"}],"wp:term":[{"taxonomy":"product_brand","embeddable":true,"href":"https:\/\/www.cphmc.com\/da\/wp-json\/wp\/v2\/product_brand?post=7393"},{"taxonomy":"product_cat","embeddable":true,"href":"https:\/\/www.cphmc.com\/da\/wp-json\/wp\/v2\/product_cat?post=7393"},{"taxonomy":"product_tag","embeddable":true,"href":"https:\/\/www.cphmc.com\/da\/wp-json\/wp\/v2\/product_tag?post=7393"},{"taxonomy":"woo-feed-brand","embeddable":true,"href":"https:\/\/www.cphmc.com\/da\/wp-json\/wp\/v2\/woo-feed-brand?post=7393"}],"curies":[{"name":"wp","href":"https:\/\/api.w.org\/{rel}","templated":true}]}}