{"id":7424,"date":"2022-12-12T20:58:31","date_gmt":"2022-12-12T19:58:31","guid":{"rendered":"https:\/\/www.cphmc.com\/?post_type=product&#038;p=7424"},"modified":"2023-06-14T13:02:28","modified_gmt":"2023-06-14T11:02:28","slug":"airtech-3-gtx-black","status":"publish","type":"product","link":"https:\/\/www.cphmc.com\/da\/mc-clothing\/boots\/touring-boots\/airtech-3-gtx-black\/","title":{"rendered":"Airtech 3 GTX \u2013 Sort"},"content":{"rendered":"<p>Certificerede og vandt\u00e6tte turst\u00f8vler med Gore-Tex\u00ae-membran. Gore Tex Extended Comfort membran. \u00c5ndbart stof og mikrofiberoverdel. Optimeret til varmere klimaer. Groundtrax\u00ae gummi yders\u00e5l. Ortholite fodseng. Stretch mikroinjiceret indsats p\u00e5 siden<\/p>\n<ul>\n<li>Gore Tex membran.<\/li>\n<li>Overdel i fuldnarvet l\u00e6der.<\/li>\n<li>Slidst\u00e6rk gummiyders\u00e5l.<\/li>\n<li>Forst\u00e6rket t\u00e5- og h\u00e6lt\u00e6ller<\/li>\n<\/ul>","protected":false},"excerpt":{"rendered":"<p>Certificerede og vandt\u00e6tte turst\u00f8vler med Gore-Tex\u00ae-membran.<\/p>\n<ul>\n<li>Gore Tex Extended Comfort membran.<\/li>\n<li>Groundtrax\u00ae gummi yders\u00e5l.<\/li>\n<li>Ortholite fodseng.<\/li>\n<li>Stretch mikroinjiceret indsats p\u00e5 siden.<\/li>\n<\/ul>","protected":false},"featured_media":7438,"comment_status":"closed","ping_status":"closed","template":"","meta":{"_relevanssi_hide_post":"","_relevanssi_hide_content":"","_relevanssi_pin_for_all":"","_relevanssi_pin_keywords":"","_relevanssi_unpin_keywords":"","_relevanssi_related_keywords":"","_relevanssi_related_include_ids":"","_relevanssi_related_exclude_ids":"","_relevanssi_related_no_append":"","_relevanssi_related_not_related":"","_relevanssi_related_posts":"","_relevanssi_noindex_reason":""},"product_brand":[],"product_cat":[87,51,56],"product_tag":[],"woo-feed-brand":[],"class_list":{"0":"post-7424","1":"product","2":"type-product","3":"status-publish","4":"has-post-thumbnail","6":"product_cat-touring-boots","7":"product_cat-boots","8":"product_cat-mc-clothing","10":"first","11":"instock","12":"taxable","13":"shipping-taxable","14":"purchasable","15":"product-type-variable"},"_links":{"self":[{"href":"https:\/\/www.cphmc.com\/da\/wp-json\/wp\/v2\/product\/7424","targetHints":{"allow":["GET"]}}],"collection":[{"href":"https:\/\/www.cphmc.com\/da\/wp-json\/wp\/v2\/product"}],"about":[{"href":"https:\/\/www.cphmc.com\/da\/wp-json\/wp\/v2\/types\/product"}],"replies":[{"embeddable":true,"href":"https:\/\/www.cphmc.com\/da\/wp-json\/wp\/v2\/comments?post=7424"}],"wp:featuredmedia":[{"embeddable":true,"href":"https:\/\/www.cphmc.com\/da\/wp-json\/wp\/v2\/media\/7438"}],"wp:attachment":[{"href":"https:\/\/www.cphmc.com\/da\/wp-json\/wp\/v2\/media?parent=7424"}],"wp:term":[{"taxonomy":"product_brand","embeddable":true,"href":"https:\/\/www.cphmc.com\/da\/wp-json\/wp\/v2\/product_brand?post=7424"},{"taxonomy":"product_cat","embeddable":true,"href":"https:\/\/www.cphmc.com\/da\/wp-json\/wp\/v2\/product_cat?post=7424"},{"taxonomy":"product_tag","embeddable":true,"href":"https:\/\/www.cphmc.com\/da\/wp-json\/wp\/v2\/product_tag?post=7424"},{"taxonomy":"woo-feed-brand","embeddable":true,"href":"https:\/\/www.cphmc.com\/da\/wp-json\/wp\/v2\/woo-feed-brand?post=7424"}],"curies":[{"name":"wp","href":"https:\/\/api.w.org\/{rel}","templated":true}]}}