{"id":7460,"date":"2022-12-12T21:24:33","date_gmt":"2022-12-12T20:24:33","guid":{"rendered":"https:\/\/www.cphmc.com\/?post_type=product&#038;p=7460"},"modified":"2023-06-14T13:02:27","modified_gmt":"2023-06-14T11:02:27","slug":"street-3-wp-green","status":"publish","type":"product","link":"https:\/\/www.cphmc.com\/da\/mc-clothing\/boots\/urban-boots\/street-3-wp-green\/","title":{"rendered":"Street 3 WP \u2013 Gr\u00f8n"},"content":{"rendered":"<p>Street 3 WP er certificerede motorcykelsko skabt til at tilbyde den perfekte kombination af beskyttelse p\u00e5 sadlen og frihed til at g\u00e5 i hverdagssituationer. Overdelen er lavet af l\u00e6der, og T-DRY vandt\u00e6tte membranforing g\u00f8r, at den nye STREET 3 WP ikke har problemer med regn.<\/p>\n<p>Beskyttelse er garanteret af t\u00e5- og h\u00e6lforst\u00e6rkninger og D3O-indl\u00e6g p\u00e5 anklen. Dette patenterede materiale er bl\u00f8dt og fleksibelt, men designet til at stivne i tilf\u00e6lde af st\u00f8d. Et af n\u00f8glepunkterne, der giver en perfekt balance mellem beskyttelse og komfort p\u00e5 Street 3 WP-skoen, er den meget modstandsdygtige, men fleksible s\u00e5l, kendetegnet ved den specielle st\u00f8bte polymer Zplate\u00ae-indsats, som kombinerer tv\u00e6rg\u00e5ende stivhed for maksimal sikkerhed og langsg\u00e5ende fleksibilitet netop pga. til sin Z-form. Zplate\u00ae g\u00f8r det muligt for skoen at f\u00f8lge alle naturlige bev\u00e6gelser af foden b\u00e5de i sadlen og ved gang, men beskytter samtidig og forhindrer skoen i at blive knust i et st\u00f8d.<\/p>\n<p>Ortholite\u00ae inders\u00e5len er optimeret til at tilbyde fods\u00e5len langvarig d\u00e6mpning selv efter mange brug og bedre \u00e5ndbarhed under alle forhold. Groundtrax\u00ae-s\u00e5len har selvrensende slidbane og sammens\u00e6tning, der er specielt designet til at modst\u00e5 slid og kl\u00e6be bedre til betjeningselementerne p\u00e5 cyklen. De er fastgjort ved hj\u00e6lp af sn\u00f8reb\u00e5nd, med et skjult system, der vedtager et elastisk \u00f8je p\u00e5 pl\u00f8sen.<\/p>","protected":false},"excerpt":{"rendered":"<p>Street 3 WP er certificerede motorcykelsko skabt til at tilbyde den perfekte kombination af beskyttelse p\u00e5 sadlen og frihed til at g\u00e5 i hverdagssituationer.<\/p>\n<ul>\n<li>Overdel i ruskindsl\u00e6der.<\/li>\n<li>D3O ankelforst\u00e6rkninger.<\/li>\n<li>Elastik til opbevaring af sn\u00f8reb\u00e5ndene.<\/li>\n<li>Mellems\u00e5l med ZPLATE\u00ae skaft.<\/li>\n<li>Ortholite fodseng.<\/li>\n<\/ul>","protected":false},"featured_media":7474,"comment_status":"closed","ping_status":"closed","template":"","meta":{"_relevanssi_hide_post":"","_relevanssi_hide_content":"","_relevanssi_pin_for_all":"","_relevanssi_pin_keywords":"","_relevanssi_unpin_keywords":"","_relevanssi_related_keywords":"","_relevanssi_related_include_ids":"","_relevanssi_related_exclude_ids":"","_relevanssi_related_no_append":"","_relevanssi_related_not_related":"","_relevanssi_related_posts":"","_relevanssi_noindex_reason":""},"product_brand":[],"product_cat":[86,51,56],"product_tag":[],"woo-feed-brand":[],"class_list":{"0":"post-7460","1":"product","2":"type-product","3":"status-publish","4":"has-post-thumbnail","6":"product_cat-urban-boots","7":"product_cat-boots","8":"product_cat-mc-clothing","10":"first","11":"instock","12":"taxable","13":"shipping-taxable","14":"purchasable","15":"product-type-variable"},"_links":{"self":[{"href":"https:\/\/www.cphmc.com\/da\/wp-json\/wp\/v2\/product\/7460","targetHints":{"allow":["GET"]}}],"collection":[{"href":"https:\/\/www.cphmc.com\/da\/wp-json\/wp\/v2\/product"}],"about":[{"href":"https:\/\/www.cphmc.com\/da\/wp-json\/wp\/v2\/types\/product"}],"replies":[{"embeddable":true,"href":"https:\/\/www.cphmc.com\/da\/wp-json\/wp\/v2\/comments?post=7460"}],"wp:featuredmedia":[{"embeddable":true,"href":"https:\/\/www.cphmc.com\/da\/wp-json\/wp\/v2\/media\/7474"}],"wp:attachment":[{"href":"https:\/\/www.cphmc.com\/da\/wp-json\/wp\/v2\/media?parent=7460"}],"wp:term":[{"taxonomy":"product_brand","embeddable":true,"href":"https:\/\/www.cphmc.com\/da\/wp-json\/wp\/v2\/product_brand?post=7460"},{"taxonomy":"product_cat","embeddable":true,"href":"https:\/\/www.cphmc.com\/da\/wp-json\/wp\/v2\/product_cat?post=7460"},{"taxonomy":"product_tag","embeddable":true,"href":"https:\/\/www.cphmc.com\/da\/wp-json\/wp\/v2\/product_tag?post=7460"},{"taxonomy":"woo-feed-brand","embeddable":true,"href":"https:\/\/www.cphmc.com\/da\/wp-json\/wp\/v2\/woo-feed-brand?post=7460"}],"curies":[{"name":"wp","href":"https:\/\/api.w.org\/{rel}","templated":true}]}}