{"id":7513,"date":"2022-12-12T21:44:35","date_gmt":"2022-12-12T20:44:35","guid":{"rendered":"https:\/\/www.cphmc.com\/?post_type=product&#038;p=7513"},"modified":"2023-06-14T13:02:24","modified_gmt":"2023-06-14T11:02:24","slug":"dartwood-gtx-black","status":"publish","type":"product","link":"https:\/\/www.cphmc.com\/da\/mc-clothing\/boots\/urban-boots\/dartwood-gtx-black\/","title":{"rendered":"Dartwood GTX \u2013 Sort"},"content":{"rendered":"<p>Dartwood Gore-Tex\u00ae motorcykelskoene kombinerer maksimal k\u00f8re- og g\u00e5komfort med h\u00f8je niveauer af certificeret beskyttelse. Dartwood Gore-Tex\u00ae-skoene er b\u00e5de vandt\u00e6tte og \u00e5ndbare p\u00e5 grund af Gore-Tex\u00ae Extended Comfort-membranen. Overdelen er lavet af fuldnarvet l\u00e6der, og sikkerheden er garanteret af forst\u00e6rkninger p\u00e5 t\u00e5 og h\u00e6l og af ankelbeskyttelsesindl\u00e6g i D3O\u00ae, et materiale, der har evnen til at blive stift i tilf\u00e6lde af en kollision og dermed beskytte foden kun n\u00e5r det er n\u00f8dvendigt.<\/p>\n<p>Groundtrax\u00ae-s\u00e5len, lavet af slidst\u00e6rkt gummi, sikrer ogs\u00e5 sikkerhed, samt stabilitet selv p\u00e5 glat underlag, da dens s\u00e6rlige konstruktion med sekskantet slidbane giver bedre tr\u00e6kkraft. Maksimal beskyttelse er garanteret af den specielle Zplate\u00ae indsats i formst\u00f8bt polymer, som kombinerer tv\u00e6rg\u00e5ende stivhed for maksimal sikkerhed og langsg\u00e5ende fleksibilitet p\u00e5 grund af sin Z-form. Zplate\u00ae g\u00f8r det muligt for skoene at f\u00f8lge alle fodens naturlige bev\u00e6gelser, b\u00e5de n\u00e5r man rider og g\u00e5r, samtidig med at den beskytter den ved at sikre, at skoene ikke bliver knust i tilf\u00e6lde af st\u00f8d.<\/p>\n<p>OrthoLite\u00ae indl\u00e6gss\u00e5ler giver langvarig komfort p\u00e5 grund af b\u00e5de deres niveau af d\u00e6mpning og \u00e5ndbarhed. Det er nemt at fastg\u00f8re, takket v\u00e6re lynl\u00e5ssystemet i siden og sn\u00f8reb\u00e5ndene, som nemt kan ryddes v\u00e6k under det elastiske b\u00e5nd p\u00e5 pl\u00f8sen.<\/p>\n<ul>\n<li>Overdel i fuldnarvet l\u00e6der.<\/li>\n<li>Gore Tex Extended Comfort membran.<\/li>\n<li>D3O ankelforst\u00e6rkninger.<\/li>\n<li>Lukkes med sn\u00f8reb\u00e5nd og lynl\u00e5s i siden.<\/li>\n<li>Slidst\u00e6rk Groundtrax\u00ae yders\u00e5l i gummi.<\/li>\n<\/ul>","protected":false},"excerpt":{"rendered":"<p>Certificerede motorcykelsko med Zplate\u00ae-teknologi og vandt\u00e6t og \u00e5ndbar Gore-Tex\u00ae-membran. Tilbyder beskyttelse og komfort hver dag.<\/p>\n<ul>\n<li>Overdel i fuldnarvet l\u00e6der.<\/li>\n<li>Gore Tex Extended Comfort membran.<\/li>\n<li>D3O ankelforst\u00e6rkninger.<\/li>\n<li>Lukkes med sn\u00f8reb\u00e5nd og lynl\u00e5s i siden.<\/li>\n<li>Slidst\u00e6rk Groundtrax\u00ae yders\u00e5l i gummi.<\/li>\n<\/ul>","protected":false},"featured_media":7526,"comment_status":"closed","ping_status":"closed","template":"","meta":{"_relevanssi_hide_post":"","_relevanssi_hide_content":"","_relevanssi_pin_for_all":"","_relevanssi_pin_keywords":"","_relevanssi_unpin_keywords":"","_relevanssi_related_keywords":"","_relevanssi_related_include_ids":"","_relevanssi_related_exclude_ids":"","_relevanssi_related_no_append":"","_relevanssi_related_not_related":"","_relevanssi_related_posts":"","_relevanssi_noindex_reason":""},"product_brand":[],"product_cat":[86,51,56],"product_tag":[],"woo-feed-brand":[],"class_list":{"0":"post-7513","1":"product","2":"type-product","3":"status-publish","4":"has-post-thumbnail","6":"product_cat-urban-boots","7":"product_cat-boots","8":"product_cat-mc-clothing","10":"first","11":"instock","12":"taxable","13":"shipping-taxable","14":"purchasable","15":"product-type-variable"},"_links":{"self":[{"href":"https:\/\/www.cphmc.com\/da\/wp-json\/wp\/v2\/product\/7513","targetHints":{"allow":["GET"]}}],"collection":[{"href":"https:\/\/www.cphmc.com\/da\/wp-json\/wp\/v2\/product"}],"about":[{"href":"https:\/\/www.cphmc.com\/da\/wp-json\/wp\/v2\/types\/product"}],"replies":[{"embeddable":true,"href":"https:\/\/www.cphmc.com\/da\/wp-json\/wp\/v2\/comments?post=7513"}],"wp:featuredmedia":[{"embeddable":true,"href":"https:\/\/www.cphmc.com\/da\/wp-json\/wp\/v2\/media\/7526"}],"wp:attachment":[{"href":"https:\/\/www.cphmc.com\/da\/wp-json\/wp\/v2\/media?parent=7513"}],"wp:term":[{"taxonomy":"product_brand","embeddable":true,"href":"https:\/\/www.cphmc.com\/da\/wp-json\/wp\/v2\/product_brand?post=7513"},{"taxonomy":"product_cat","embeddable":true,"href":"https:\/\/www.cphmc.com\/da\/wp-json\/wp\/v2\/product_cat?post=7513"},{"taxonomy":"product_tag","embeddable":true,"href":"https:\/\/www.cphmc.com\/da\/wp-json\/wp\/v2\/product_tag?post=7513"},{"taxonomy":"woo-feed-brand","embeddable":true,"href":"https:\/\/www.cphmc.com\/da\/wp-json\/wp\/v2\/woo-feed-brand?post=7513"}],"curies":[{"name":"wp","href":"https:\/\/api.w.org\/{rel}","templated":true}]}}