{"id":7590,"date":"2022-12-15T11:10:17","date_gmt":"2022-12-15T10:10:17","guid":{"rendered":"https:\/\/www.cphmc.com\/?post_type=product&#038;p=7590"},"modified":"2024-04-26T11:59:55","modified_gmt":"2024-04-26T09:59:55","slug":"ls2-explorer-carbon","status":"publish","type":"product","link":"https:\/\/www.cphmc.com\/da\/mc-clothing\/helmets\/sports-helmets\/ls2-explorer-carbon\/","title":{"rendered":"LS2 Explorer Carbon"},"content":{"rendered":"<p>LS2 Explorer Carbon bringer state-of-the-art h\u00f8jtydende Carbon Fiber shell-teknologi. Tilbyder et overd\u00e5digt, teknisk stofinteri\u00f8r med 3D lasersk\u00e5ret kindpuder for h\u00f8j kilometerkomfort.<\/p>\n<p>Explorer Carbon har ultra-brede \u00f8jeporte for maksimalt udsyn og et drop-down solafsk\u00e6rmning. Toppen er designet med store porte for maksimal luftstr\u00f8m.<\/p>\n<p>Fuldt justerbar ventilation hj\u00e6lper med at bevare kontrollen over elementerne for at holde dig k\u00f8lig og komfortabel.<\/p>\n<ul>\n<li>Carbon skal. ECE 22.06 &amp; DOT certificeret.<\/li>\n<li>1450g +\/- 50g.<\/li>\n<li>Lang oval form.<\/li>\n<li>3 skalst\u00f8rrelser.<\/li>\n<li>Pinlock klar<\/li>\n<\/ul>","protected":false},"excerpt":{"rendered":"<p>LS2 Explorer Carbon bringer state-of-the-art h\u00f8jtydende Carbon Fiber shell-teknologi.<\/p>\n<ul>\n<li>Carbon skal. ECE 22.06 &amp; DOT certificeret.<\/li>\n<li>1450g +\/- 50g.<\/li>\n<li>Lang oval form.<\/li>\n<li>3 skalst\u00f8rrelser.<\/li>\n<li>Pinlock klar<\/li>\n<\/ul>","protected":false},"featured_media":7599,"comment_status":"closed","ping_status":"closed","template":"","meta":{"_relevanssi_hide_post":"","_relevanssi_hide_content":"","_relevanssi_pin_for_all":"","_relevanssi_pin_keywords":"","_relevanssi_unpin_keywords":"","_relevanssi_related_keywords":"","_relevanssi_related_include_ids":"","_relevanssi_related_exclude_ids":"","_relevanssi_related_no_append":"","_relevanssi_related_not_related":"","_relevanssi_related_posts":"","_relevanssi_noindex_reason":""},"product_brand":[],"product_cat":[83,81,50,56],"product_tag":[],"woo-feed-brand":[],"class_list":{"0":"post-7590","1":"product","2":"type-product","3":"status-publish","4":"has-post-thumbnail","6":"product_cat-sports-helmets","7":"product_cat-full-face-helmets","8":"product_cat-helmets","9":"product_cat-mc-clothing","11":"first","12":"instock","13":"taxable","14":"shipping-taxable","15":"purchasable","16":"product-type-variable"},"_links":{"self":[{"href":"https:\/\/www.cphmc.com\/da\/wp-json\/wp\/v2\/product\/7590","targetHints":{"allow":["GET"]}}],"collection":[{"href":"https:\/\/www.cphmc.com\/da\/wp-json\/wp\/v2\/product"}],"about":[{"href":"https:\/\/www.cphmc.com\/da\/wp-json\/wp\/v2\/types\/product"}],"replies":[{"embeddable":true,"href":"https:\/\/www.cphmc.com\/da\/wp-json\/wp\/v2\/comments?post=7590"}],"wp:featuredmedia":[{"embeddable":true,"href":"https:\/\/www.cphmc.com\/da\/wp-json\/wp\/v2\/media\/7599"}],"wp:attachment":[{"href":"https:\/\/www.cphmc.com\/da\/wp-json\/wp\/v2\/media?parent=7590"}],"wp:term":[{"taxonomy":"product_brand","embeddable":true,"href":"https:\/\/www.cphmc.com\/da\/wp-json\/wp\/v2\/product_brand?post=7590"},{"taxonomy":"product_cat","embeddable":true,"href":"https:\/\/www.cphmc.com\/da\/wp-json\/wp\/v2\/product_cat?post=7590"},{"taxonomy":"product_tag","embeddable":true,"href":"https:\/\/www.cphmc.com\/da\/wp-json\/wp\/v2\/product_tag?post=7590"},{"taxonomy":"woo-feed-brand","embeddable":true,"href":"https:\/\/www.cphmc.com\/da\/wp-json\/wp\/v2\/woo-feed-brand?post=7590"}],"curies":[{"name":"wp","href":"https:\/\/api.w.org\/{rel}","templated":true}]}}