{"id":7613,"date":"2022-12-15T15:26:24","date_gmt":"2022-12-15T14:26:24","guid":{"rendered":"https:\/\/www.cphmc.com\/?post_type=product&#038;p=7613"},"modified":"2022-12-15T15:27:48","modified_gmt":"2022-12-15T14:27:48","slug":"timing-kit","status":"publish","type":"product","link":"https:\/\/www.cphmc.com\/da\/mc-equipment\/tools\/workshop-tools\/timing-kit\/","title":{"rendered":"Timing Kit"},"content":{"rendered":"<ul>\n<li>S\u00e6ttet inkluderer en m\u00e5leur med forl\u00e6ngere og en 14 mm t\u00e6ndr\u00f8rsgevindadapter<\/li>\n<li>Designet til at rense rammer\u00f8r p\u00e5 de seneste vandk\u00f8lede modeller<\/li>\n<li>Tillader inspektion og justering af t\u00e6ndingstidspunkt<\/li>\n<li>M\u00e5leflade st\u00f8rrelse 11\/2&quot;<\/li>\n<\/ul>","protected":false},"excerpt":{"rendered":"<ul>\n<li>S\u00e6ttet inkluderer en m\u00e5leur med forl\u00e6ngere og en 14 mm t\u00e6ndr\u00f8rsgevindadapter<\/li>\n<li>Designet til at rense rammer\u00f8r p\u00e5 de seneste vandk\u00f8lede modeller<\/li>\n<li>Tillader inspektion og justering af t\u00e6ndingstidspunkt<\/li>\n<li>M\u00e5leflade st\u00f8rrelse 11\/2&quot;<\/li>\n<\/ul>","protected":false},"featured_media":7614,"comment_status":"closed","ping_status":"closed","template":"","meta":{"_relevanssi_hide_post":"","_relevanssi_hide_content":"","_relevanssi_pin_for_all":"","_relevanssi_pin_keywords":"","_relevanssi_unpin_keywords":"","_relevanssi_related_keywords":"","_relevanssi_related_include_ids":"","_relevanssi_related_exclude_ids":"","_relevanssi_related_no_append":"","_relevanssi_related_not_related":"","_relevanssi_related_posts":"","_relevanssi_noindex_reason":""},"product_brand":[],"product_cat":[121,57,65],"product_tag":[],"woo-feed-brand":[],"class_list":{"0":"post-7613","1":"product","2":"type-product","3":"status-publish","4":"has-post-thumbnail","6":"product_cat-workshop-tools","7":"product_cat-mc-equipment","8":"product_cat-tools","10":"first","11":"instock","12":"taxable","13":"shipping-taxable","14":"purchasable","15":"product-type-simple"},"_links":{"self":[{"href":"https:\/\/www.cphmc.com\/da\/wp-json\/wp\/v2\/product\/7613","targetHints":{"allow":["GET"]}}],"collection":[{"href":"https:\/\/www.cphmc.com\/da\/wp-json\/wp\/v2\/product"}],"about":[{"href":"https:\/\/www.cphmc.com\/da\/wp-json\/wp\/v2\/types\/product"}],"replies":[{"embeddable":true,"href":"https:\/\/www.cphmc.com\/da\/wp-json\/wp\/v2\/comments?post=7613"}],"wp:featuredmedia":[{"embeddable":true,"href":"https:\/\/www.cphmc.com\/da\/wp-json\/wp\/v2\/media\/7614"}],"wp:attachment":[{"href":"https:\/\/www.cphmc.com\/da\/wp-json\/wp\/v2\/media?parent=7613"}],"wp:term":[{"taxonomy":"product_brand","embeddable":true,"href":"https:\/\/www.cphmc.com\/da\/wp-json\/wp\/v2\/product_brand?post=7613"},{"taxonomy":"product_cat","embeddable":true,"href":"https:\/\/www.cphmc.com\/da\/wp-json\/wp\/v2\/product_cat?post=7613"},{"taxonomy":"product_tag","embeddable":true,"href":"https:\/\/www.cphmc.com\/da\/wp-json\/wp\/v2\/product_tag?post=7613"},{"taxonomy":"woo-feed-brand","embeddable":true,"href":"https:\/\/www.cphmc.com\/da\/wp-json\/wp\/v2\/woo-feed-brand?post=7613"}],"curies":[{"name":"wp","href":"https:\/\/api.w.org\/{rel}","templated":true}]}}