{"id":7618,"date":"2022-12-15T15:31:01","date_gmt":"2022-12-15T14:31:01","guid":{"rendered":"https:\/\/www.cphmc.com\/?post_type=product&#038;p=7618"},"modified":"2022-12-15T15:32:32","modified_gmt":"2022-12-15T14:32:32","slug":"professional-tire-pressure-gauge","status":"publish","type":"product","link":"https:\/\/www.cphmc.com\/da\/mc-equipment\/tools\/tire-tools\/professional-tire-pressure-gauge\/","title":{"rendered":"Professionel d\u00e6ktryksm\u00e5ler"},"content":{"rendered":"<ul>\n<li>S\u00e6ttet inkluderer en m\u00e5leur med forl\u00e6ngere og en 14 mm t\u00e6ndr\u00f8rsgevindadapter<\/li>\n<li>Designet til at rense rammer\u00f8r p\u00e5 de seneste vandk\u00f8lede modeller<\/li>\n<li>Tillader inspektion og justering af t\u00e6ndingstidspunkt<\/li>\n<li>M\u00e5leflade st\u00f8rrelse 11\/2&quot;<\/li>\n<\/ul>","protected":false},"excerpt":{"rendered":"<ul>\n<li>S\u00e6ttet inkluderer en m\u00e5leur med forl\u00e6ngere og en 14 mm t\u00e6ndr\u00f8rsgevindadapter<\/li>\n<li>Designet til at rense rammer\u00f8r p\u00e5 de seneste vandk\u00f8lede modeller<\/li>\n<li>Tillader inspektion og justering af t\u00e6ndingstidspunkt<\/li>\n<li>M\u00e5leflade st\u00f8rrelse 11\/2&quot;<\/li>\n<\/ul>","protected":false},"featured_media":7619,"comment_status":"closed","ping_status":"closed","template":"","meta":{"_relevanssi_hide_post":"","_relevanssi_hide_content":"","_relevanssi_pin_for_all":"","_relevanssi_pin_keywords":"","_relevanssi_unpin_keywords":"","_relevanssi_related_keywords":"","_relevanssi_related_include_ids":"","_relevanssi_related_exclude_ids":"","_relevanssi_related_no_append":"","_relevanssi_related_not_related":"","_relevanssi_related_posts":"","_relevanssi_noindex_reason":""},"product_brand":[],"product_cat":[120,57,65,121],"product_tag":[],"woo-feed-brand":[],"class_list":{"0":"post-7618","1":"product","2":"type-product","3":"status-publish","4":"has-post-thumbnail","6":"product_cat-tire-tools","7":"product_cat-mc-equipment","8":"product_cat-tools","9":"product_cat-workshop-tools","11":"first","12":"instock","13":"taxable","14":"shipping-taxable","15":"purchasable","16":"product-type-simple"},"_links":{"self":[{"href":"https:\/\/www.cphmc.com\/da\/wp-json\/wp\/v2\/product\/7618","targetHints":{"allow":["GET"]}}],"collection":[{"href":"https:\/\/www.cphmc.com\/da\/wp-json\/wp\/v2\/product"}],"about":[{"href":"https:\/\/www.cphmc.com\/da\/wp-json\/wp\/v2\/types\/product"}],"replies":[{"embeddable":true,"href":"https:\/\/www.cphmc.com\/da\/wp-json\/wp\/v2\/comments?post=7618"}],"wp:featuredmedia":[{"embeddable":true,"href":"https:\/\/www.cphmc.com\/da\/wp-json\/wp\/v2\/media\/7619"}],"wp:attachment":[{"href":"https:\/\/www.cphmc.com\/da\/wp-json\/wp\/v2\/media?parent=7618"}],"wp:term":[{"taxonomy":"product_brand","embeddable":true,"href":"https:\/\/www.cphmc.com\/da\/wp-json\/wp\/v2\/product_brand?post=7618"},{"taxonomy":"product_cat","embeddable":true,"href":"https:\/\/www.cphmc.com\/da\/wp-json\/wp\/v2\/product_cat?post=7618"},{"taxonomy":"product_tag","embeddable":true,"href":"https:\/\/www.cphmc.com\/da\/wp-json\/wp\/v2\/product_tag?post=7618"},{"taxonomy":"woo-feed-brand","embeddable":true,"href":"https:\/\/www.cphmc.com\/da\/wp-json\/wp\/v2\/woo-feed-brand?post=7618"}],"curies":[{"name":"wp","href":"https:\/\/api.w.org\/{rel}","templated":true}]}}